{"id":13335,"date":"2026-04-26T08:53:34","date_gmt":"2026-04-26T08:53:34","guid":{"rendered":""},"modified":"2026-04-26T08:53:34","modified_gmt":"2026-04-26T08:53:34","slug":"sloupek-prima-poplastovany-2250x48-mm-ral-6005-specialni-cena-13335","status":"publish","type":"product","link":"https:\/\/www.domtechnikpro.com\/produkt\/sloupek-prima-poplastovany-2250x48-mm-ral-6005-specialni-cena-13335\/","title":{"rendered":"Sloupek Prima poplastovan\u00fd 2250&#215;48\u00a0mm RAL\u00a06005 Speci\u00e1ln\u00ed Cena"},"content":{"rendered":"<div class=\"content-actual\">\n<p>Sou\u010d\u00e1st\u00ed ka\u017ed\u00e9ho plotov\u00e9ho sloupku je\u00a0plastov\u00fd klobou\u010dek\u00a0v barv\u011b zelen\u00e9 a jedna\u00a0zatloukac\u00ed\u00a0p\u0159\u00edchytka\u00a0nap\u00ednac\u00edho dr\u00e1tu s trnem.\u00a0\u00a0\u00a0<\/p>\n<\/p><\/div>\n<\/p><\/div>\n","protected":false},"excerpt":{"rendered":"<p>Sou\u010d\u00e1st\u00ed ka\u017ed\u00e9ho plotov\u00e9ho sloupku je\u00a0plastov\u00fd klobou\u010dek\u00a0v barv\u011b zelen\u00e9 a jedna\u00a0zatloukac\u00ed\u00a0p\u0159\u00edchytka\u00a0nap\u00ednac\u00edho dr\u00e1tu s trnem.\u00a0\u00a0\u00a0<\/p>\n","protected":false},"featured_media":13435,"comment_status":"open","ping_status":"open","template":"","meta":[],"product_brand":[],"product_cat":[77],"product_tag":[],"class_list":{"0":"post-13335","1":"product","2":"type-product","3":"status-publish","4":"has-post-thumbnail","6":"product_cat-dlazby-ploty-zahrada","8":"first","9":"instock","10":"sale","11":"shipping-taxable","12":"purchasable","13":"product-type-simple"},"yoast_head":"<!-- This site is optimized with the Yoast SEO plugin v26.8 - https:\/\/yoast.com\/product\/yoast-seo-wordpress\/ -->\n<title>Sloupek Prima poplastovan\u00fd 2250x48\u00a0mm RAL\u00a06005 Speci\u00e1ln\u00ed Cena - Pr\u016fmyslov\u00e9 vybaven\u00ed a p\u0159\u00edslu\u0161enstv\u00ed<\/title>\n<meta name=\"robots\" content=\"index, follow, max-snippet:-1, max-image-preview:large, max-video-preview:-1\" \/>\n<link rel=\"canonical\" href=\"https:\/\/www.domtechnikpro.com\/index.php\/produkt\/sloupek-prima-poplastovany-2250x48-mm-ral-6005-specialni-cena-13335\/\" \/>\n<meta property=\"og:locale\" content=\"cs_CZ\" \/>\n<meta property=\"og:type\" content=\"article\" \/>\n<meta property=\"og:title\" content=\"Sloupek Prima poplastovan\u00fd 2250x48\u00a0mm RAL\u00a06005 Speci\u00e1ln\u00ed Cena - Pr\u016fmyslov\u00e9 vybaven\u00ed a p\u0159\u00edslu\u0161enstv\u00ed\" \/>\n<meta property=\"og:description\" content=\"Sou\u010d\u00e1st\u00ed ka\u017ed\u00e9ho plotov\u00e9ho sloupku je\u00a0plastov\u00fd klobou\u010dek\u00a0v barv\u011b zelen\u00e9 a jedna\u00a0zatloukac\u00ed\u00a0p\u0159\u00edchytka\u00a0nap\u00ednac\u00edho dr\u00e1tu s trnem.\u00a0\u00a0\u00a0\" \/>\n<meta property=\"og:url\" content=\"https:\/\/www.domtechnikpro.com\/index.php\/produkt\/sloupek-prima-poplastovany-2250x48-mm-ral-6005-specialni-cena-13335\/\" \/>\n<meta property=\"og:site_name\" content=\"Pr\u016fmyslov\u00e9 vybaven\u00ed a p\u0159\u00edslu\u0161enstv\u00ed\" \/>\n<meta property=\"og:image\" content=\"https:\/\/www.domtechnikpro.com\/wp-content\/uploads\/2026\/SK0001606-CZ20260425-091842-0-1777079922-tablet-8595068452219.webp\" \/>\n\t<meta property=\"og:image:width\" content=\"700\" \/>\n\t<meta property=\"og:image:height\" content=\"700\" \/>\n\t<meta property=\"og:image:type\" content=\"image\/webp\" \/>\n<meta name=\"twitter:card\" content=\"summary_large_image\" \/>\n<script type=\"application\/ld+json\" class=\"yoast-schema-graph\">{\"@context\":\"https:\/\/schema.org\",\"@graph\":[{\"@type\":\"WebPage\",\"@id\":\"https:\/\/www.domtechnikpro.com\/index.php\/produkt\/sloupek-prima-poplastovany-2250x48-mm-ral-6005-specialni-cena-13335\/\",\"url\":\"https:\/\/www.domtechnikpro.com\/index.php\/produkt\/sloupek-prima-poplastovany-2250x48-mm-ral-6005-specialni-cena-13335\/\",\"name\":\"Sloupek Prima poplastovan\u00fd 2250x48\u00a0mm RAL\u00a06005 Speci\u00e1ln\u00ed Cena - Pr\u016fmyslov\u00e9 vybaven\u00ed a p\u0159\u00edslu\u0161enstv\u00ed\",\"isPartOf\":{\"@id\":\"https:\/\/www.domtechnikpro.com\/#website\"},\"primaryImageOfPage\":{\"@id\":\"https:\/\/www.domtechnikpro.com\/index.php\/produkt\/sloupek-prima-poplastovany-2250x48-mm-ral-6005-specialni-cena-13335\/#primaryimage\"},\"image\":{\"@id\":\"https:\/\/www.domtechnikpro.com\/index.php\/produkt\/sloupek-prima-poplastovany-2250x48-mm-ral-6005-specialni-cena-13335\/#primaryimage\"},\"thumbnailUrl\":\"https:\/\/www.domtechnikpro.com\/wp-content\/uploads\/2026\/SK0001606-CZ20260425-091842-0-1777079922-tablet-8595068452219.webp\",\"datePublished\":\"2026-04-26T08:53:34+00:00\",\"breadcrumb\":{\"@id\":\"https:\/\/www.domtechnikpro.com\/index.php\/produkt\/sloupek-prima-poplastovany-2250x48-mm-ral-6005-specialni-cena-13335\/#breadcrumb\"},\"inLanguage\":\"cs\",\"potentialAction\":[{\"@type\":\"ReadAction\",\"target\":[\"https:\/\/www.domtechnikpro.com\/index.php\/produkt\/sloupek-prima-poplastovany-2250x48-mm-ral-6005-specialni-cena-13335\/\"]}]},{\"@type\":\"ImageObject\",\"inLanguage\":\"cs\",\"@id\":\"https:\/\/www.domtechnikpro.com\/index.php\/produkt\/sloupek-prima-poplastovany-2250x48-mm-ral-6005-specialni-cena-13335\/#primaryimage\",\"url\":\"https:\/\/www.domtechnikpro.com\/wp-content\/uploads\/2026\/SK0001606-CZ20260425-091842-0-1777079922-tablet-8595068452219.webp\",\"contentUrl\":\"https:\/\/www.domtechnikpro.com\/wp-content\/uploads\/2026\/SK0001606-CZ20260425-091842-0-1777079922-tablet-8595068452219.webp\",\"width\":700,\"height\":700},{\"@type\":\"BreadcrumbList\",\"@id\":\"https:\/\/www.domtechnikpro.com\/index.php\/produkt\/sloupek-prima-poplastovany-2250x48-mm-ral-6005-specialni-cena-13335\/#breadcrumb\",\"itemListElement\":[{\"@type\":\"ListItem\",\"position\":1,\"name\":\"Home\",\"item\":\"https:\/\/www.domtechnikpro.com\/\"},{\"@type\":\"ListItem\",\"position\":2,\"name\":\"Products\",\"item\":\"https:\/\/www.domtechnikpro.com\/products\/\"},{\"@type\":\"ListItem\",\"position\":3,\"name\":\"Sloupek Prima poplastovan\u00fd 2250&#215;48\u00a0mm RAL\u00a06005 Speci\u00e1ln\u00ed Cena\"}]},{\"@type\":\"WebSite\",\"@id\":\"https:\/\/www.domtechnikpro.com\/#website\",\"url\":\"https:\/\/www.domtechnikpro.com\/\",\"name\":\"Pr\u016fmyslov\u00e9 vybaven\u00ed a p\u0159\u00edslu\u0161enstv\u00ed\",\"description\":\"Pr\u016fmyslov\u00e9 vybaven\u00ed a p\u0159\u00edslu\u0161enstv\u00ed\",\"publisher\":{\"@id\":\"https:\/\/www.domtechnikpro.com\/#organization\"},\"potentialAction\":[{\"@type\":\"SearchAction\",\"target\":{\"@type\":\"EntryPoint\",\"urlTemplate\":\"https:\/\/www.domtechnikpro.com\/?s={search_term_string}\"},\"query-input\":{\"@type\":\"PropertyValueSpecification\",\"valueRequired\":true,\"valueName\":\"search_term_string\"}}],\"inLanguage\":\"cs\"},{\"@type\":\"Organization\",\"@id\":\"https:\/\/www.domtechnikpro.com\/#organization\",\"name\":\"Pr\u016fmyslov\u00e9 vybaven\u00ed a p\u0159\u00edslu\u0161enstv\u00ed\",\"url\":\"https:\/\/www.domtechnikpro.com\/\",\"logo\":{\"@type\":\"ImageObject\",\"inLanguage\":\"cs\",\"@id\":\"https:\/\/www.domtechnikpro.com\/#\/schema\/logo\/image\/\",\"url\":\"https:\/\/www.domtechnikpro.com\/wp-content\/uploads\/2026\/04\/domtechnikpro_logo_full.svg\",\"contentUrl\":\"https:\/\/www.domtechnikpro.com\/wp-content\/uploads\/2026\/04\/domtechnikpro_logo_full.svg\",\"width\":920,\"height\":180,\"caption\":\"Pr\u016fmyslov\u00e9 vybaven\u00ed a p\u0159\u00edslu\u0161enstv\u00ed\"},\"image\":{\"@id\":\"https:\/\/www.domtechnikpro.com\/#\/schema\/logo\/image\/\"}}]}<\/script>\n<!-- \/ Yoast SEO plugin. -->","yoast_head_json":{"title":"Sloupek Prima poplastovan\u00fd 2250x48\u00a0mm RAL\u00a06005 Speci\u00e1ln\u00ed Cena - Pr\u016fmyslov\u00e9 vybaven\u00ed a p\u0159\u00edslu\u0161enstv\u00ed","robots":{"index":"index","follow":"follow","max-snippet":"max-snippet:-1","max-image-preview":"max-image-preview:large","max-video-preview":"max-video-preview:-1"},"canonical":"https:\/\/www.domtechnikpro.com\/index.php\/produkt\/sloupek-prima-poplastovany-2250x48-mm-ral-6005-specialni-cena-13335\/","og_locale":"cs_CZ","og_type":"article","og_title":"Sloupek Prima poplastovan\u00fd 2250x48\u00a0mm RAL\u00a06005 Speci\u00e1ln\u00ed Cena - Pr\u016fmyslov\u00e9 vybaven\u00ed a p\u0159\u00edslu\u0161enstv\u00ed","og_description":"Sou\u010d\u00e1st\u00ed ka\u017ed\u00e9ho plotov\u00e9ho sloupku je\u00a0plastov\u00fd klobou\u010dek\u00a0v barv\u011b zelen\u00e9 a jedna\u00a0zatloukac\u00ed\u00a0p\u0159\u00edchytka\u00a0nap\u00ednac\u00edho dr\u00e1tu s trnem.\u00a0\u00a0\u00a0","og_url":"https:\/\/www.domtechnikpro.com\/index.php\/produkt\/sloupek-prima-poplastovany-2250x48-mm-ral-6005-specialni-cena-13335\/","og_site_name":"Pr\u016fmyslov\u00e9 vybaven\u00ed a p\u0159\u00edslu\u0161enstv\u00ed","og_image":[{"width":700,"height":700,"url":"https:\/\/www.domtechnikpro.com\/wp-content\/uploads\/2026\/SK0001606-CZ20260425-091842-0-1777079922-tablet-8595068452219.webp","type":"image\/webp"}],"twitter_card":"summary_large_image","schema":{"@context":"https:\/\/schema.org","@graph":[{"@type":"WebPage","@id":"https:\/\/www.domtechnikpro.com\/index.php\/produkt\/sloupek-prima-poplastovany-2250x48-mm-ral-6005-specialni-cena-13335\/","url":"https:\/\/www.domtechnikpro.com\/index.php\/produkt\/sloupek-prima-poplastovany-2250x48-mm-ral-6005-specialni-cena-13335\/","name":"Sloupek Prima poplastovan\u00fd 2250x48\u00a0mm RAL\u00a06005 Speci\u00e1ln\u00ed Cena - Pr\u016fmyslov\u00e9 vybaven\u00ed a p\u0159\u00edslu\u0161enstv\u00ed","isPartOf":{"@id":"https:\/\/www.domtechnikpro.com\/#website"},"primaryImageOfPage":{"@id":"https:\/\/www.domtechnikpro.com\/index.php\/produkt\/sloupek-prima-poplastovany-2250x48-mm-ral-6005-specialni-cena-13335\/#primaryimage"},"image":{"@id":"https:\/\/www.domtechnikpro.com\/index.php\/produkt\/sloupek-prima-poplastovany-2250x48-mm-ral-6005-specialni-cena-13335\/#primaryimage"},"thumbnailUrl":"https:\/\/www.domtechnikpro.com\/wp-content\/uploads\/2026\/SK0001606-CZ20260425-091842-0-1777079922-tablet-8595068452219.webp","datePublished":"2026-04-26T08:53:34+00:00","breadcrumb":{"@id":"https:\/\/www.domtechnikpro.com\/index.php\/produkt\/sloupek-prima-poplastovany-2250x48-mm-ral-6005-specialni-cena-13335\/#breadcrumb"},"inLanguage":"cs","potentialAction":[{"@type":"ReadAction","target":["https:\/\/www.domtechnikpro.com\/index.php\/produkt\/sloupek-prima-poplastovany-2250x48-mm-ral-6005-specialni-cena-13335\/"]}]},{"@type":"ImageObject","inLanguage":"cs","@id":"https:\/\/www.domtechnikpro.com\/index.php\/produkt\/sloupek-prima-poplastovany-2250x48-mm-ral-6005-specialni-cena-13335\/#primaryimage","url":"https:\/\/www.domtechnikpro.com\/wp-content\/uploads\/2026\/SK0001606-CZ20260425-091842-0-1777079922-tablet-8595068452219.webp","contentUrl":"https:\/\/www.domtechnikpro.com\/wp-content\/uploads\/2026\/SK0001606-CZ20260425-091842-0-1777079922-tablet-8595068452219.webp","width":700,"height":700},{"@type":"BreadcrumbList","@id":"https:\/\/www.domtechnikpro.com\/index.php\/produkt\/sloupek-prima-poplastovany-2250x48-mm-ral-6005-specialni-cena-13335\/#breadcrumb","itemListElement":[{"@type":"ListItem","position":1,"name":"Home","item":"https:\/\/www.domtechnikpro.com\/"},{"@type":"ListItem","position":2,"name":"Products","item":"https:\/\/www.domtechnikpro.com\/products\/"},{"@type":"ListItem","position":3,"name":"Sloupek Prima poplastovan\u00fd 2250&#215;48\u00a0mm RAL\u00a06005 Speci\u00e1ln\u00ed Cena"}]},{"@type":"WebSite","@id":"https:\/\/www.domtechnikpro.com\/#website","url":"https:\/\/www.domtechnikpro.com\/","name":"Pr\u016fmyslov\u00e9 vybaven\u00ed a p\u0159\u00edslu\u0161enstv\u00ed","description":"Pr\u016fmyslov\u00e9 vybaven\u00ed a p\u0159\u00edslu\u0161enstv\u00ed","publisher":{"@id":"https:\/\/www.domtechnikpro.com\/#organization"},"potentialAction":[{"@type":"SearchAction","target":{"@type":"EntryPoint","urlTemplate":"https:\/\/www.domtechnikpro.com\/?s={search_term_string}"},"query-input":{"@type":"PropertyValueSpecification","valueRequired":true,"valueName":"search_term_string"}}],"inLanguage":"cs"},{"@type":"Organization","@id":"https:\/\/www.domtechnikpro.com\/#organization","name":"Pr\u016fmyslov\u00e9 vybaven\u00ed a p\u0159\u00edslu\u0161enstv\u00ed","url":"https:\/\/www.domtechnikpro.com\/","logo":{"@type":"ImageObject","inLanguage":"cs","@id":"https:\/\/www.domtechnikpro.com\/#\/schema\/logo\/image\/","url":"https:\/\/www.domtechnikpro.com\/wp-content\/uploads\/2026\/04\/domtechnikpro_logo_full.svg","contentUrl":"https:\/\/www.domtechnikpro.com\/wp-content\/uploads\/2026\/04\/domtechnikpro_logo_full.svg","width":920,"height":180,"caption":"Pr\u016fmyslov\u00e9 vybaven\u00ed a p\u0159\u00edslu\u0161enstv\u00ed"},"image":{"@id":"https:\/\/www.domtechnikpro.com\/#\/schema\/logo\/image\/"}}]}},"_links":{"self":[{"href":"https:\/\/www.domtechnikpro.com\/wp-json\/wp\/v2\/product\/13335","targetHints":{"allow":["GET"]}}],"collection":[{"href":"https:\/\/www.domtechnikpro.com\/wp-json\/wp\/v2\/product"}],"about":[{"href":"https:\/\/www.domtechnikpro.com\/wp-json\/wp\/v2\/types\/product"}],"replies":[{"embeddable":true,"href":"https:\/\/www.domtechnikpro.com\/wp-json\/wp\/v2\/comments?post=13335"}],"wp:featuredmedia":[{"embeddable":true,"href":"https:\/\/www.domtechnikpro.com\/wp-json\/wp\/v2\/media\/13435"}],"wp:attachment":[{"href":"https:\/\/www.domtechnikpro.com\/wp-json\/wp\/v2\/media?parent=13335"}],"wp:term":[{"taxonomy":"product_brand","embeddable":true,"href":"https:\/\/www.domtechnikpro.com\/wp-json\/wp\/v2\/product_brand?post=13335"},{"taxonomy":"product_cat","embeddable":true,"href":"https:\/\/www.domtechnikpro.com\/wp-json\/wp\/v2\/product_cat?post=13335"},{"taxonomy":"product_tag","embeddable":true,"href":"https:\/\/www.domtechnikpro.com\/wp-json\/wp\/v2\/product_tag?post=13335"}],"curies":[{"name":"wp","href":"https:\/\/api.w.org\/{rel}","templated":true}]}}