{"id":13152,"date":"2026-04-26T08:53:32","date_gmt":"2026-04-26T08:53:32","guid":{"rendered":""},"modified":"2026-04-26T08:53:32","modified_gmt":"2026-04-26T08:53:32","slug":"autenticky-deska-cementotriskova-cetris-basic-18x1250x3350-mm-13152","status":"publish","type":"product","link":"https:\/\/www.domtechnikpro.com\/index.php\/produkt\/autenticky-deska-cementotriskova-cetris-basic-18x1250x3350-mm-13152\/","title":{"rendered":"Autentick\u00fd Deska cementot\u0159\u00edskov\u00e1 Cetris Basic 18x1250x3350\u00a0mm"},"content":{"rendered":"<div class=\"content-actual\">\n<p>Desky slu\u010duj\u00ed v\u00fdhodn\u00e9 vlastnosti cementu a d\u0159eva. Jsou leh\u010d\u00ed ne\u017e tradi\u010dn\u00ed cementovl\u00e1knit\u00e9 desky, jejich pevnost a odolnost proti pov\u011btrnostn\u00edm vliv\u016fm, mrazu a pl\u00edsn\u00edm je \u0159ad\u00ed p\u0159ed \u0161t\u011bpkocementov\u00e9 nebo s\u00e1drokartonov\u00e9 desky. Jsou neho\u0159lav\u00e9, mrazuvzdorn\u00e9, ekologick\u00e9 a hygienicky nez\u00e1vadn\u00e9. D\u00edky odolnosti desek CETRIS<sup class=\"reg\">\u00ae<\/sup> proti vlhkosti jsou vhodn\u00e9 pro vlhk\u00e1 prost\u0159ed\u00ed i exteri\u00e9r, na povchu desek se netvo\u0159\u00ed pl\u00edsn\u011b.<\/p>\n<\/p><\/div>\n<\/p><\/div>\n","protected":false},"excerpt":{"rendered":"<p>Desky slu\u010duj\u00ed v\u00fdhodn\u00e9 vlastnosti cementu a d\u0159eva. Jsou leh\u010d\u00ed ne\u017e tradi\u010dn\u00ed cementovl\u00e1knit\u00e9 desky, jejich pevnost a odolnost proti pov\u011btrnostn\u00edm vliv\u016fm, mrazu a pl\u00edsn\u00edm je \u0159ad\u00ed p\u0159ed \u0161t\u011bpkocementov\u00e9 nebo s\u00e1drokartonov\u00e9 desky. Jsou neho\u0159lav\u00e9, mrazuvzdorn\u00e9, ekologick\u00e9 a hygienicky nez\u00e1vadn\u00e9. D\u00edky odolnosti desek CETRIS\u00ae proti vlhkosti jsou vhodn\u00e9 pro vlhk\u00e1 prost\u0159ed\u00ed i exteri\u00e9r, na povchu desek se netvo\u0159\u00ed [&hellip;]<\/p>\n","protected":false},"featured_media":13252,"comment_status":"open","ping_status":"open","template":"","meta":[],"product_brand":[],"product_cat":[68],"product_tag":[],"class_list":{"0":"post-13152","1":"product","2":"type-product","3":"status-publish","4":"has-post-thumbnail","6":"product_cat-sucha-vystavba","8":"first","9":"instock","10":"sale","11":"shipping-taxable","12":"purchasable","13":"product-type-simple"},"yoast_head":"<!-- This site is optimized with the Yoast SEO plugin v26.8 - https:\/\/yoast.com\/product\/yoast-seo-wordpress\/ -->\n<title>Autentick\u00fd Deska cementot\u0159\u00edskov\u00e1 Cetris Basic 18x1250x3350\u00a0mm -<\/title>\n<meta name=\"robots\" content=\"index, follow, max-snippet:-1, max-image-preview:large, max-video-preview:-1\" \/>\n<link rel=\"canonical\" href=\"https:\/\/www.domtechnikpro.com\/index.php\/produkt\/autenticky-deska-cementotriskova-cetris-basic-18x1250x3350-mm-13152\/\" \/>\n<meta property=\"og:locale\" content=\"cs_CZ\" \/>\n<meta property=\"og:type\" content=\"article\" \/>\n<meta property=\"og:title\" content=\"Autentick\u00fd Deska cementot\u0159\u00edskov\u00e1 Cetris Basic 18x1250x3350\u00a0mm -\" \/>\n<meta property=\"og:description\" content=\"Desky slu\u010duj\u00ed v\u00fdhodn\u00e9 vlastnosti cementu a d\u0159eva. Jsou leh\u010d\u00ed ne\u017e tradi\u010dn\u00ed cementovl\u00e1knit\u00e9 desky, jejich pevnost a odolnost proti pov\u011btrnostn\u00edm vliv\u016fm, mrazu a pl\u00edsn\u00edm je \u0159ad\u00ed p\u0159ed \u0161t\u011bpkocementov\u00e9 nebo s\u00e1drokartonov\u00e9 desky. Jsou neho\u0159lav\u00e9, mrazuvzdorn\u00e9, ekologick\u00e9 a hygienicky nez\u00e1vadn\u00e9. D\u00edky odolnosti desek CETRIS\u00ae proti vlhkosti jsou vhodn\u00e9 pro vlhk\u00e1 prost\u0159ed\u00ed i exteri\u00e9r, na povchu desek se netvo\u0159\u00ed [&hellip;]\" \/>\n<meta property=\"og:url\" content=\"https:\/\/www.domtechnikpro.com\/index.php\/produkt\/autenticky-deska-cementotriskova-cetris-basic-18x1250x3350-mm-13152\/\" \/>\n<meta property=\"og:image\" content=\"https:\/\/www.domtechnikpro.com\/wp-content\/uploads\/2026\/SK0001523-CZ20260425-091842-0-1777079922-tablet-cetris.webp\" \/>\n\t<meta property=\"og:image:width\" content=\"801\" \/>\n\t<meta property=\"og:image:height\" content=\"555\" \/>\n\t<meta property=\"og:image:type\" content=\"image\/webp\" \/>\n<meta name=\"twitter:card\" content=\"summary_large_image\" \/>\n<script type=\"application\/ld+json\" class=\"yoast-schema-graph\">{\"@context\":\"https:\/\/schema.org\",\"@graph\":[{\"@type\":\"WebPage\",\"@id\":\"https:\/\/www.domtechnikpro.com\/index.php\/produkt\/autenticky-deska-cementotriskova-cetris-basic-18x1250x3350-mm-13152\/\",\"url\":\"https:\/\/www.domtechnikpro.com\/index.php\/produkt\/autenticky-deska-cementotriskova-cetris-basic-18x1250x3350-mm-13152\/\",\"name\":\"Autentick\u00fd Deska cementot\u0159\u00edskov\u00e1 Cetris Basic 18x1250x3350\u00a0mm -\",\"isPartOf\":{\"@id\":\"https:\/\/www.domtechnikpro.com\/#website\"},\"primaryImageOfPage\":{\"@id\":\"https:\/\/www.domtechnikpro.com\/index.php\/produkt\/autenticky-deska-cementotriskova-cetris-basic-18x1250x3350-mm-13152\/#primaryimage\"},\"image\":{\"@id\":\"https:\/\/www.domtechnikpro.com\/index.php\/produkt\/autenticky-deska-cementotriskova-cetris-basic-18x1250x3350-mm-13152\/#primaryimage\"},\"thumbnailUrl\":\"https:\/\/www.domtechnikpro.com\/wp-content\/uploads\/2026\/SK0001523-CZ20260425-091842-0-1777079922-tablet-cetris.webp\",\"datePublished\":\"2026-04-26T08:53:32+00:00\",\"breadcrumb\":{\"@id\":\"https:\/\/www.domtechnikpro.com\/index.php\/produkt\/autenticky-deska-cementotriskova-cetris-basic-18x1250x3350-mm-13152\/#breadcrumb\"},\"inLanguage\":\"cs\",\"potentialAction\":[{\"@type\":\"ReadAction\",\"target\":[\"https:\/\/www.domtechnikpro.com\/index.php\/produkt\/autenticky-deska-cementotriskova-cetris-basic-18x1250x3350-mm-13152\/\"]}]},{\"@type\":\"ImageObject\",\"inLanguage\":\"cs\",\"@id\":\"https:\/\/www.domtechnikpro.com\/index.php\/produkt\/autenticky-deska-cementotriskova-cetris-basic-18x1250x3350-mm-13152\/#primaryimage\",\"url\":\"https:\/\/www.domtechnikpro.com\/wp-content\/uploads\/2026\/SK0001523-CZ20260425-091842-0-1777079922-tablet-cetris.webp\",\"contentUrl\":\"https:\/\/www.domtechnikpro.com\/wp-content\/uploads\/2026\/SK0001523-CZ20260425-091842-0-1777079922-tablet-cetris.webp\",\"width\":801,\"height\":555},{\"@type\":\"BreadcrumbList\",\"@id\":\"https:\/\/www.domtechnikpro.com\/index.php\/produkt\/autenticky-deska-cementotriskova-cetris-basic-18x1250x3350-mm-13152\/#breadcrumb\",\"itemListElement\":[{\"@type\":\"ListItem\",\"position\":1,\"name\":\"Home\",\"item\":\"https:\/\/www.domtechnikpro.com\/\"},{\"@type\":\"ListItem\",\"position\":2,\"name\":\"Products\",\"item\":\"https:\/\/www.domtechnikpro.com\/index.php\/products\/\"},{\"@type\":\"ListItem\",\"position\":3,\"name\":\"Autentick\u00fd Deska cementot\u0159\u00edskov\u00e1 Cetris Basic 18x1250x3350\u00a0mm\"}]},{\"@type\":\"WebSite\",\"@id\":\"https:\/\/www.domtechnikpro.com\/#website\",\"url\":\"https:\/\/www.domtechnikpro.com\/\",\"name\":\"\",\"description\":\"\",\"potentialAction\":[{\"@type\":\"SearchAction\",\"target\":{\"@type\":\"EntryPoint\",\"urlTemplate\":\"https:\/\/www.domtechnikpro.com\/?s={search_term_string}\"},\"query-input\":{\"@type\":\"PropertyValueSpecification\",\"valueRequired\":true,\"valueName\":\"search_term_string\"}}],\"inLanguage\":\"cs\"}]}<\/script>\n<!-- \/ Yoast SEO plugin. -->","yoast_head_json":{"title":"Autentick\u00fd Deska cementot\u0159\u00edskov\u00e1 Cetris Basic 18x1250x3350\u00a0mm -","robots":{"index":"index","follow":"follow","max-snippet":"max-snippet:-1","max-image-preview":"max-image-preview:large","max-video-preview":"max-video-preview:-1"},"canonical":"https:\/\/www.domtechnikpro.com\/index.php\/produkt\/autenticky-deska-cementotriskova-cetris-basic-18x1250x3350-mm-13152\/","og_locale":"cs_CZ","og_type":"article","og_title":"Autentick\u00fd Deska cementot\u0159\u00edskov\u00e1 Cetris Basic 18x1250x3350\u00a0mm -","og_description":"Desky slu\u010duj\u00ed v\u00fdhodn\u00e9 vlastnosti cementu a d\u0159eva. Jsou leh\u010d\u00ed ne\u017e tradi\u010dn\u00ed cementovl\u00e1knit\u00e9 desky, jejich pevnost a odolnost proti pov\u011btrnostn\u00edm vliv\u016fm, mrazu a pl\u00edsn\u00edm je \u0159ad\u00ed p\u0159ed \u0161t\u011bpkocementov\u00e9 nebo s\u00e1drokartonov\u00e9 desky. Jsou neho\u0159lav\u00e9, mrazuvzdorn\u00e9, ekologick\u00e9 a hygienicky nez\u00e1vadn\u00e9. D\u00edky odolnosti desek CETRIS\u00ae proti vlhkosti jsou vhodn\u00e9 pro vlhk\u00e1 prost\u0159ed\u00ed i exteri\u00e9r, na povchu desek se netvo\u0159\u00ed [&hellip;]","og_url":"https:\/\/www.domtechnikpro.com\/index.php\/produkt\/autenticky-deska-cementotriskova-cetris-basic-18x1250x3350-mm-13152\/","og_image":[{"width":801,"height":555,"url":"https:\/\/www.domtechnikpro.com\/wp-content\/uploads\/2026\/SK0001523-CZ20260425-091842-0-1777079922-tablet-cetris.webp","type":"image\/webp"}],"twitter_card":"summary_large_image","schema":{"@context":"https:\/\/schema.org","@graph":[{"@type":"WebPage","@id":"https:\/\/www.domtechnikpro.com\/index.php\/produkt\/autenticky-deska-cementotriskova-cetris-basic-18x1250x3350-mm-13152\/","url":"https:\/\/www.domtechnikpro.com\/index.php\/produkt\/autenticky-deska-cementotriskova-cetris-basic-18x1250x3350-mm-13152\/","name":"Autentick\u00fd Deska cementot\u0159\u00edskov\u00e1 Cetris Basic 18x1250x3350\u00a0mm -","isPartOf":{"@id":"https:\/\/www.domtechnikpro.com\/#website"},"primaryImageOfPage":{"@id":"https:\/\/www.domtechnikpro.com\/index.php\/produkt\/autenticky-deska-cementotriskova-cetris-basic-18x1250x3350-mm-13152\/#primaryimage"},"image":{"@id":"https:\/\/www.domtechnikpro.com\/index.php\/produkt\/autenticky-deska-cementotriskova-cetris-basic-18x1250x3350-mm-13152\/#primaryimage"},"thumbnailUrl":"https:\/\/www.domtechnikpro.com\/wp-content\/uploads\/2026\/SK0001523-CZ20260425-091842-0-1777079922-tablet-cetris.webp","datePublished":"2026-04-26T08:53:32+00:00","breadcrumb":{"@id":"https:\/\/www.domtechnikpro.com\/index.php\/produkt\/autenticky-deska-cementotriskova-cetris-basic-18x1250x3350-mm-13152\/#breadcrumb"},"inLanguage":"cs","potentialAction":[{"@type":"ReadAction","target":["https:\/\/www.domtechnikpro.com\/index.php\/produkt\/autenticky-deska-cementotriskova-cetris-basic-18x1250x3350-mm-13152\/"]}]},{"@type":"ImageObject","inLanguage":"cs","@id":"https:\/\/www.domtechnikpro.com\/index.php\/produkt\/autenticky-deska-cementotriskova-cetris-basic-18x1250x3350-mm-13152\/#primaryimage","url":"https:\/\/www.domtechnikpro.com\/wp-content\/uploads\/2026\/SK0001523-CZ20260425-091842-0-1777079922-tablet-cetris.webp","contentUrl":"https:\/\/www.domtechnikpro.com\/wp-content\/uploads\/2026\/SK0001523-CZ20260425-091842-0-1777079922-tablet-cetris.webp","width":801,"height":555},{"@type":"BreadcrumbList","@id":"https:\/\/www.domtechnikpro.com\/index.php\/produkt\/autenticky-deska-cementotriskova-cetris-basic-18x1250x3350-mm-13152\/#breadcrumb","itemListElement":[{"@type":"ListItem","position":1,"name":"Home","item":"https:\/\/www.domtechnikpro.com\/"},{"@type":"ListItem","position":2,"name":"Products","item":"https:\/\/www.domtechnikpro.com\/index.php\/products\/"},{"@type":"ListItem","position":3,"name":"Autentick\u00fd Deska cementot\u0159\u00edskov\u00e1 Cetris Basic 18x1250x3350\u00a0mm"}]},{"@type":"WebSite","@id":"https:\/\/www.domtechnikpro.com\/#website","url":"https:\/\/www.domtechnikpro.com\/","name":"","description":"","potentialAction":[{"@type":"SearchAction","target":{"@type":"EntryPoint","urlTemplate":"https:\/\/www.domtechnikpro.com\/?s={search_term_string}"},"query-input":{"@type":"PropertyValueSpecification","valueRequired":true,"valueName":"search_term_string"}}],"inLanguage":"cs"}]}},"_links":{"self":[{"href":"https:\/\/www.domtechnikpro.com\/index.php\/wp-json\/wp\/v2\/product\/13152","targetHints":{"allow":["GET"]}}],"collection":[{"href":"https:\/\/www.domtechnikpro.com\/index.php\/wp-json\/wp\/v2\/product"}],"about":[{"href":"https:\/\/www.domtechnikpro.com\/index.php\/wp-json\/wp\/v2\/types\/product"}],"replies":[{"embeddable":true,"href":"https:\/\/www.domtechnikpro.com\/index.php\/wp-json\/wp\/v2\/comments?post=13152"}],"wp:featuredmedia":[{"embeddable":true,"href":"https:\/\/www.domtechnikpro.com\/index.php\/wp-json\/wp\/v2\/media\/13252"}],"wp:attachment":[{"href":"https:\/\/www.domtechnikpro.com\/index.php\/wp-json\/wp\/v2\/media?parent=13152"}],"wp:term":[{"taxonomy":"product_brand","embeddable":true,"href":"https:\/\/www.domtechnikpro.com\/index.php\/wp-json\/wp\/v2\/product_brand?post=13152"},{"taxonomy":"product_cat","embeddable":true,"href":"https:\/\/www.domtechnikpro.com\/index.php\/wp-json\/wp\/v2\/product_cat?post=13152"},{"taxonomy":"product_tag","embeddable":true,"href":"https:\/\/www.domtechnikpro.com\/index.php\/wp-json\/wp\/v2\/product_tag?post=13152"}],"curies":[{"name":"wp","href":"https:\/\/api.w.org\/{rel}","templated":true}]}}