{"id":1294,"date":"2026-04-26T08:52:00","date_gmt":"2026-04-26T08:52:00","guid":{"rendered":""},"modified":"2026-04-26T08:52:00","modified_gmt":"2026-04-26T08:52:00","slug":"ezio-aluminium-azzardo-vikendova-akce-1294","status":"publish","type":"product","link":"https:\/\/www.domtechnikpro.com\/index.php\/produkt\/ezio-aluminium-azzardo-vikendova-akce-1294\/","title":{"rendered":"Ezio (aluminium) &#8211; AZZARDO V\u00edkendov\u00e1 Akce"},"content":{"rendered":"<h3 class=\"product-h3\">Popis produktu<\/h3>\n<p>Sv\u00edtidlo je dod\u00e1no s obj\u00edmkou MR16. Zdroj GU10 je mo\u017en\u00e9 osadit a napojit s pou\u017eit\u00edm obj\u00edmky na GU10, kter\u00e1 nen\u00ed sou\u010d\u00e1st\u00ed balen\u00ed. Stropn\u00ed bodov\u00e9 sv\u00edtidlo Ezio z kolekce funk\u010dn\u00edho osv\u011btlen\u00ed zna\u010dky Azzardo v modern\u00edm hranat\u00e9m proveden\u00ed je ur\u010deno pro zapu\u0161t\u011bnou mont\u00e1\u017e do interi\u00e9ru \u010di exteri\u00e9ru a to d\u00edky vysok\u00e9mu kryt\u00ed IP54, kter\u00e9 p\u0159edstavuje ochranu p\u0159ed prachem a st\u0159\u00edkaj\u00edc\u00ed vodou ze v\u0161ech sm\u011br\u016f. Z\u00e1kladna i r\u00e1m sv\u00edtidla jsou zhotoveny z kvalitn\u00edch materi\u00e1l\u016f, jako je kov a hlin\u00edk, s \u010distou povrchovou \u00fapravou hlin\u00edku. Pro mont\u00e1\u017e je pot\u0159eba otvor o pr\u016fm\u011bru 60 mm. Sv\u00edtidlo je osazeno obj\u00edmkou MR16 pro LED \u017e\u00e1rovku o maxim\u00e1ln\u00edm p\u0159\u00edkonu 1 x 7 W (zdroj nen\u00ed sou\u010d\u00e1st\u00ed balen\u00ed). Zdroj GU10 je mo\u017en\u00e9 osadit a napojit pomoc\u00ed obj\u00edmky na GU10, kter\u00e1 nen\u00ed sou\u010d\u00e1st\u00ed balen\u00ed. Celkov\u00e9 rozm\u011bry \u010din\u00ed 3,5 x 9 x 9 cm. Sv\u00edtidlo je nap\u00e1jeno ze s\u00edt\u011b na 230 V a vztahuje se na n\u011bj z\u00e1ruka 3 roky.<\/p>\n<\/p><\/div>\n<\/p><\/div>\n<p><\/p>\n<div class=\"top-params\">\n<h3 class=\"product-h3 collapse-header \" data-toggle=\"collapse\" data-target=\"#collapseOne\" aria-expanded=\"true\" aria-controls=\"collapseOne\">Parametry<\/h3>\n<div id=\"collapseOne\" class=\"collapse show\" aria-labelledby=\"headingOne\" data-parent=\"#product-info-accordion1\">\n<table class=\"table-striped\">\n<tr>\n<td>                V\u00fd\u0161ka v mm            <\/td>\n<td>                35            <\/td>\n<\/tr>\n<tr>\n<td>                Hmotnost g            <\/td>\n<td>                160            <\/td>\n<\/tr>\n<tr>\n<td>                Index pod\u00e1n\u00ed barev            <\/td>\n<td>                80            <\/td>\n<\/tr>\n<tr>\n<td>                \u0160\u00ed\u0159ka v mm            <\/td>\n<td>                90            <\/td>\n<\/tr>\n<tr>\n<td>                D\u00e9lka v mm            <\/td>\n<td>                90            <\/td>\n<\/tr>\n<tr>\n<td>                Ochrana IP            <\/td>\n<td>                IP54            <\/td>\n<\/tr>\n<tr>\n<td>                Max. p\u0159\u00edkon sv\u011bteln\u00e9ho zdroje            <\/td>\n<td>                7W            <\/td>\n<\/tr>\n<tr>\n<td>                V\u00fdkon            <\/td>\n<td>                7W            <\/td>\n<\/tr>\n<tr>\n<td>                Nap\u00e1jec\u00ed nap\u011bt\u00ed            <\/td>\n<td>                220-240 V            <\/td>\n<\/tr>\n<tr>\n<td>                Patice            <\/td>\n<td>                GU5,3            <\/td>\n<\/tr>\n<tr>\n<td>                V\u010detn\u011b sv\u011bteln\u00e9ho zdroje            <\/td>\n<td>                ne            <\/td>\n<\/tr>\n<tr>\n<td>                Materi\u00e1l            <\/td>\n<td>                hlin\u00edk            <\/td>\n<\/tr>\n<tr>\n<td>                Barva            <\/td>\n<td>                st\u0159\u00edbrn\u00e1            <\/td>\n<\/tr>\n<tr>\n<td>                Kolekce            <\/td>\n<td>                Azzardo            <\/td>\n<\/tr>\n<tr>\n<td>                Po\u010det sv\u011bteln\u00fdch zdroj\u016f            <\/td>\n<td>                1            <\/td>\n<\/tr>\n<tr>\n<td>                V\u00fdrobce            <\/td>\n<td>                AZZARDO            <\/td>\n<\/tr>\n<\/table>\n<\/div><\/div>\n<\/div>\n<div class=\"accordion\" id=\"product-info-accordion2\">\n","protected":false},"excerpt":{"rendered":"<p>Popis produktu Sv\u00edtidlo je dod\u00e1no s obj\u00edmkou MR16. Zdroj GU10 je mo\u017en\u00e9 osadit a napojit s pou\u017eit\u00edm obj\u00edmky na GU10, kter\u00e1 nen\u00ed sou\u010d\u00e1st\u00ed balen\u00ed. Stropn\u00ed bodov\u00e9 sv\u00edtidlo Ezio z kolekce funk\u010dn\u00edho osv\u011btlen\u00ed zna\u010dky Azzardo v modern\u00edm hranat\u00e9m proveden\u00ed je ur\u010deno pro zapu\u0161t\u011bnou mont\u00e1\u017e do interi\u00e9ru \u010di exteri\u00e9ru a to d\u00edky vysok\u00e9mu kryt\u00ed IP54, kter\u00e9 p\u0159edstavuje [&hellip;]<\/p>\n","protected":false},"featured_media":1394,"comment_status":"open","ping_status":"open","template":"","meta":[],"product_brand":[],"product_cat":[34],"product_tag":[],"class_list":{"0":"post-1294","1":"product","2":"type-product","3":"status-publish","4":"has-post-thumbnail","6":"product_cat-venkovni-svitidla","8":"first","9":"instock","10":"sale","11":"shipping-taxable","12":"purchasable","13":"product-type-simple"},"yoast_head":"<!-- This site is optimized with the Yoast SEO plugin v26.8 - https:\/\/yoast.com\/product\/yoast-seo-wordpress\/ -->\n<title>Ezio (aluminium) - AZZARDO V\u00edkendov\u00e1 Akce -<\/title>\n<meta name=\"robots\" content=\"index, follow, max-snippet:-1, max-image-preview:large, max-video-preview:-1\" \/>\n<link rel=\"canonical\" href=\"https:\/\/www.domtechnikpro.com\/index.php\/produkt\/ezio-aluminium-azzardo-vikendova-akce-1294\/\" \/>\n<meta property=\"og:locale\" content=\"cs_CZ\" \/>\n<meta property=\"og:type\" content=\"article\" \/>\n<meta property=\"og:title\" content=\"Ezio (aluminium) - AZZARDO V\u00edkendov\u00e1 Akce -\" \/>\n<meta property=\"og:description\" content=\"Popis produktu Sv\u00edtidlo je dod\u00e1no s obj\u00edmkou MR16. Zdroj GU10 je mo\u017en\u00e9 osadit a napojit s pou\u017eit\u00edm obj\u00edmky na GU10, kter\u00e1 nen\u00ed sou\u010d\u00e1st\u00ed balen\u00ed. Stropn\u00ed bodov\u00e9 sv\u00edtidlo Ezio z kolekce funk\u010dn\u00edho osv\u011btlen\u00ed zna\u010dky Azzardo v modern\u00edm hranat\u00e9m proveden\u00ed je ur\u010deno pro zapu\u0161t\u011bnou mont\u00e1\u017e do interi\u00e9ru \u010di exteri\u00e9ru a to d\u00edky vysok\u00e9mu kryt\u00ed IP54, kter\u00e9 p\u0159edstavuje [&hellip;]\" \/>\n<meta property=\"og:url\" content=\"https:\/\/www.domtechnikpro.com\/index.php\/produkt\/ezio-aluminium-azzardo-vikendova-akce-1294\/\" \/>\n<meta property=\"og:image\" content=\"https:\/\/www.domtechnikpro.com\/wp-content\/uploads\/2026\/SK0002334-CZ20260425-091535-0-1777079743-AZZ-AZ0811.webp\" \/>\n\t<meta property=\"og:image:width\" content=\"640\" \/>\n\t<meta property=\"og:image:height\" content=\"474\" \/>\n\t<meta property=\"og:image:type\" content=\"image\/webp\" \/>\n<meta name=\"twitter:card\" content=\"summary_large_image\" \/>\n<meta name=\"twitter:label1\" content=\"Odhadovan\u00e1 doba \u010dten\u00ed\" \/>\n\t<meta name=\"twitter:data1\" content=\"1 minuta\" \/>\n<script type=\"application\/ld+json\" class=\"yoast-schema-graph\">{\"@context\":\"https:\/\/schema.org\",\"@graph\":[{\"@type\":\"WebPage\",\"@id\":\"https:\/\/www.domtechnikpro.com\/index.php\/produkt\/ezio-aluminium-azzardo-vikendova-akce-1294\/\",\"url\":\"https:\/\/www.domtechnikpro.com\/index.php\/produkt\/ezio-aluminium-azzardo-vikendova-akce-1294\/\",\"name\":\"Ezio (aluminium) - AZZARDO V\u00edkendov\u00e1 Akce -\",\"isPartOf\":{\"@id\":\"https:\/\/www.domtechnikpro.com\/#website\"},\"primaryImageOfPage\":{\"@id\":\"https:\/\/www.domtechnikpro.com\/index.php\/produkt\/ezio-aluminium-azzardo-vikendova-akce-1294\/#primaryimage\"},\"image\":{\"@id\":\"https:\/\/www.domtechnikpro.com\/index.php\/produkt\/ezio-aluminium-azzardo-vikendova-akce-1294\/#primaryimage\"},\"thumbnailUrl\":\"https:\/\/www.domtechnikpro.com\/wp-content\/uploads\/2026\/SK0002334-CZ20260425-091535-0-1777079743-AZZ-AZ0811.webp\",\"datePublished\":\"2026-04-26T08:52:00+00:00\",\"breadcrumb\":{\"@id\":\"https:\/\/www.domtechnikpro.com\/index.php\/produkt\/ezio-aluminium-azzardo-vikendova-akce-1294\/#breadcrumb\"},\"inLanguage\":\"cs\",\"potentialAction\":[{\"@type\":\"ReadAction\",\"target\":[\"https:\/\/www.domtechnikpro.com\/index.php\/produkt\/ezio-aluminium-azzardo-vikendova-akce-1294\/\"]}]},{\"@type\":\"ImageObject\",\"inLanguage\":\"cs\",\"@id\":\"https:\/\/www.domtechnikpro.com\/index.php\/produkt\/ezio-aluminium-azzardo-vikendova-akce-1294\/#primaryimage\",\"url\":\"https:\/\/www.domtechnikpro.com\/wp-content\/uploads\/2026\/SK0002334-CZ20260425-091535-0-1777079743-AZZ-AZ0811.webp\",\"contentUrl\":\"https:\/\/www.domtechnikpro.com\/wp-content\/uploads\/2026\/SK0002334-CZ20260425-091535-0-1777079743-AZZ-AZ0811.webp\",\"width\":640,\"height\":474},{\"@type\":\"BreadcrumbList\",\"@id\":\"https:\/\/www.domtechnikpro.com\/index.php\/produkt\/ezio-aluminium-azzardo-vikendova-akce-1294\/#breadcrumb\",\"itemListElement\":[{\"@type\":\"ListItem\",\"position\":1,\"name\":\"Home\",\"item\":\"https:\/\/www.domtechnikpro.com\/\"},{\"@type\":\"ListItem\",\"position\":2,\"name\":\"Products\",\"item\":\"https:\/\/www.domtechnikpro.com\/index.php\/products\/\"},{\"@type\":\"ListItem\",\"position\":3,\"name\":\"Ezio (aluminium) &#8211; AZZARDO V\u00edkendov\u00e1 Akce\"}]},{\"@type\":\"WebSite\",\"@id\":\"https:\/\/www.domtechnikpro.com\/#website\",\"url\":\"https:\/\/www.domtechnikpro.com\/\",\"name\":\"\",\"description\":\"\",\"potentialAction\":[{\"@type\":\"SearchAction\",\"target\":{\"@type\":\"EntryPoint\",\"urlTemplate\":\"https:\/\/www.domtechnikpro.com\/?s={search_term_string}\"},\"query-input\":{\"@type\":\"PropertyValueSpecification\",\"valueRequired\":true,\"valueName\":\"search_term_string\"}}],\"inLanguage\":\"cs\"}]}<\/script>\n<!-- \/ Yoast SEO plugin. -->","yoast_head_json":{"title":"Ezio (aluminium) - AZZARDO V\u00edkendov\u00e1 Akce -","robots":{"index":"index","follow":"follow","max-snippet":"max-snippet:-1","max-image-preview":"max-image-preview:large","max-video-preview":"max-video-preview:-1"},"canonical":"https:\/\/www.domtechnikpro.com\/index.php\/produkt\/ezio-aluminium-azzardo-vikendova-akce-1294\/","og_locale":"cs_CZ","og_type":"article","og_title":"Ezio (aluminium) - AZZARDO V\u00edkendov\u00e1 Akce -","og_description":"Popis produktu Sv\u00edtidlo je dod\u00e1no s obj\u00edmkou MR16. Zdroj GU10 je mo\u017en\u00e9 osadit a napojit s pou\u017eit\u00edm obj\u00edmky na GU10, kter\u00e1 nen\u00ed sou\u010d\u00e1st\u00ed balen\u00ed. Stropn\u00ed bodov\u00e9 sv\u00edtidlo Ezio z kolekce funk\u010dn\u00edho osv\u011btlen\u00ed zna\u010dky Azzardo v modern\u00edm hranat\u00e9m proveden\u00ed je ur\u010deno pro zapu\u0161t\u011bnou mont\u00e1\u017e do interi\u00e9ru \u010di exteri\u00e9ru a to d\u00edky vysok\u00e9mu kryt\u00ed IP54, kter\u00e9 p\u0159edstavuje [&hellip;]","og_url":"https:\/\/www.domtechnikpro.com\/index.php\/produkt\/ezio-aluminium-azzardo-vikendova-akce-1294\/","og_image":[{"width":640,"height":474,"url":"https:\/\/www.domtechnikpro.com\/wp-content\/uploads\/2026\/SK0002334-CZ20260425-091535-0-1777079743-AZZ-AZ0811.webp","type":"image\/webp"}],"twitter_card":"summary_large_image","twitter_misc":{"Odhadovan\u00e1 doba \u010dten\u00ed":"1 minuta"},"schema":{"@context":"https:\/\/schema.org","@graph":[{"@type":"WebPage","@id":"https:\/\/www.domtechnikpro.com\/index.php\/produkt\/ezio-aluminium-azzardo-vikendova-akce-1294\/","url":"https:\/\/www.domtechnikpro.com\/index.php\/produkt\/ezio-aluminium-azzardo-vikendova-akce-1294\/","name":"Ezio (aluminium) - AZZARDO V\u00edkendov\u00e1 Akce -","isPartOf":{"@id":"https:\/\/www.domtechnikpro.com\/#website"},"primaryImageOfPage":{"@id":"https:\/\/www.domtechnikpro.com\/index.php\/produkt\/ezio-aluminium-azzardo-vikendova-akce-1294\/#primaryimage"},"image":{"@id":"https:\/\/www.domtechnikpro.com\/index.php\/produkt\/ezio-aluminium-azzardo-vikendova-akce-1294\/#primaryimage"},"thumbnailUrl":"https:\/\/www.domtechnikpro.com\/wp-content\/uploads\/2026\/SK0002334-CZ20260425-091535-0-1777079743-AZZ-AZ0811.webp","datePublished":"2026-04-26T08:52:00+00:00","breadcrumb":{"@id":"https:\/\/www.domtechnikpro.com\/index.php\/produkt\/ezio-aluminium-azzardo-vikendova-akce-1294\/#breadcrumb"},"inLanguage":"cs","potentialAction":[{"@type":"ReadAction","target":["https:\/\/www.domtechnikpro.com\/index.php\/produkt\/ezio-aluminium-azzardo-vikendova-akce-1294\/"]}]},{"@type":"ImageObject","inLanguage":"cs","@id":"https:\/\/www.domtechnikpro.com\/index.php\/produkt\/ezio-aluminium-azzardo-vikendova-akce-1294\/#primaryimage","url":"https:\/\/www.domtechnikpro.com\/wp-content\/uploads\/2026\/SK0002334-CZ20260425-091535-0-1777079743-AZZ-AZ0811.webp","contentUrl":"https:\/\/www.domtechnikpro.com\/wp-content\/uploads\/2026\/SK0002334-CZ20260425-091535-0-1777079743-AZZ-AZ0811.webp","width":640,"height":474},{"@type":"BreadcrumbList","@id":"https:\/\/www.domtechnikpro.com\/index.php\/produkt\/ezio-aluminium-azzardo-vikendova-akce-1294\/#breadcrumb","itemListElement":[{"@type":"ListItem","position":1,"name":"Home","item":"https:\/\/www.domtechnikpro.com\/"},{"@type":"ListItem","position":2,"name":"Products","item":"https:\/\/www.domtechnikpro.com\/index.php\/products\/"},{"@type":"ListItem","position":3,"name":"Ezio (aluminium) &#8211; AZZARDO V\u00edkendov\u00e1 Akce"}]},{"@type":"WebSite","@id":"https:\/\/www.domtechnikpro.com\/#website","url":"https:\/\/www.domtechnikpro.com\/","name":"","description":"","potentialAction":[{"@type":"SearchAction","target":{"@type":"EntryPoint","urlTemplate":"https:\/\/www.domtechnikpro.com\/?s={search_term_string}"},"query-input":{"@type":"PropertyValueSpecification","valueRequired":true,"valueName":"search_term_string"}}],"inLanguage":"cs"}]}},"_links":{"self":[{"href":"https:\/\/www.domtechnikpro.com\/index.php\/wp-json\/wp\/v2\/product\/1294","targetHints":{"allow":["GET"]}}],"collection":[{"href":"https:\/\/www.domtechnikpro.com\/index.php\/wp-json\/wp\/v2\/product"}],"about":[{"href":"https:\/\/www.domtechnikpro.com\/index.php\/wp-json\/wp\/v2\/types\/product"}],"replies":[{"embeddable":true,"href":"https:\/\/www.domtechnikpro.com\/index.php\/wp-json\/wp\/v2\/comments?post=1294"}],"wp:featuredmedia":[{"embeddable":true,"href":"https:\/\/www.domtechnikpro.com\/index.php\/wp-json\/wp\/v2\/media\/1394"}],"wp:attachment":[{"href":"https:\/\/www.domtechnikpro.com\/index.php\/wp-json\/wp\/v2\/media?parent=1294"}],"wp:term":[{"taxonomy":"product_brand","embeddable":true,"href":"https:\/\/www.domtechnikpro.com\/index.php\/wp-json\/wp\/v2\/product_brand?post=1294"},{"taxonomy":"product_cat","embeddable":true,"href":"https:\/\/www.domtechnikpro.com\/index.php\/wp-json\/wp\/v2\/product_cat?post=1294"},{"taxonomy":"product_tag","embeddable":true,"href":"https:\/\/www.domtechnikpro.com\/index.php\/wp-json\/wp\/v2\/product_tag?post=1294"}],"curies":[{"name":"wp","href":"https:\/\/api.w.org\/{rel}","templated":true}]}}