{"id":12576,"date":"2026-04-26T08:53:26","date_gmt":"2026-04-26T08:53:26","guid":{"rendered":""},"modified":"2026-04-26T08:53:26","modified_gmt":"2026-04-26T08:53:26","slug":"dolphin-sparovaci-sadrokartonarska-paska-48-mm-x-45-m-horka-nabidka-12576","status":"publish","type":"product","link":"https:\/\/www.domtechnikpro.com\/index.php\/produkt\/dolphin-sparovaci-sadrokartonarska-paska-48-mm-x-45-m-horka-nabidka-12576\/","title":{"rendered":"Dolphin Sp\u00e1rovac\u00ed s\u00e1drokarton\u00e1\u0159sk\u00e1 p\u00e1ska 48 mm x 45 m Hork\u00e1 Nab\u00eddka"},"content":{"rendered":"<div class=\"tmc_edt\">\n<ul>\n<li><font face=\"Segoe UI\">Sp\u00e1rovac\u00ed m\u0159\u00ed\u017eka na s\u00e1drokarton <strong>urychl\u00ed a usnadn\u00ed spojov\u00e1n\u00ed s\u00e1drokartonov\u00fdch desek<\/strong>. <\/font><\/li>\n<li><font face=\"Segoe UI\">Sp\u00e1ru mezi deskami <strong>jednodu\u0161e p\u0159elep\u00edte a om\u00edtnete<\/strong>. <\/font><\/li>\n<li><font face=\"Segoe UI\">Odpad\u00e1 p\u0159edb\u011b\u017en\u00e9 s\u00e1drov\u00e1n\u00ed sp\u00e1r a nav\u00edc je spoj pevn\u011bj\u0161\u00ed. <\/font><\/li>\n<li><font face=\"Segoe UI\">S\u00ed\u0165ovina <strong>propou\u0161t\u00ed vzduch<\/strong>, zamezuje tak tvo\u0159en\u00ed puch\u00fd\u0159k\u016f a bublinek.<\/font><\/li>\n<li><font face=\"Segoe UI\">Sp\u00e1rovac\u00ed m\u0159\u00ed\u017eka se hod\u00ed i jako<strong> kvalitn\u00ed v\u00fdztuha prasklin a trhlin zdiva<\/strong>, interi\u00e9rov\u00fdch a fas\u00e1dn\u00edch om\u00edtek, <strong>dob\u0159e zpevn\u00ed plochy kolem oken a dve\u0159\u00ed<\/strong>.<\/font><\/li>\n<\/ul><\/div>\n<\/p><\/div>\n","protected":false},"excerpt":{"rendered":"<p>Sp\u00e1rovac\u00ed m\u0159\u00ed\u017eka na s\u00e1drokarton urychl\u00ed a usnadn\u00ed spojov\u00e1n\u00ed s\u00e1drokartonov\u00fdch desek. Sp\u00e1ru mezi deskami jednodu\u0161e p\u0159elep\u00edte a om\u00edtnete. Odpad\u00e1 p\u0159edb\u011b\u017en\u00e9 s\u00e1drov\u00e1n\u00ed sp\u00e1r a nav\u00edc je spoj pevn\u011bj\u0161\u00ed. S\u00ed\u0165ovina propou\u0161t\u00ed vzduch, zamezuje tak tvo\u0159en\u00ed puch\u00fd\u0159k\u016f a bublinek. Sp\u00e1rovac\u00ed m\u0159\u00ed\u017eka se hod\u00ed i jako kvalitn\u00ed v\u00fdztuha prasklin a trhlin zdiva, interi\u00e9rov\u00fdch a fas\u00e1dn\u00edch om\u00edtek, dob\u0159e zpevn\u00ed plochy kolem [&hellip;]<\/p>\n","protected":false},"featured_media":12676,"comment_status":"open","ping_status":"open","template":"","meta":[],"product_brand":[],"product_cat":[68],"product_tag":[],"class_list":{"0":"post-12576","1":"product","2":"type-product","3":"status-publish","4":"has-post-thumbnail","6":"product_cat-sucha-vystavba","8":"first","9":"instock","10":"sale","11":"shipping-taxable","12":"purchasable","13":"product-type-simple"},"yoast_head":"<!-- This site is optimized with the Yoast SEO plugin v26.8 - https:\/\/yoast.com\/product\/yoast-seo-wordpress\/ -->\n<title>Dolphin Sp\u00e1rovac\u00ed s\u00e1drokarton\u00e1\u0159sk\u00e1 p\u00e1ska 48 mm x 45 m Hork\u00e1 Nab\u00eddka -<\/title>\n<meta name=\"robots\" content=\"index, follow, max-snippet:-1, max-image-preview:large, max-video-preview:-1\" \/>\n<link rel=\"canonical\" href=\"https:\/\/www.domtechnikpro.com\/index.php\/produkt\/dolphin-sparovaci-sadrokartonarska-paska-48-mm-x-45-m-horka-nabidka-12576\/\" \/>\n<meta property=\"og:locale\" content=\"cs_CZ\" \/>\n<meta property=\"og:type\" content=\"article\" \/>\n<meta property=\"og:title\" content=\"Dolphin Sp\u00e1rovac\u00ed s\u00e1drokarton\u00e1\u0159sk\u00e1 p\u00e1ska 48 mm x 45 m Hork\u00e1 Nab\u00eddka -\" \/>\n<meta property=\"og:description\" content=\"Sp\u00e1rovac\u00ed m\u0159\u00ed\u017eka na s\u00e1drokarton urychl\u00ed a usnadn\u00ed spojov\u00e1n\u00ed s\u00e1drokartonov\u00fdch desek. Sp\u00e1ru mezi deskami jednodu\u0161e p\u0159elep\u00edte a om\u00edtnete. Odpad\u00e1 p\u0159edb\u011b\u017en\u00e9 s\u00e1drov\u00e1n\u00ed sp\u00e1r a nav\u00edc je spoj pevn\u011bj\u0161\u00ed. S\u00ed\u0165ovina propou\u0161t\u00ed vzduch, zamezuje tak tvo\u0159en\u00ed puch\u00fd\u0159k\u016f a bublinek. Sp\u00e1rovac\u00ed m\u0159\u00ed\u017eka se hod\u00ed i jako kvalitn\u00ed v\u00fdztuha prasklin a trhlin zdiva, interi\u00e9rov\u00fdch a fas\u00e1dn\u00edch om\u00edtek, dob\u0159e zpevn\u00ed plochy kolem [&hellip;]\" \/>\n<meta property=\"og:url\" content=\"https:\/\/www.domtechnikpro.com\/index.php\/produkt\/dolphin-sparovaci-sadrokartonarska-paska-48-mm-x-45-m-horka-nabidka-12576\/\" \/>\n<meta property=\"og:image\" content=\"https:\/\/www.domtechnikpro.com\/wp-content\/uploads\/2026\/SK0002749-CZ20260425-091813-0-1777079894-gall_da2dee8c-55b2-4cf6-aaa4-3ed4194a63db19773-dolphin-spar.webp\" \/>\n\t<meta property=\"og:image:width\" content=\"420\" \/>\n\t<meta property=\"og:image:height\" content=\"420\" \/>\n\t<meta property=\"og:image:type\" content=\"image\/webp\" \/>\n<meta name=\"twitter:card\" content=\"summary_large_image\" \/>\n<script type=\"application\/ld+json\" class=\"yoast-schema-graph\">{\"@context\":\"https:\/\/schema.org\",\"@graph\":[{\"@type\":\"WebPage\",\"@id\":\"https:\/\/www.domtechnikpro.com\/index.php\/produkt\/dolphin-sparovaci-sadrokartonarska-paska-48-mm-x-45-m-horka-nabidka-12576\/\",\"url\":\"https:\/\/www.domtechnikpro.com\/index.php\/produkt\/dolphin-sparovaci-sadrokartonarska-paska-48-mm-x-45-m-horka-nabidka-12576\/\",\"name\":\"Dolphin Sp\u00e1rovac\u00ed s\u00e1drokarton\u00e1\u0159sk\u00e1 p\u00e1ska 48 mm x 45 m Hork\u00e1 Nab\u00eddka -\",\"isPartOf\":{\"@id\":\"https:\/\/www.domtechnikpro.com\/#website\"},\"primaryImageOfPage\":{\"@id\":\"https:\/\/www.domtechnikpro.com\/index.php\/produkt\/dolphin-sparovaci-sadrokartonarska-paska-48-mm-x-45-m-horka-nabidka-12576\/#primaryimage\"},\"image\":{\"@id\":\"https:\/\/www.domtechnikpro.com\/index.php\/produkt\/dolphin-sparovaci-sadrokartonarska-paska-48-mm-x-45-m-horka-nabidka-12576\/#primaryimage\"},\"thumbnailUrl\":\"https:\/\/www.domtechnikpro.com\/wp-content\/uploads\/2026\/SK0002749-CZ20260425-091813-0-1777079894-gall_da2dee8c-55b2-4cf6-aaa4-3ed4194a63db19773-dolphin-spar.webp\",\"datePublished\":\"2026-04-26T08:53:26+00:00\",\"breadcrumb\":{\"@id\":\"https:\/\/www.domtechnikpro.com\/index.php\/produkt\/dolphin-sparovaci-sadrokartonarska-paska-48-mm-x-45-m-horka-nabidka-12576\/#breadcrumb\"},\"inLanguage\":\"cs\",\"potentialAction\":[{\"@type\":\"ReadAction\",\"target\":[\"https:\/\/www.domtechnikpro.com\/index.php\/produkt\/dolphin-sparovaci-sadrokartonarska-paska-48-mm-x-45-m-horka-nabidka-12576\/\"]}]},{\"@type\":\"ImageObject\",\"inLanguage\":\"cs\",\"@id\":\"https:\/\/www.domtechnikpro.com\/index.php\/produkt\/dolphin-sparovaci-sadrokartonarska-paska-48-mm-x-45-m-horka-nabidka-12576\/#primaryimage\",\"url\":\"https:\/\/www.domtechnikpro.com\/wp-content\/uploads\/2026\/SK0002749-CZ20260425-091813-0-1777079894-gall_da2dee8c-55b2-4cf6-aaa4-3ed4194a63db19773-dolphin-spar.webp\",\"contentUrl\":\"https:\/\/www.domtechnikpro.com\/wp-content\/uploads\/2026\/SK0002749-CZ20260425-091813-0-1777079894-gall_da2dee8c-55b2-4cf6-aaa4-3ed4194a63db19773-dolphin-spar.webp\",\"width\":420,\"height\":420},{\"@type\":\"BreadcrumbList\",\"@id\":\"https:\/\/www.domtechnikpro.com\/index.php\/produkt\/dolphin-sparovaci-sadrokartonarska-paska-48-mm-x-45-m-horka-nabidka-12576\/#breadcrumb\",\"itemListElement\":[{\"@type\":\"ListItem\",\"position\":1,\"name\":\"Home\",\"item\":\"https:\/\/www.domtechnikpro.com\/\"},{\"@type\":\"ListItem\",\"position\":2,\"name\":\"Products\",\"item\":\"https:\/\/www.domtechnikpro.com\/index.php\/products\/\"},{\"@type\":\"ListItem\",\"position\":3,\"name\":\"Dolphin Sp\u00e1rovac\u00ed s\u00e1drokarton\u00e1\u0159sk\u00e1 p\u00e1ska 48 mm x 45 m Hork\u00e1 Nab\u00eddka\"}]},{\"@type\":\"WebSite\",\"@id\":\"https:\/\/www.domtechnikpro.com\/#website\",\"url\":\"https:\/\/www.domtechnikpro.com\/\",\"name\":\"\",\"description\":\"\",\"potentialAction\":[{\"@type\":\"SearchAction\",\"target\":{\"@type\":\"EntryPoint\",\"urlTemplate\":\"https:\/\/www.domtechnikpro.com\/?s={search_term_string}\"},\"query-input\":{\"@type\":\"PropertyValueSpecification\",\"valueRequired\":true,\"valueName\":\"search_term_string\"}}],\"inLanguage\":\"cs\"}]}<\/script>\n<!-- \/ Yoast SEO plugin. -->","yoast_head_json":{"title":"Dolphin Sp\u00e1rovac\u00ed s\u00e1drokarton\u00e1\u0159sk\u00e1 p\u00e1ska 48 mm x 45 m Hork\u00e1 Nab\u00eddka -","robots":{"index":"index","follow":"follow","max-snippet":"max-snippet:-1","max-image-preview":"max-image-preview:large","max-video-preview":"max-video-preview:-1"},"canonical":"https:\/\/www.domtechnikpro.com\/index.php\/produkt\/dolphin-sparovaci-sadrokartonarska-paska-48-mm-x-45-m-horka-nabidka-12576\/","og_locale":"cs_CZ","og_type":"article","og_title":"Dolphin Sp\u00e1rovac\u00ed s\u00e1drokarton\u00e1\u0159sk\u00e1 p\u00e1ska 48 mm x 45 m Hork\u00e1 Nab\u00eddka -","og_description":"Sp\u00e1rovac\u00ed m\u0159\u00ed\u017eka na s\u00e1drokarton urychl\u00ed a usnadn\u00ed spojov\u00e1n\u00ed s\u00e1drokartonov\u00fdch desek. Sp\u00e1ru mezi deskami jednodu\u0161e p\u0159elep\u00edte a om\u00edtnete. Odpad\u00e1 p\u0159edb\u011b\u017en\u00e9 s\u00e1drov\u00e1n\u00ed sp\u00e1r a nav\u00edc je spoj pevn\u011bj\u0161\u00ed. S\u00ed\u0165ovina propou\u0161t\u00ed vzduch, zamezuje tak tvo\u0159en\u00ed puch\u00fd\u0159k\u016f a bublinek. Sp\u00e1rovac\u00ed m\u0159\u00ed\u017eka se hod\u00ed i jako kvalitn\u00ed v\u00fdztuha prasklin a trhlin zdiva, interi\u00e9rov\u00fdch a fas\u00e1dn\u00edch om\u00edtek, dob\u0159e zpevn\u00ed plochy kolem [&hellip;]","og_url":"https:\/\/www.domtechnikpro.com\/index.php\/produkt\/dolphin-sparovaci-sadrokartonarska-paska-48-mm-x-45-m-horka-nabidka-12576\/","og_image":[{"width":420,"height":420,"url":"https:\/\/www.domtechnikpro.com\/wp-content\/uploads\/2026\/SK0002749-CZ20260425-091813-0-1777079894-gall_da2dee8c-55b2-4cf6-aaa4-3ed4194a63db19773-dolphin-spar.webp","type":"image\/webp"}],"twitter_card":"summary_large_image","schema":{"@context":"https:\/\/schema.org","@graph":[{"@type":"WebPage","@id":"https:\/\/www.domtechnikpro.com\/index.php\/produkt\/dolphin-sparovaci-sadrokartonarska-paska-48-mm-x-45-m-horka-nabidka-12576\/","url":"https:\/\/www.domtechnikpro.com\/index.php\/produkt\/dolphin-sparovaci-sadrokartonarska-paska-48-mm-x-45-m-horka-nabidka-12576\/","name":"Dolphin Sp\u00e1rovac\u00ed s\u00e1drokarton\u00e1\u0159sk\u00e1 p\u00e1ska 48 mm x 45 m Hork\u00e1 Nab\u00eddka -","isPartOf":{"@id":"https:\/\/www.domtechnikpro.com\/#website"},"primaryImageOfPage":{"@id":"https:\/\/www.domtechnikpro.com\/index.php\/produkt\/dolphin-sparovaci-sadrokartonarska-paska-48-mm-x-45-m-horka-nabidka-12576\/#primaryimage"},"image":{"@id":"https:\/\/www.domtechnikpro.com\/index.php\/produkt\/dolphin-sparovaci-sadrokartonarska-paska-48-mm-x-45-m-horka-nabidka-12576\/#primaryimage"},"thumbnailUrl":"https:\/\/www.domtechnikpro.com\/wp-content\/uploads\/2026\/SK0002749-CZ20260425-091813-0-1777079894-gall_da2dee8c-55b2-4cf6-aaa4-3ed4194a63db19773-dolphin-spar.webp","datePublished":"2026-04-26T08:53:26+00:00","breadcrumb":{"@id":"https:\/\/www.domtechnikpro.com\/index.php\/produkt\/dolphin-sparovaci-sadrokartonarska-paska-48-mm-x-45-m-horka-nabidka-12576\/#breadcrumb"},"inLanguage":"cs","potentialAction":[{"@type":"ReadAction","target":["https:\/\/www.domtechnikpro.com\/index.php\/produkt\/dolphin-sparovaci-sadrokartonarska-paska-48-mm-x-45-m-horka-nabidka-12576\/"]}]},{"@type":"ImageObject","inLanguage":"cs","@id":"https:\/\/www.domtechnikpro.com\/index.php\/produkt\/dolphin-sparovaci-sadrokartonarska-paska-48-mm-x-45-m-horka-nabidka-12576\/#primaryimage","url":"https:\/\/www.domtechnikpro.com\/wp-content\/uploads\/2026\/SK0002749-CZ20260425-091813-0-1777079894-gall_da2dee8c-55b2-4cf6-aaa4-3ed4194a63db19773-dolphin-spar.webp","contentUrl":"https:\/\/www.domtechnikpro.com\/wp-content\/uploads\/2026\/SK0002749-CZ20260425-091813-0-1777079894-gall_da2dee8c-55b2-4cf6-aaa4-3ed4194a63db19773-dolphin-spar.webp","width":420,"height":420},{"@type":"BreadcrumbList","@id":"https:\/\/www.domtechnikpro.com\/index.php\/produkt\/dolphin-sparovaci-sadrokartonarska-paska-48-mm-x-45-m-horka-nabidka-12576\/#breadcrumb","itemListElement":[{"@type":"ListItem","position":1,"name":"Home","item":"https:\/\/www.domtechnikpro.com\/"},{"@type":"ListItem","position":2,"name":"Products","item":"https:\/\/www.domtechnikpro.com\/index.php\/products\/"},{"@type":"ListItem","position":3,"name":"Dolphin Sp\u00e1rovac\u00ed s\u00e1drokarton\u00e1\u0159sk\u00e1 p\u00e1ska 48 mm x 45 m Hork\u00e1 Nab\u00eddka"}]},{"@type":"WebSite","@id":"https:\/\/www.domtechnikpro.com\/#website","url":"https:\/\/www.domtechnikpro.com\/","name":"","description":"","potentialAction":[{"@type":"SearchAction","target":{"@type":"EntryPoint","urlTemplate":"https:\/\/www.domtechnikpro.com\/?s={search_term_string}"},"query-input":{"@type":"PropertyValueSpecification","valueRequired":true,"valueName":"search_term_string"}}],"inLanguage":"cs"}]}},"_links":{"self":[{"href":"https:\/\/www.domtechnikpro.com\/index.php\/wp-json\/wp\/v2\/product\/12576","targetHints":{"allow":["GET"]}}],"collection":[{"href":"https:\/\/www.domtechnikpro.com\/index.php\/wp-json\/wp\/v2\/product"}],"about":[{"href":"https:\/\/www.domtechnikpro.com\/index.php\/wp-json\/wp\/v2\/types\/product"}],"replies":[{"embeddable":true,"href":"https:\/\/www.domtechnikpro.com\/index.php\/wp-json\/wp\/v2\/comments?post=12576"}],"wp:featuredmedia":[{"embeddable":true,"href":"https:\/\/www.domtechnikpro.com\/index.php\/wp-json\/wp\/v2\/media\/12676"}],"wp:attachment":[{"href":"https:\/\/www.domtechnikpro.com\/index.php\/wp-json\/wp\/v2\/media?parent=12576"}],"wp:term":[{"taxonomy":"product_brand","embeddable":true,"href":"https:\/\/www.domtechnikpro.com\/index.php\/wp-json\/wp\/v2\/product_brand?post=12576"},{"taxonomy":"product_cat","embeddable":true,"href":"https:\/\/www.domtechnikpro.com\/index.php\/wp-json\/wp\/v2\/product_cat?post=12576"},{"taxonomy":"product_tag","embeddable":true,"href":"https:\/\/www.domtechnikpro.com\/index.php\/wp-json\/wp\/v2\/product_tag?post=12576"}],"curies":[{"name":"wp","href":"https:\/\/api.w.org\/{rel}","templated":true}]}}