{"id":12361,"date":"2026-04-26T08:53:23","date_gmt":"2026-04-26T08:53:23","guid":{"rendered":""},"modified":"2026-04-26T08:53:23","modified_gmt":"2026-04-26T08:53:23","slug":"cenove-vyhodny-zs3321-led-prenosny-reflektor-20w-1600lm-nw-12361","status":"publish","type":"product","link":"https:\/\/www.domtechnikpro.com\/index.php\/produkt\/cenove-vyhodny-zs3321-led-prenosny-reflektor-20w-1600lm-nw-12361\/","title":{"rendered":"Cenov\u011b V\u00fdhodn\u00fd ZS3321 &#8211; LED P\u0158ENOSN\u00dd REFLEKTOR 20W 1600lm NW"},"content":{"rendered":"<div class=\"tmc_edt\">\n<p>Osv\u011btlen\u00ed pracovi\u0161\u0165 na stavb\u00e1ch, u rodinn\u00fdch dom\u016f, v gar\u00e1\u017e\u00edch, d\u00edln\u00e1ch, autoservisech.<\/p>\n<\/p><\/div>\n<\/p><\/div>\n","protected":false},"excerpt":{"rendered":"<p>Osv\u011btlen\u00ed pracovi\u0161\u0165 na stavb\u00e1ch, u rodinn\u00fdch dom\u016f, v gar\u00e1\u017e\u00edch, d\u00edln\u00e1ch, autoservisech.<\/p>\n","protected":false},"featured_media":12461,"comment_status":"open","ping_status":"open","template":"","meta":[],"product_brand":[],"product_cat":[67],"product_tag":[],"class_list":{"0":"post-12361","1":"product","2":"type-product","3":"status-publish","4":"has-post-thumbnail","6":"product_cat-elektro","8":"first","9":"instock","10":"sale","11":"shipping-taxable","12":"purchasable","13":"product-type-simple"},"yoast_head":"<!-- This site is optimized with the Yoast SEO plugin v26.8 - https:\/\/yoast.com\/product\/yoast-seo-wordpress\/ -->\n<title>Cenov\u011b V\u00fdhodn\u00fd ZS3321 - LED P\u0158ENOSN\u00dd REFLEKTOR 20W 1600lm NW -<\/title>\n<meta name=\"robots\" content=\"index, follow, max-snippet:-1, max-image-preview:large, max-video-preview:-1\" \/>\n<link rel=\"canonical\" href=\"https:\/\/www.domtechnikpro.com\/index.php\/produkt\/cenove-vyhodny-zs3321-led-prenosny-reflektor-20w-1600lm-nw-12361\/\" \/>\n<meta property=\"og:locale\" content=\"cs_CZ\" \/>\n<meta property=\"og:type\" content=\"article\" \/>\n<meta property=\"og:title\" content=\"Cenov\u011b V\u00fdhodn\u00fd ZS3321 - LED P\u0158ENOSN\u00dd REFLEKTOR 20W 1600lm NW -\" \/>\n<meta property=\"og:description\" content=\"Osv\u011btlen\u00ed pracovi\u0161\u0165 na stavb\u00e1ch, u rodinn\u00fdch dom\u016f, v gar\u00e1\u017e\u00edch, d\u00edln\u00e1ch, autoservisech.\" \/>\n<meta property=\"og:url\" content=\"https:\/\/www.domtechnikpro.com\/index.php\/produkt\/cenove-vyhodny-zs3321-led-prenosny-reflektor-20w-1600lm-nw-12361\/\" \/>\n<meta property=\"og:image\" content=\"https:\/\/www.domtechnikpro.com\/wp-content\/uploads\/2026\/SK0002631-CZ20260425-091813-0-1777079894-gall_c07784f2-a3ee-440a-ae8b-a7903c99ed9717087-led-prenosny.webp\" \/>\n\t<meta property=\"og:image:width\" content=\"420\" \/>\n\t<meta property=\"og:image:height\" content=\"420\" \/>\n\t<meta property=\"og:image:type\" content=\"image\/webp\" \/>\n<meta name=\"twitter:card\" content=\"summary_large_image\" \/>\n<script type=\"application\/ld+json\" class=\"yoast-schema-graph\">{\"@context\":\"https:\/\/schema.org\",\"@graph\":[{\"@type\":\"WebPage\",\"@id\":\"https:\/\/www.domtechnikpro.com\/index.php\/produkt\/cenove-vyhodny-zs3321-led-prenosny-reflektor-20w-1600lm-nw-12361\/\",\"url\":\"https:\/\/www.domtechnikpro.com\/index.php\/produkt\/cenove-vyhodny-zs3321-led-prenosny-reflektor-20w-1600lm-nw-12361\/\",\"name\":\"Cenov\u011b V\u00fdhodn\u00fd ZS3321 - LED P\u0158ENOSN\u00dd REFLEKTOR 20W 1600lm NW -\",\"isPartOf\":{\"@id\":\"https:\/\/www.domtechnikpro.com\/#website\"},\"primaryImageOfPage\":{\"@id\":\"https:\/\/www.domtechnikpro.com\/index.php\/produkt\/cenove-vyhodny-zs3321-led-prenosny-reflektor-20w-1600lm-nw-12361\/#primaryimage\"},\"image\":{\"@id\":\"https:\/\/www.domtechnikpro.com\/index.php\/produkt\/cenove-vyhodny-zs3321-led-prenosny-reflektor-20w-1600lm-nw-12361\/#primaryimage\"},\"thumbnailUrl\":\"https:\/\/www.domtechnikpro.com\/wp-content\/uploads\/2026\/SK0002631-CZ20260425-091813-0-1777079894-gall_c07784f2-a3ee-440a-ae8b-a7903c99ed9717087-led-prenosny.webp\",\"datePublished\":\"2026-04-26T08:53:23+00:00\",\"breadcrumb\":{\"@id\":\"https:\/\/www.domtechnikpro.com\/index.php\/produkt\/cenove-vyhodny-zs3321-led-prenosny-reflektor-20w-1600lm-nw-12361\/#breadcrumb\"},\"inLanguage\":\"cs\",\"potentialAction\":[{\"@type\":\"ReadAction\",\"target\":[\"https:\/\/www.domtechnikpro.com\/index.php\/produkt\/cenove-vyhodny-zs3321-led-prenosny-reflektor-20w-1600lm-nw-12361\/\"]}]},{\"@type\":\"ImageObject\",\"inLanguage\":\"cs\",\"@id\":\"https:\/\/www.domtechnikpro.com\/index.php\/produkt\/cenove-vyhodny-zs3321-led-prenosny-reflektor-20w-1600lm-nw-12361\/#primaryimage\",\"url\":\"https:\/\/www.domtechnikpro.com\/wp-content\/uploads\/2026\/SK0002631-CZ20260425-091813-0-1777079894-gall_c07784f2-a3ee-440a-ae8b-a7903c99ed9717087-led-prenosny.webp\",\"contentUrl\":\"https:\/\/www.domtechnikpro.com\/wp-content\/uploads\/2026\/SK0002631-CZ20260425-091813-0-1777079894-gall_c07784f2-a3ee-440a-ae8b-a7903c99ed9717087-led-prenosny.webp\",\"width\":420,\"height\":420},{\"@type\":\"BreadcrumbList\",\"@id\":\"https:\/\/www.domtechnikpro.com\/index.php\/produkt\/cenove-vyhodny-zs3321-led-prenosny-reflektor-20w-1600lm-nw-12361\/#breadcrumb\",\"itemListElement\":[{\"@type\":\"ListItem\",\"position\":1,\"name\":\"Home\",\"item\":\"https:\/\/www.domtechnikpro.com\/\"},{\"@type\":\"ListItem\",\"position\":2,\"name\":\"Products\",\"item\":\"https:\/\/www.domtechnikpro.com\/index.php\/products\/\"},{\"@type\":\"ListItem\",\"position\":3,\"name\":\"Cenov\u011b V\u00fdhodn\u00fd ZS3321 &#8211; LED P\u0158ENOSN\u00dd REFLEKTOR 20W 1600lm NW\"}]},{\"@type\":\"WebSite\",\"@id\":\"https:\/\/www.domtechnikpro.com\/#website\",\"url\":\"https:\/\/www.domtechnikpro.com\/\",\"name\":\"\",\"description\":\"\",\"potentialAction\":[{\"@type\":\"SearchAction\",\"target\":{\"@type\":\"EntryPoint\",\"urlTemplate\":\"https:\/\/www.domtechnikpro.com\/?s={search_term_string}\"},\"query-input\":{\"@type\":\"PropertyValueSpecification\",\"valueRequired\":true,\"valueName\":\"search_term_string\"}}],\"inLanguage\":\"cs\"}]}<\/script>\n<!-- \/ Yoast SEO plugin. -->","yoast_head_json":{"title":"Cenov\u011b V\u00fdhodn\u00fd ZS3321 - LED P\u0158ENOSN\u00dd REFLEKTOR 20W 1600lm NW -","robots":{"index":"index","follow":"follow","max-snippet":"max-snippet:-1","max-image-preview":"max-image-preview:large","max-video-preview":"max-video-preview:-1"},"canonical":"https:\/\/www.domtechnikpro.com\/index.php\/produkt\/cenove-vyhodny-zs3321-led-prenosny-reflektor-20w-1600lm-nw-12361\/","og_locale":"cs_CZ","og_type":"article","og_title":"Cenov\u011b V\u00fdhodn\u00fd ZS3321 - LED P\u0158ENOSN\u00dd REFLEKTOR 20W 1600lm NW -","og_description":"Osv\u011btlen\u00ed pracovi\u0161\u0165 na stavb\u00e1ch, u rodinn\u00fdch dom\u016f, v gar\u00e1\u017e\u00edch, d\u00edln\u00e1ch, autoservisech.","og_url":"https:\/\/www.domtechnikpro.com\/index.php\/produkt\/cenove-vyhodny-zs3321-led-prenosny-reflektor-20w-1600lm-nw-12361\/","og_image":[{"width":420,"height":420,"url":"https:\/\/www.domtechnikpro.com\/wp-content\/uploads\/2026\/SK0002631-CZ20260425-091813-0-1777079894-gall_c07784f2-a3ee-440a-ae8b-a7903c99ed9717087-led-prenosny.webp","type":"image\/webp"}],"twitter_card":"summary_large_image","schema":{"@context":"https:\/\/schema.org","@graph":[{"@type":"WebPage","@id":"https:\/\/www.domtechnikpro.com\/index.php\/produkt\/cenove-vyhodny-zs3321-led-prenosny-reflektor-20w-1600lm-nw-12361\/","url":"https:\/\/www.domtechnikpro.com\/index.php\/produkt\/cenove-vyhodny-zs3321-led-prenosny-reflektor-20w-1600lm-nw-12361\/","name":"Cenov\u011b V\u00fdhodn\u00fd ZS3321 - LED P\u0158ENOSN\u00dd REFLEKTOR 20W 1600lm NW -","isPartOf":{"@id":"https:\/\/www.domtechnikpro.com\/#website"},"primaryImageOfPage":{"@id":"https:\/\/www.domtechnikpro.com\/index.php\/produkt\/cenove-vyhodny-zs3321-led-prenosny-reflektor-20w-1600lm-nw-12361\/#primaryimage"},"image":{"@id":"https:\/\/www.domtechnikpro.com\/index.php\/produkt\/cenove-vyhodny-zs3321-led-prenosny-reflektor-20w-1600lm-nw-12361\/#primaryimage"},"thumbnailUrl":"https:\/\/www.domtechnikpro.com\/wp-content\/uploads\/2026\/SK0002631-CZ20260425-091813-0-1777079894-gall_c07784f2-a3ee-440a-ae8b-a7903c99ed9717087-led-prenosny.webp","datePublished":"2026-04-26T08:53:23+00:00","breadcrumb":{"@id":"https:\/\/www.domtechnikpro.com\/index.php\/produkt\/cenove-vyhodny-zs3321-led-prenosny-reflektor-20w-1600lm-nw-12361\/#breadcrumb"},"inLanguage":"cs","potentialAction":[{"@type":"ReadAction","target":["https:\/\/www.domtechnikpro.com\/index.php\/produkt\/cenove-vyhodny-zs3321-led-prenosny-reflektor-20w-1600lm-nw-12361\/"]}]},{"@type":"ImageObject","inLanguage":"cs","@id":"https:\/\/www.domtechnikpro.com\/index.php\/produkt\/cenove-vyhodny-zs3321-led-prenosny-reflektor-20w-1600lm-nw-12361\/#primaryimage","url":"https:\/\/www.domtechnikpro.com\/wp-content\/uploads\/2026\/SK0002631-CZ20260425-091813-0-1777079894-gall_c07784f2-a3ee-440a-ae8b-a7903c99ed9717087-led-prenosny.webp","contentUrl":"https:\/\/www.domtechnikpro.com\/wp-content\/uploads\/2026\/SK0002631-CZ20260425-091813-0-1777079894-gall_c07784f2-a3ee-440a-ae8b-a7903c99ed9717087-led-prenosny.webp","width":420,"height":420},{"@type":"BreadcrumbList","@id":"https:\/\/www.domtechnikpro.com\/index.php\/produkt\/cenove-vyhodny-zs3321-led-prenosny-reflektor-20w-1600lm-nw-12361\/#breadcrumb","itemListElement":[{"@type":"ListItem","position":1,"name":"Home","item":"https:\/\/www.domtechnikpro.com\/"},{"@type":"ListItem","position":2,"name":"Products","item":"https:\/\/www.domtechnikpro.com\/index.php\/products\/"},{"@type":"ListItem","position":3,"name":"Cenov\u011b V\u00fdhodn\u00fd ZS3321 &#8211; LED P\u0158ENOSN\u00dd REFLEKTOR 20W 1600lm NW"}]},{"@type":"WebSite","@id":"https:\/\/www.domtechnikpro.com\/#website","url":"https:\/\/www.domtechnikpro.com\/","name":"","description":"","potentialAction":[{"@type":"SearchAction","target":{"@type":"EntryPoint","urlTemplate":"https:\/\/www.domtechnikpro.com\/?s={search_term_string}"},"query-input":{"@type":"PropertyValueSpecification","valueRequired":true,"valueName":"search_term_string"}}],"inLanguage":"cs"}]}},"_links":{"self":[{"href":"https:\/\/www.domtechnikpro.com\/index.php\/wp-json\/wp\/v2\/product\/12361","targetHints":{"allow":["GET"]}}],"collection":[{"href":"https:\/\/www.domtechnikpro.com\/index.php\/wp-json\/wp\/v2\/product"}],"about":[{"href":"https:\/\/www.domtechnikpro.com\/index.php\/wp-json\/wp\/v2\/types\/product"}],"replies":[{"embeddable":true,"href":"https:\/\/www.domtechnikpro.com\/index.php\/wp-json\/wp\/v2\/comments?post=12361"}],"wp:featuredmedia":[{"embeddable":true,"href":"https:\/\/www.domtechnikpro.com\/index.php\/wp-json\/wp\/v2\/media\/12461"}],"wp:attachment":[{"href":"https:\/\/www.domtechnikpro.com\/index.php\/wp-json\/wp\/v2\/media?parent=12361"}],"wp:term":[{"taxonomy":"product_brand","embeddable":true,"href":"https:\/\/www.domtechnikpro.com\/index.php\/wp-json\/wp\/v2\/product_brand?post=12361"},{"taxonomy":"product_cat","embeddable":true,"href":"https:\/\/www.domtechnikpro.com\/index.php\/wp-json\/wp\/v2\/product_cat?post=12361"},{"taxonomy":"product_tag","embeddable":true,"href":"https:\/\/www.domtechnikpro.com\/index.php\/wp-json\/wp\/v2\/product_tag?post=12361"}],"curies":[{"name":"wp","href":"https:\/\/api.w.org\/{rel}","templated":true}]}}