{"id":1141,"date":"2026-04-26T08:52:00","date_gmt":"2026-04-26T08:52:00","guid":{"rendered":""},"modified":"2026-04-26T08:52:00","modified_gmt":"2026-04-26T08:52:00","slug":"specialni-cena-stinidlo-tapered-drum-bile-stary-kod-ast-4049-astro-lighting-1141","status":"publish","type":"product","link":"https:\/\/www.domtechnikpro.com\/index.php\/produkt\/specialni-cena-stinidlo-tapered-drum-bile-stary-kod-ast-4049-astro-lighting-1141\/","title":{"rendered":"Speci\u00e1ln\u00ed Cena St\u00ednidlo Tapered Drum b\u00edl\u00e9 (star\u00fd k\u00f3d: AST 4049) &#8211; ASTRO Lighting"},"content":{"rendered":"<h3 class=\"product-h3\">Popis produktu<\/h3>\n<p>St\u00ednidlo b\u00edl\u00e9 barvy. Odst\u00edn jednotliv\u00fdch dod\u00e1vek se m\u016f\u017ee m\u00edrn\u011b li\u0161it.<\/p>\n<\/p><\/div>\n<div class=\"product-left-popis-vyrobce\">\n<div class='col-xs-12'>\n<h1><strong>ASTRO &ndash; jednodu&scaron;e designov\u011b<\/strong><\/h1>\n<p>\u010cist&yacute; hladk&yacute; design, jednoduch&eacute; tvary, vyt\u0159&iacute;benost stylu a precizn&iacute; zpracov&aacute;n&iacute;, to v&scaron;e d\u011bl&aacute; sv&iacute;tidla anglick&eacute;ho v&yacute;robce <strong>osv\u011btlen&iacute; ASTRO<\/strong> zaj&iacute;mav&yacute;mi a atraktivn&iacute;mi pro v&scaron;echny, kte\u0159&iacute; hledaj&iacute; <strong>kvalitn&iacute; a z&aacute;rove\u0148 designov&eacute; osv\u011btlen&iacute;<\/strong>. Sv&iacute;tidla jsou navrhov&aacute;na tak, aby se pochlubila nad\u010dasov&yacute;m designem, d&iacute;ky tomu se sv&iacute;tidla ASTRO hod&iacute; do ka\u017ed&eacute;ho interi&eacute;ru, v\u010detn\u011b t\u011bch ultra modern&iacute;ch. K&nbsp;v&yacute;rob\u011b jsou pou\u017eity pouze vysoce kvalitn&iacute; materi&aacute;ly, mezi nejobl&iacute;ben\u011bj&scaron;&iacute; povrchov&eacute; &uacute;pravy pat\u0159&iacute; leskl&yacute; chrom a matn&yacute; nikl, velmi roz&scaron;&iacute;\u0159en&eacute; jsou ale i dal&scaron;&iacute; &#8211; matn&aacute; zlat&aacute;, le&scaron;t\u011bn&yacute; hlin&iacute;k, bronz, m\u011b\u010f, kart&aacute;\u010dovan&yacute; nikl, antick&aacute; mosaz). Firma ASTRO vyr&aacute;b&iacute; <strong>sv&iacute;tidla do interi&eacute;ru<\/strong>, mezi kter&yacute;mi m\u016f\u017eete vyb&iacute;rat sv&iacute;tidla stropn&iacute;, z&aacute;v\u011bsn&aacute;, n&aacute;st\u011bnn&aacute;, s&aacute;drov&aacute; i keramick&aacute;, osv\u011btlen&iacute; obraz\u016f, stoln&iacute; i stojac&iacute; lampy. Zvl&aacute;&scaron;tn&iacute; pozornost v\u011bnuje koupelnov&yacute;m sv&iacute;tidl\u016fm. Firma ASTRO nab&iacute;z&iacute; &scaron;irok&yacute; sortiment sv&iacute;tidel nad zrcadlo, z&aacute;pustn&yacute;ch sv&iacute;tidel do sprchov&eacute;ho koutu, vyberete si tu ur\u010dit\u011b i&nbsp;stropn&iacute; \u010di n&aacute;st\u011bnn&aacute; sv&iacute;tidla do koupelny, v&scaron;echna s ochranou IP44 &ndash; IP65. Av&scaron;ak i v&aacute;&scaron; anglick&yacute; tr&aacute;vn&iacute;k vy\u017eaduje \u0159&aacute;dn&eacute; osv\u011btlen&iacute;, proto od firmy ASTRO m\u016f\u017eete vyb&iacute;rat rovn\u011b\u017e <strong>venkovn&iacute; sv&iacute;tidla<\/strong>, p\u0159edev&scaron;&iacute;m sloupkov&aacute;, z&aacute;pustn&aacute;, ale i n&aacute;st\u011bnn&aacute;, z&aacute;v\u011bsn&aacute; \u010di stoln&iacute;.<\/p>\n<p><strong>AULIX &#8211; p\u0159\u00edm\u00fd prodejce sv\u00edtidel ASTRO v \u010cR<\/strong><\/p>\n<\/p><\/div>\n<\/p><\/div>\n<\/p><\/div>\n<p><\/p>\n<div class=\"top-params\">\n<h3 class=\"product-h3 collapse-header \" data-toggle=\"collapse\" data-target=\"#collapseOne\" aria-expanded=\"true\" aria-controls=\"collapseOne\">Parametry<\/h3>\n<div id=\"collapseOne\" class=\"collapse show\" aria-labelledby=\"headingOne\" data-parent=\"#product-info-accordion1\">\n<table class=\"table-striped\">\n<tr>\n<td>                V\u00fdrobce            <\/td>\n<td>                ASTRO            <\/td>\n<\/tr>\n<tr>\n<td>                V\u010detn\u011b sv\u011bteln\u00e9ho zdroje            <\/td>\n<td>                ne            <\/td>\n<\/tr>\n<tr>\n<td>                Kolekce            <\/td>\n<td>                 Tapered Drum             <\/td>\n<\/tr>\n<tr>\n<td>                Barva            <\/td>\n<td>                b\u00edl\u00e1            <\/td>\n<\/tr>\n<tr>\n<td>                Patice            <\/td>\n<td>                E14+E27            <\/td>\n<\/tr>\n<tr>\n<td>                V\u00fd\u0161ka v mm            <\/td>\n<td>                135            <\/td>\n<\/tr>\n<tr>\n<td>                Pr\u016fm\u011br v mm            <\/td>\n<td>                177            <\/td>\n<\/tr>\n<\/table>\n<\/div><\/div>\n<\/div>\n<div class=\"accordion\" id=\"product-info-accordion2\">\n","protected":false},"excerpt":{"rendered":"<p>Popis produktu St\u00ednidlo b\u00edl\u00e9 barvy. Odst\u00edn jednotliv\u00fdch dod\u00e1vek se m\u016f\u017ee m\u00edrn\u011b li\u0161it. ASTRO &ndash; jednodu&scaron;e designov\u011b \u010cist&yacute; hladk&yacute; design, jednoduch&eacute; tvary, vyt\u0159&iacute;benost stylu a precizn&iacute; zpracov&aacute;n&iacute;, to v&scaron;e d\u011bl&aacute; sv&iacute;tidla anglick&eacute;ho v&yacute;robce osv\u011btlen&iacute; ASTRO zaj&iacute;mav&yacute;mi a atraktivn&iacute;mi pro v&scaron;echny, kte\u0159&iacute; hledaj&iacute; kvalitn&iacute; a z&aacute;rove\u0148 designov&eacute; osv\u011btlen&iacute;. Sv&iacute;tidla jsou navrhov&aacute;na tak, aby se pochlubila nad\u010dasov&yacute;m designem, [&hellip;]<\/p>\n","protected":false},"featured_media":1241,"comment_status":"open","ping_status":"open","template":"","meta":[],"product_brand":[],"product_cat":[32],"product_tag":[],"class_list":{"0":"post-1141","1":"product","2":"type-product","3":"status-publish","4":"has-post-thumbnail","6":"product_cat-prislusenstvi","8":"first","9":"instock","10":"sale","11":"shipping-taxable","12":"purchasable","13":"product-type-simple"},"yoast_head":"<!-- This site is optimized with the Yoast SEO plugin v26.8 - https:\/\/yoast.com\/product\/yoast-seo-wordpress\/ -->\n<title>Speci\u00e1ln\u00ed Cena St\u00ednidlo Tapered Drum b\u00edl\u00e9 (star\u00fd k\u00f3d: AST 4049) - ASTRO Lighting -<\/title>\n<meta name=\"robots\" content=\"index, follow, max-snippet:-1, max-image-preview:large, max-video-preview:-1\" \/>\n<link rel=\"canonical\" href=\"https:\/\/www.domtechnikpro.com\/index.php\/produkt\/specialni-cena-stinidlo-tapered-drum-bile-stary-kod-ast-4049-astro-lighting-1141\/\" \/>\n<meta property=\"og:locale\" content=\"cs_CZ\" \/>\n<meta property=\"og:type\" content=\"article\" \/>\n<meta property=\"og:title\" content=\"Speci\u00e1ln\u00ed Cena St\u00ednidlo Tapered Drum b\u00edl\u00e9 (star\u00fd k\u00f3d: AST 4049) - ASTRO Lighting -\" \/>\n<meta property=\"og:description\" content=\"Popis produktu St\u00ednidlo b\u00edl\u00e9 barvy. Odst\u00edn jednotliv\u00fdch dod\u00e1vek se m\u016f\u017ee m\u00edrn\u011b li\u0161it. ASTRO &ndash; jednodu&scaron;e designov\u011b \u010cist&yacute; hladk&yacute; design, jednoduch&eacute; tvary, vyt\u0159&iacute;benost stylu a precizn&iacute; zpracov&aacute;n&iacute;, to v&scaron;e d\u011bl&aacute; sv&iacute;tidla anglick&eacute;ho v&yacute;robce osv\u011btlen&iacute; ASTRO zaj&iacute;mav&yacute;mi a atraktivn&iacute;mi pro v&scaron;echny, kte\u0159&iacute; hledaj&iacute; kvalitn&iacute; a z&aacute;rove\u0148 designov&eacute; osv\u011btlen&iacute;. Sv&iacute;tidla jsou navrhov&aacute;na tak, aby se pochlubila nad\u010dasov&yacute;m designem, [&hellip;]\" \/>\n<meta property=\"og:url\" content=\"https:\/\/www.domtechnikpro.com\/index.php\/produkt\/specialni-cena-stinidlo-tapered-drum-bile-stary-kod-ast-4049-astro-lighting-1141\/\" \/>\n<meta property=\"og:image\" content=\"https:\/\/www.domtechnikpro.com\/wp-content\/uploads\/2026\/SK0002071-CZ20260425-091535-0-1777079743-AST-5013001.webp\" \/>\n\t<meta property=\"og:image:width\" content=\"700\" \/>\n\t<meta property=\"og:image:height\" content=\"560\" \/>\n\t<meta property=\"og:image:type\" content=\"image\/webp\" \/>\n<meta name=\"twitter:card\" content=\"summary_large_image\" \/>\n<meta name=\"twitter:label1\" content=\"Odhadovan\u00e1 doba \u010dten\u00ed\" \/>\n\t<meta name=\"twitter:data1\" content=\"2 minuty\" \/>\n<script type=\"application\/ld+json\" class=\"yoast-schema-graph\">{\"@context\":\"https:\/\/schema.org\",\"@graph\":[{\"@type\":\"WebPage\",\"@id\":\"https:\/\/www.domtechnikpro.com\/index.php\/produkt\/specialni-cena-stinidlo-tapered-drum-bile-stary-kod-ast-4049-astro-lighting-1141\/\",\"url\":\"https:\/\/www.domtechnikpro.com\/index.php\/produkt\/specialni-cena-stinidlo-tapered-drum-bile-stary-kod-ast-4049-astro-lighting-1141\/\",\"name\":\"Speci\u00e1ln\u00ed Cena St\u00ednidlo Tapered Drum b\u00edl\u00e9 (star\u00fd k\u00f3d: AST 4049) - ASTRO Lighting -\",\"isPartOf\":{\"@id\":\"https:\/\/www.domtechnikpro.com\/#website\"},\"primaryImageOfPage\":{\"@id\":\"https:\/\/www.domtechnikpro.com\/index.php\/produkt\/specialni-cena-stinidlo-tapered-drum-bile-stary-kod-ast-4049-astro-lighting-1141\/#primaryimage\"},\"image\":{\"@id\":\"https:\/\/www.domtechnikpro.com\/index.php\/produkt\/specialni-cena-stinidlo-tapered-drum-bile-stary-kod-ast-4049-astro-lighting-1141\/#primaryimage\"},\"thumbnailUrl\":\"https:\/\/www.domtechnikpro.com\/wp-content\/uploads\/2026\/SK0002071-CZ20260425-091535-0-1777079743-AST-5013001.webp\",\"datePublished\":\"2026-04-26T08:52:00+00:00\",\"breadcrumb\":{\"@id\":\"https:\/\/www.domtechnikpro.com\/index.php\/produkt\/specialni-cena-stinidlo-tapered-drum-bile-stary-kod-ast-4049-astro-lighting-1141\/#breadcrumb\"},\"inLanguage\":\"cs\",\"potentialAction\":[{\"@type\":\"ReadAction\",\"target\":[\"https:\/\/www.domtechnikpro.com\/index.php\/produkt\/specialni-cena-stinidlo-tapered-drum-bile-stary-kod-ast-4049-astro-lighting-1141\/\"]}]},{\"@type\":\"ImageObject\",\"inLanguage\":\"cs\",\"@id\":\"https:\/\/www.domtechnikpro.com\/index.php\/produkt\/specialni-cena-stinidlo-tapered-drum-bile-stary-kod-ast-4049-astro-lighting-1141\/#primaryimage\",\"url\":\"https:\/\/www.domtechnikpro.com\/wp-content\/uploads\/2026\/SK0002071-CZ20260425-091535-0-1777079743-AST-5013001.webp\",\"contentUrl\":\"https:\/\/www.domtechnikpro.com\/wp-content\/uploads\/2026\/SK0002071-CZ20260425-091535-0-1777079743-AST-5013001.webp\",\"width\":700,\"height\":560},{\"@type\":\"BreadcrumbList\",\"@id\":\"https:\/\/www.domtechnikpro.com\/index.php\/produkt\/specialni-cena-stinidlo-tapered-drum-bile-stary-kod-ast-4049-astro-lighting-1141\/#breadcrumb\",\"itemListElement\":[{\"@type\":\"ListItem\",\"position\":1,\"name\":\"Home\",\"item\":\"https:\/\/www.domtechnikpro.com\/\"},{\"@type\":\"ListItem\",\"position\":2,\"name\":\"Products\",\"item\":\"https:\/\/www.domtechnikpro.com\/index.php\/products\/\"},{\"@type\":\"ListItem\",\"position\":3,\"name\":\"Speci\u00e1ln\u00ed Cena St\u00ednidlo Tapered Drum b\u00edl\u00e9 (star\u00fd k\u00f3d: AST 4049) &#8211; ASTRO Lighting\"}]},{\"@type\":\"WebSite\",\"@id\":\"https:\/\/www.domtechnikpro.com\/#website\",\"url\":\"https:\/\/www.domtechnikpro.com\/\",\"name\":\"\",\"description\":\"\",\"potentialAction\":[{\"@type\":\"SearchAction\",\"target\":{\"@type\":\"EntryPoint\",\"urlTemplate\":\"https:\/\/www.domtechnikpro.com\/?s={search_term_string}\"},\"query-input\":{\"@type\":\"PropertyValueSpecification\",\"valueRequired\":true,\"valueName\":\"search_term_string\"}}],\"inLanguage\":\"cs\"}]}<\/script>\n<!-- \/ Yoast SEO plugin. -->","yoast_head_json":{"title":"Speci\u00e1ln\u00ed Cena St\u00ednidlo Tapered Drum b\u00edl\u00e9 (star\u00fd k\u00f3d: AST 4049) - ASTRO Lighting -","robots":{"index":"index","follow":"follow","max-snippet":"max-snippet:-1","max-image-preview":"max-image-preview:large","max-video-preview":"max-video-preview:-1"},"canonical":"https:\/\/www.domtechnikpro.com\/index.php\/produkt\/specialni-cena-stinidlo-tapered-drum-bile-stary-kod-ast-4049-astro-lighting-1141\/","og_locale":"cs_CZ","og_type":"article","og_title":"Speci\u00e1ln\u00ed Cena St\u00ednidlo Tapered Drum b\u00edl\u00e9 (star\u00fd k\u00f3d: AST 4049) - ASTRO Lighting -","og_description":"Popis produktu St\u00ednidlo b\u00edl\u00e9 barvy. Odst\u00edn jednotliv\u00fdch dod\u00e1vek se m\u016f\u017ee m\u00edrn\u011b li\u0161it. ASTRO &ndash; jednodu&scaron;e designov\u011b \u010cist&yacute; hladk&yacute; design, jednoduch&eacute; tvary, vyt\u0159&iacute;benost stylu a precizn&iacute; zpracov&aacute;n&iacute;, to v&scaron;e d\u011bl&aacute; sv&iacute;tidla anglick&eacute;ho v&yacute;robce osv\u011btlen&iacute; ASTRO zaj&iacute;mav&yacute;mi a atraktivn&iacute;mi pro v&scaron;echny, kte\u0159&iacute; hledaj&iacute; kvalitn&iacute; a z&aacute;rove\u0148 designov&eacute; osv\u011btlen&iacute;. Sv&iacute;tidla jsou navrhov&aacute;na tak, aby se pochlubila nad\u010dasov&yacute;m designem, [&hellip;]","og_url":"https:\/\/www.domtechnikpro.com\/index.php\/produkt\/specialni-cena-stinidlo-tapered-drum-bile-stary-kod-ast-4049-astro-lighting-1141\/","og_image":[{"width":700,"height":560,"url":"https:\/\/www.domtechnikpro.com\/wp-content\/uploads\/2026\/SK0002071-CZ20260425-091535-0-1777079743-AST-5013001.webp","type":"image\/webp"}],"twitter_card":"summary_large_image","twitter_misc":{"Odhadovan\u00e1 doba \u010dten\u00ed":"2 minuty"},"schema":{"@context":"https:\/\/schema.org","@graph":[{"@type":"WebPage","@id":"https:\/\/www.domtechnikpro.com\/index.php\/produkt\/specialni-cena-stinidlo-tapered-drum-bile-stary-kod-ast-4049-astro-lighting-1141\/","url":"https:\/\/www.domtechnikpro.com\/index.php\/produkt\/specialni-cena-stinidlo-tapered-drum-bile-stary-kod-ast-4049-astro-lighting-1141\/","name":"Speci\u00e1ln\u00ed Cena St\u00ednidlo Tapered Drum b\u00edl\u00e9 (star\u00fd k\u00f3d: AST 4049) - ASTRO Lighting -","isPartOf":{"@id":"https:\/\/www.domtechnikpro.com\/#website"},"primaryImageOfPage":{"@id":"https:\/\/www.domtechnikpro.com\/index.php\/produkt\/specialni-cena-stinidlo-tapered-drum-bile-stary-kod-ast-4049-astro-lighting-1141\/#primaryimage"},"image":{"@id":"https:\/\/www.domtechnikpro.com\/index.php\/produkt\/specialni-cena-stinidlo-tapered-drum-bile-stary-kod-ast-4049-astro-lighting-1141\/#primaryimage"},"thumbnailUrl":"https:\/\/www.domtechnikpro.com\/wp-content\/uploads\/2026\/SK0002071-CZ20260425-091535-0-1777079743-AST-5013001.webp","datePublished":"2026-04-26T08:52:00+00:00","breadcrumb":{"@id":"https:\/\/www.domtechnikpro.com\/index.php\/produkt\/specialni-cena-stinidlo-tapered-drum-bile-stary-kod-ast-4049-astro-lighting-1141\/#breadcrumb"},"inLanguage":"cs","potentialAction":[{"@type":"ReadAction","target":["https:\/\/www.domtechnikpro.com\/index.php\/produkt\/specialni-cena-stinidlo-tapered-drum-bile-stary-kod-ast-4049-astro-lighting-1141\/"]}]},{"@type":"ImageObject","inLanguage":"cs","@id":"https:\/\/www.domtechnikpro.com\/index.php\/produkt\/specialni-cena-stinidlo-tapered-drum-bile-stary-kod-ast-4049-astro-lighting-1141\/#primaryimage","url":"https:\/\/www.domtechnikpro.com\/wp-content\/uploads\/2026\/SK0002071-CZ20260425-091535-0-1777079743-AST-5013001.webp","contentUrl":"https:\/\/www.domtechnikpro.com\/wp-content\/uploads\/2026\/SK0002071-CZ20260425-091535-0-1777079743-AST-5013001.webp","width":700,"height":560},{"@type":"BreadcrumbList","@id":"https:\/\/www.domtechnikpro.com\/index.php\/produkt\/specialni-cena-stinidlo-tapered-drum-bile-stary-kod-ast-4049-astro-lighting-1141\/#breadcrumb","itemListElement":[{"@type":"ListItem","position":1,"name":"Home","item":"https:\/\/www.domtechnikpro.com\/"},{"@type":"ListItem","position":2,"name":"Products","item":"https:\/\/www.domtechnikpro.com\/index.php\/products\/"},{"@type":"ListItem","position":3,"name":"Speci\u00e1ln\u00ed Cena St\u00ednidlo Tapered Drum b\u00edl\u00e9 (star\u00fd k\u00f3d: AST 4049) &#8211; ASTRO Lighting"}]},{"@type":"WebSite","@id":"https:\/\/www.domtechnikpro.com\/#website","url":"https:\/\/www.domtechnikpro.com\/","name":"","description":"","potentialAction":[{"@type":"SearchAction","target":{"@type":"EntryPoint","urlTemplate":"https:\/\/www.domtechnikpro.com\/?s={search_term_string}"},"query-input":{"@type":"PropertyValueSpecification","valueRequired":true,"valueName":"search_term_string"}}],"inLanguage":"cs"}]}},"_links":{"self":[{"href":"https:\/\/www.domtechnikpro.com\/index.php\/wp-json\/wp\/v2\/product\/1141","targetHints":{"allow":["GET"]}}],"collection":[{"href":"https:\/\/www.domtechnikpro.com\/index.php\/wp-json\/wp\/v2\/product"}],"about":[{"href":"https:\/\/www.domtechnikpro.com\/index.php\/wp-json\/wp\/v2\/types\/product"}],"replies":[{"embeddable":true,"href":"https:\/\/www.domtechnikpro.com\/index.php\/wp-json\/wp\/v2\/comments?post=1141"}],"wp:featuredmedia":[{"embeddable":true,"href":"https:\/\/www.domtechnikpro.com\/index.php\/wp-json\/wp\/v2\/media\/1241"}],"wp:attachment":[{"href":"https:\/\/www.domtechnikpro.com\/index.php\/wp-json\/wp\/v2\/media?parent=1141"}],"wp:term":[{"taxonomy":"product_brand","embeddable":true,"href":"https:\/\/www.domtechnikpro.com\/index.php\/wp-json\/wp\/v2\/product_brand?post=1141"},{"taxonomy":"product_cat","embeddable":true,"href":"https:\/\/www.domtechnikpro.com\/index.php\/wp-json\/wp\/v2\/product_cat?post=1141"},{"taxonomy":"product_tag","embeddable":true,"href":"https:\/\/www.domtechnikpro.com\/index.php\/wp-json\/wp\/v2\/product_tag?post=1141"}],"curies":[{"name":"wp","href":"https:\/\/api.w.org\/{rel}","templated":true}]}}