{"id":1101,"date":"2026-04-26T08:52:00","date_gmt":"2026-04-26T08:52:00","guid":{"rendered":""},"modified":"2026-04-26T08:52:00","modified_gmt":"2026-04-26T08:52:00","slug":"nastenne-svitidlo-amat-320-12w-e27-keramika-astro-lighting-vikendova-akce-1101","status":"publish","type":"product","link":"https:\/\/www.domtechnikpro.com\/index.php\/produkt\/nastenne-svitidlo-amat-320-12w-e27-keramika-astro-lighting-vikendova-akce-1101\/","title":{"rendered":"N\u00e1st\u011bnn\u00e9 sv\u00edtidlo Amat 320 12W E27 keramika &#8211; ASTRO Lighting V\u00edkendov\u00e1 Akce"},"content":{"rendered":"<p><\/p>\n<div class=\"top-params\">\n<h3 class=\"product-h3 collapse-header \" data-toggle=\"collapse\" data-target=\"#collapseOne\" aria-expanded=\"true\" aria-controls=\"collapseOne\">Parametry<\/h3>\n<div id=\"collapseOne\" class=\"collapse show\" aria-labelledby=\"headingOne\" data-parent=\"#product-info-accordion1\">\n<table class=\"table-striped\">\n<tr>\n<td>                V\u00fd\u0161ka v mm            <\/td>\n<td>                125            <\/td>\n<\/tr>\n<tr>\n<td>                T\u0159\u00edda ochrany            <\/td>\n<td>                II            <\/td>\n<\/tr>\n<tr>\n<td>                \u0160\u00ed\u0159ka v mm            <\/td>\n<td>                320            <\/td>\n<\/tr>\n<tr>\n<td>                Hloubka v mm            <\/td>\n<td>                110            <\/td>\n<\/tr>\n<tr>\n<td>                Ochrana IP            <\/td>\n<td>                IP20            <\/td>\n<\/tr>\n<tr>\n<td>                Max. p\u0159\u00edkon sv\u011bteln\u00e9ho zdroje            <\/td>\n<td>                12W            <\/td>\n<\/tr>\n<tr>\n<td>                V\u00fdkon            <\/td>\n<td>                12W            <\/td>\n<\/tr>\n<tr>\n<td>                Nap\u00e1jec\u00ed nap\u011bt\u00ed            <\/td>\n<td>                230V            <\/td>\n<\/tr>\n<tr>\n<td>                Patice            <\/td>\n<td>                E27            <\/td>\n<\/tr>\n<tr>\n<td>                V\u010detn\u011b sv\u011bteln\u00e9ho zdroje            <\/td>\n<td>                ne            <\/td>\n<\/tr>\n<tr>\n<td>                Barva            <\/td>\n<td>                keramika            <\/td>\n<\/tr>\n<tr>\n<td>                Kolekce            <\/td>\n<td>                Amat            <\/td>\n<\/tr>\n<tr>\n<td>                Po\u010det sv\u011bteln\u00fdch zdroj\u016f            <\/td>\n<td>                1            <\/td>\n<\/tr>\n<tr>\n<td>                V\u00fdrobce            <\/td>\n<td>                ASTRO            <\/td>\n<\/tr>\n<\/table>\n<\/div><\/div>\n<\/div>\n<div class=\"accordion\" id=\"product-info-accordion2\">\n","protected":false},"excerpt":{"rendered":"<p>Parametry V\u00fd\u0161ka v mm 125 T\u0159\u00edda ochrany II \u0160\u00ed\u0159ka v mm 320 Hloubka v mm 110 Ochrana IP IP20 Max. p\u0159\u00edkon sv\u011bteln\u00e9ho zdroje 12W V\u00fdkon 12W Nap\u00e1jec\u00ed nap\u011bt\u00ed 230V Patice E27 V\u010detn\u011b sv\u011bteln\u00e9ho zdroje ne Barva keramika Kolekce Amat Po\u010det sv\u011bteln\u00fdch zdroj\u016f 1 V\u00fdrobce ASTRO<\/p>\n","protected":false},"featured_media":1201,"comment_status":"open","ping_status":"open","template":"","meta":[],"product_brand":[],"product_cat":[31],"product_tag":[],"class_list":{"0":"post-1101","1":"product","2":"type-product","3":"status-publish","4":"has-post-thumbnail","6":"product_cat-interierova-svitidla","8":"first","9":"instock","10":"sale","11":"shipping-taxable","12":"purchasable","13":"product-type-simple"},"yoast_head":"<!-- This site is optimized with the Yoast SEO plugin v26.8 - https:\/\/yoast.com\/product\/yoast-seo-wordpress\/ -->\n<title>N\u00e1st\u011bnn\u00e9 sv\u00edtidlo Amat 320 12W E27 keramika - ASTRO Lighting V\u00edkendov\u00e1 Akce -<\/title>\n<meta name=\"robots\" content=\"index, follow, max-snippet:-1, max-image-preview:large, max-video-preview:-1\" \/>\n<link rel=\"canonical\" href=\"https:\/\/www.domtechnikpro.com\/index.php\/produkt\/nastenne-svitidlo-amat-320-12w-e27-keramika-astro-lighting-vikendova-akce-1101\/\" \/>\n<meta property=\"og:locale\" content=\"cs_CZ\" \/>\n<meta property=\"og:type\" content=\"article\" \/>\n<meta property=\"og:title\" content=\"N\u00e1st\u011bnn\u00e9 sv\u00edtidlo Amat 320 12W E27 keramika - ASTRO Lighting V\u00edkendov\u00e1 Akce -\" \/>\n<meta property=\"og:description\" content=\"Parametry V\u00fd\u0161ka v mm 125 T\u0159\u00edda ochrany II \u0160\u00ed\u0159ka v mm 320 Hloubka v mm 110 Ochrana IP IP20 Max. p\u0159\u00edkon sv\u011bteln\u00e9ho zdroje 12W V\u00fdkon 12W Nap\u00e1jec\u00ed nap\u011bt\u00ed 230V Patice E27 V\u010detn\u011b sv\u011bteln\u00e9ho zdroje ne Barva keramika Kolekce Amat Po\u010det sv\u011bteln\u00fdch zdroj\u016f 1 V\u00fdrobce ASTRO\" \/>\n<meta property=\"og:url\" content=\"https:\/\/www.domtechnikpro.com\/index.php\/produkt\/nastenne-svitidlo-amat-320-12w-e27-keramika-astro-lighting-vikendova-akce-1101\/\" \/>\n<meta property=\"og:image\" content=\"https:\/\/www.domtechnikpro.com\/wp-content\/uploads\/2026\/SK0002031-CZ20260425-091535-0-1777079743-AST-1432001.webp\" \/>\n\t<meta property=\"og:image:width\" content=\"800\" \/>\n\t<meta property=\"og:image:height\" content=\"800\" \/>\n\t<meta property=\"og:image:type\" content=\"image\/webp\" \/>\n<meta name=\"twitter:card\" content=\"summary_large_image\" \/>\n<script type=\"application\/ld+json\" class=\"yoast-schema-graph\">{\"@context\":\"https:\/\/schema.org\",\"@graph\":[{\"@type\":\"WebPage\",\"@id\":\"https:\/\/www.domtechnikpro.com\/index.php\/produkt\/nastenne-svitidlo-amat-320-12w-e27-keramika-astro-lighting-vikendova-akce-1101\/\",\"url\":\"https:\/\/www.domtechnikpro.com\/index.php\/produkt\/nastenne-svitidlo-amat-320-12w-e27-keramika-astro-lighting-vikendova-akce-1101\/\",\"name\":\"N\u00e1st\u011bnn\u00e9 sv\u00edtidlo Amat 320 12W E27 keramika - ASTRO Lighting V\u00edkendov\u00e1 Akce -\",\"isPartOf\":{\"@id\":\"https:\/\/www.domtechnikpro.com\/#website\"},\"primaryImageOfPage\":{\"@id\":\"https:\/\/www.domtechnikpro.com\/index.php\/produkt\/nastenne-svitidlo-amat-320-12w-e27-keramika-astro-lighting-vikendova-akce-1101\/#primaryimage\"},\"image\":{\"@id\":\"https:\/\/www.domtechnikpro.com\/index.php\/produkt\/nastenne-svitidlo-amat-320-12w-e27-keramika-astro-lighting-vikendova-akce-1101\/#primaryimage\"},\"thumbnailUrl\":\"https:\/\/www.domtechnikpro.com\/wp-content\/uploads\/2026\/SK0002031-CZ20260425-091535-0-1777079743-AST-1432001.webp\",\"datePublished\":\"2026-04-26T08:52:00+00:00\",\"breadcrumb\":{\"@id\":\"https:\/\/www.domtechnikpro.com\/index.php\/produkt\/nastenne-svitidlo-amat-320-12w-e27-keramika-astro-lighting-vikendova-akce-1101\/#breadcrumb\"},\"inLanguage\":\"cs\",\"potentialAction\":[{\"@type\":\"ReadAction\",\"target\":[\"https:\/\/www.domtechnikpro.com\/index.php\/produkt\/nastenne-svitidlo-amat-320-12w-e27-keramika-astro-lighting-vikendova-akce-1101\/\"]}]},{\"@type\":\"ImageObject\",\"inLanguage\":\"cs\",\"@id\":\"https:\/\/www.domtechnikpro.com\/index.php\/produkt\/nastenne-svitidlo-amat-320-12w-e27-keramika-astro-lighting-vikendova-akce-1101\/#primaryimage\",\"url\":\"https:\/\/www.domtechnikpro.com\/wp-content\/uploads\/2026\/SK0002031-CZ20260425-091535-0-1777079743-AST-1432001.webp\",\"contentUrl\":\"https:\/\/www.domtechnikpro.com\/wp-content\/uploads\/2026\/SK0002031-CZ20260425-091535-0-1777079743-AST-1432001.webp\",\"width\":800,\"height\":800},{\"@type\":\"BreadcrumbList\",\"@id\":\"https:\/\/www.domtechnikpro.com\/index.php\/produkt\/nastenne-svitidlo-amat-320-12w-e27-keramika-astro-lighting-vikendova-akce-1101\/#breadcrumb\",\"itemListElement\":[{\"@type\":\"ListItem\",\"position\":1,\"name\":\"Home\",\"item\":\"https:\/\/www.domtechnikpro.com\/\"},{\"@type\":\"ListItem\",\"position\":2,\"name\":\"Products\",\"item\":\"https:\/\/www.domtechnikpro.com\/index.php\/products\/\"},{\"@type\":\"ListItem\",\"position\":3,\"name\":\"N\u00e1st\u011bnn\u00e9 sv\u00edtidlo Amat 320 12W E27 keramika &#8211; ASTRO Lighting V\u00edkendov\u00e1 Akce\"}]},{\"@type\":\"WebSite\",\"@id\":\"https:\/\/www.domtechnikpro.com\/#website\",\"url\":\"https:\/\/www.domtechnikpro.com\/\",\"name\":\"\",\"description\":\"\",\"potentialAction\":[{\"@type\":\"SearchAction\",\"target\":{\"@type\":\"EntryPoint\",\"urlTemplate\":\"https:\/\/www.domtechnikpro.com\/?s={search_term_string}\"},\"query-input\":{\"@type\":\"PropertyValueSpecification\",\"valueRequired\":true,\"valueName\":\"search_term_string\"}}],\"inLanguage\":\"cs\"}]}<\/script>\n<!-- \/ Yoast SEO plugin. -->","yoast_head_json":{"title":"N\u00e1st\u011bnn\u00e9 sv\u00edtidlo Amat 320 12W E27 keramika - ASTRO Lighting V\u00edkendov\u00e1 Akce -","robots":{"index":"index","follow":"follow","max-snippet":"max-snippet:-1","max-image-preview":"max-image-preview:large","max-video-preview":"max-video-preview:-1"},"canonical":"https:\/\/www.domtechnikpro.com\/index.php\/produkt\/nastenne-svitidlo-amat-320-12w-e27-keramika-astro-lighting-vikendova-akce-1101\/","og_locale":"cs_CZ","og_type":"article","og_title":"N\u00e1st\u011bnn\u00e9 sv\u00edtidlo Amat 320 12W E27 keramika - ASTRO Lighting V\u00edkendov\u00e1 Akce -","og_description":"Parametry V\u00fd\u0161ka v mm 125 T\u0159\u00edda ochrany II \u0160\u00ed\u0159ka v mm 320 Hloubka v mm 110 Ochrana IP IP20 Max. p\u0159\u00edkon sv\u011bteln\u00e9ho zdroje 12W V\u00fdkon 12W Nap\u00e1jec\u00ed nap\u011bt\u00ed 230V Patice E27 V\u010detn\u011b sv\u011bteln\u00e9ho zdroje ne Barva keramika Kolekce Amat Po\u010det sv\u011bteln\u00fdch zdroj\u016f 1 V\u00fdrobce ASTRO","og_url":"https:\/\/www.domtechnikpro.com\/index.php\/produkt\/nastenne-svitidlo-amat-320-12w-e27-keramika-astro-lighting-vikendova-akce-1101\/","og_image":[{"width":800,"height":800,"url":"https:\/\/www.domtechnikpro.com\/wp-content\/uploads\/2026\/SK0002031-CZ20260425-091535-0-1777079743-AST-1432001.webp","type":"image\/webp"}],"twitter_card":"summary_large_image","schema":{"@context":"https:\/\/schema.org","@graph":[{"@type":"WebPage","@id":"https:\/\/www.domtechnikpro.com\/index.php\/produkt\/nastenne-svitidlo-amat-320-12w-e27-keramika-astro-lighting-vikendova-akce-1101\/","url":"https:\/\/www.domtechnikpro.com\/index.php\/produkt\/nastenne-svitidlo-amat-320-12w-e27-keramika-astro-lighting-vikendova-akce-1101\/","name":"N\u00e1st\u011bnn\u00e9 sv\u00edtidlo Amat 320 12W E27 keramika - ASTRO Lighting V\u00edkendov\u00e1 Akce -","isPartOf":{"@id":"https:\/\/www.domtechnikpro.com\/#website"},"primaryImageOfPage":{"@id":"https:\/\/www.domtechnikpro.com\/index.php\/produkt\/nastenne-svitidlo-amat-320-12w-e27-keramika-astro-lighting-vikendova-akce-1101\/#primaryimage"},"image":{"@id":"https:\/\/www.domtechnikpro.com\/index.php\/produkt\/nastenne-svitidlo-amat-320-12w-e27-keramika-astro-lighting-vikendova-akce-1101\/#primaryimage"},"thumbnailUrl":"https:\/\/www.domtechnikpro.com\/wp-content\/uploads\/2026\/SK0002031-CZ20260425-091535-0-1777079743-AST-1432001.webp","datePublished":"2026-04-26T08:52:00+00:00","breadcrumb":{"@id":"https:\/\/www.domtechnikpro.com\/index.php\/produkt\/nastenne-svitidlo-amat-320-12w-e27-keramika-astro-lighting-vikendova-akce-1101\/#breadcrumb"},"inLanguage":"cs","potentialAction":[{"@type":"ReadAction","target":["https:\/\/www.domtechnikpro.com\/index.php\/produkt\/nastenne-svitidlo-amat-320-12w-e27-keramika-astro-lighting-vikendova-akce-1101\/"]}]},{"@type":"ImageObject","inLanguage":"cs","@id":"https:\/\/www.domtechnikpro.com\/index.php\/produkt\/nastenne-svitidlo-amat-320-12w-e27-keramika-astro-lighting-vikendova-akce-1101\/#primaryimage","url":"https:\/\/www.domtechnikpro.com\/wp-content\/uploads\/2026\/SK0002031-CZ20260425-091535-0-1777079743-AST-1432001.webp","contentUrl":"https:\/\/www.domtechnikpro.com\/wp-content\/uploads\/2026\/SK0002031-CZ20260425-091535-0-1777079743-AST-1432001.webp","width":800,"height":800},{"@type":"BreadcrumbList","@id":"https:\/\/www.domtechnikpro.com\/index.php\/produkt\/nastenne-svitidlo-amat-320-12w-e27-keramika-astro-lighting-vikendova-akce-1101\/#breadcrumb","itemListElement":[{"@type":"ListItem","position":1,"name":"Home","item":"https:\/\/www.domtechnikpro.com\/"},{"@type":"ListItem","position":2,"name":"Products","item":"https:\/\/www.domtechnikpro.com\/index.php\/products\/"},{"@type":"ListItem","position":3,"name":"N\u00e1st\u011bnn\u00e9 sv\u00edtidlo Amat 320 12W E27 keramika &#8211; ASTRO Lighting V\u00edkendov\u00e1 Akce"}]},{"@type":"WebSite","@id":"https:\/\/www.domtechnikpro.com\/#website","url":"https:\/\/www.domtechnikpro.com\/","name":"","description":"","potentialAction":[{"@type":"SearchAction","target":{"@type":"EntryPoint","urlTemplate":"https:\/\/www.domtechnikpro.com\/?s={search_term_string}"},"query-input":{"@type":"PropertyValueSpecification","valueRequired":true,"valueName":"search_term_string"}}],"inLanguage":"cs"}]}},"_links":{"self":[{"href":"https:\/\/www.domtechnikpro.com\/index.php\/wp-json\/wp\/v2\/product\/1101","targetHints":{"allow":["GET"]}}],"collection":[{"href":"https:\/\/www.domtechnikpro.com\/index.php\/wp-json\/wp\/v2\/product"}],"about":[{"href":"https:\/\/www.domtechnikpro.com\/index.php\/wp-json\/wp\/v2\/types\/product"}],"replies":[{"embeddable":true,"href":"https:\/\/www.domtechnikpro.com\/index.php\/wp-json\/wp\/v2\/comments?post=1101"}],"wp:featuredmedia":[{"embeddable":true,"href":"https:\/\/www.domtechnikpro.com\/index.php\/wp-json\/wp\/v2\/media\/1201"}],"wp:attachment":[{"href":"https:\/\/www.domtechnikpro.com\/index.php\/wp-json\/wp\/v2\/media?parent=1101"}],"wp:term":[{"taxonomy":"product_brand","embeddable":true,"href":"https:\/\/www.domtechnikpro.com\/index.php\/wp-json\/wp\/v2\/product_brand?post=1101"},{"taxonomy":"product_cat","embeddable":true,"href":"https:\/\/www.domtechnikpro.com\/index.php\/wp-json\/wp\/v2\/product_cat?post=1101"},{"taxonomy":"product_tag","embeddable":true,"href":"https:\/\/www.domtechnikpro.com\/index.php\/wp-json\/wp\/v2\/product_tag?post=1101"}],"curies":[{"name":"wp","href":"https:\/\/api.w.org\/{rel}","templated":true}]}}