{"id":10913,"date":"2026-04-26T08:53:07","date_gmt":"2026-04-26T08:53:07","guid":{"rendered":""},"modified":"2026-04-26T08:53:07","modified_gmt":"2026-04-26T08:53:07","slug":"znackovy-pasky-vazaci-120-x-2-5-mm-50-ks-cerna-123950-10913","status":"publish","type":"product","link":"https:\/\/www.domtechnikpro.com\/produkt\/znackovy-pasky-vazaci-120-x-2-5-mm-50-ks-cerna-123950-10913\/","title":{"rendered":"Zna\u010dkov\u00fd P\u00e1sky v\u00e1zac\u00ed 120 x 2,5 mm, 50 ks, \u010dern\u00e1 (123950)"},"content":{"rendered":"<div class=\"tmc_edt\">\n<ul>\n<li><font face=\"Segoe UI\"><font face=\"Segoe UI\">Ur\u010deny pro rychl\u00e9 svazov\u00e1n\u00ed kabel\u016f, k p\u0159ichycen\u00ed rostlin k podp\u011b\u0159e, s\u00edt\u011b k plotu apod. <\/font><\/font><\/li>\n<li><font face=\"Segoe UI\">Ur\u010deny k n\u011bkolikan\u00e1sobn\u00e9mu pou\u017eit\u00ed, proto\u017ee se lehce zaji\u0161\u0165uj\u00ed a rozeb\u00edraj\u00ed.<\/font><\/li>\n<\/ul>\n<p><font face=\"Segoe UI\"><br \/><\/font><\/p>\n<\/p><\/div>\n<\/p><\/div>\n","protected":false},"excerpt":{"rendered":"<p>Ur\u010deny pro rychl\u00e9 svazov\u00e1n\u00ed kabel\u016f, k p\u0159ichycen\u00ed rostlin k podp\u011b\u0159e, s\u00edt\u011b k plotu apod. Ur\u010deny k n\u011bkolikan\u00e1sobn\u00e9mu pou\u017eit\u00ed, proto\u017ee se lehce zaji\u0161\u0165uj\u00ed a rozeb\u00edraj\u00ed.<\/p>\n","protected":false},"featured_media":11013,"comment_status":"open","ping_status":"open","template":"","meta":[],"product_brand":[],"product_cat":[63],"product_tag":[],"class_list":{"0":"post-10913","1":"product","2":"type-product","3":"status-publish","4":"has-post-thumbnail","6":"product_cat-naradi","8":"first","9":"instock","10":"sale","11":"shipping-taxable","12":"purchasable","13":"product-type-simple"},"yoast_head":"<!-- This site is optimized with the Yoast SEO plugin v26.8 - https:\/\/yoast.com\/product\/yoast-seo-wordpress\/ -->\n<title>Zna\u010dkov\u00fd P\u00e1sky v\u00e1zac\u00ed 120 x 2,5 mm, 50 ks, \u010dern\u00e1 (123950) - Pr\u016fmyslov\u00e9 vybaven\u00ed a p\u0159\u00edslu\u0161enstv\u00ed<\/title>\n<meta name=\"robots\" content=\"index, follow, max-snippet:-1, max-image-preview:large, max-video-preview:-1\" \/>\n<link rel=\"canonical\" href=\"https:\/\/www.domtechnikpro.com\/index.php\/produkt\/znackovy-pasky-vazaci-120-x-2-5-mm-50-ks-cerna-123950-10913\/\" \/>\n<meta property=\"og:locale\" content=\"cs_CZ\" \/>\n<meta property=\"og:type\" content=\"article\" \/>\n<meta property=\"og:title\" content=\"Zna\u010dkov\u00fd P\u00e1sky v\u00e1zac\u00ed 120 x 2,5 mm, 50 ks, \u010dern\u00e1 (123950) - Pr\u016fmyslov\u00e9 vybaven\u00ed a p\u0159\u00edslu\u0161enstv\u00ed\" \/>\n<meta property=\"og:description\" content=\"Ur\u010deny pro rychl\u00e9 svazov\u00e1n\u00ed kabel\u016f, k p\u0159ichycen\u00ed rostlin k podp\u011b\u0159e, s\u00edt\u011b k plotu apod. Ur\u010deny k n\u011bkolikan\u00e1sobn\u00e9mu pou\u017eit\u00ed, proto\u017ee se lehce zaji\u0161\u0165uj\u00ed a rozeb\u00edraj\u00ed.\" \/>\n<meta property=\"og:url\" content=\"https:\/\/www.domtechnikpro.com\/index.php\/produkt\/znackovy-pasky-vazaci-120-x-2-5-mm-50-ks-cerna-123950-10913\/\" \/>\n<meta property=\"og:site_name\" content=\"Pr\u016fmyslov\u00e9 vybaven\u00ed a p\u0159\u00edslu\u0161enstv\u00ed\" \/>\n<meta property=\"og:image\" content=\"https:\/\/www.domtechnikpro.com\/wp-content\/uploads\/2026\/SK0001878-CZ20260425-091813-0-1777079894-gall_49c11568-49a1-4334-bb54-0c7abfbc5fbf4976-23810-pasky-v.webp\" \/>\n\t<meta property=\"og:image:width\" content=\"420\" \/>\n\t<meta property=\"og:image:height\" content=\"280\" \/>\n\t<meta property=\"og:image:type\" content=\"image\/webp\" \/>\n<meta name=\"twitter:card\" content=\"summary_large_image\" \/>\n<script type=\"application\/ld+json\" class=\"yoast-schema-graph\">{\"@context\":\"https:\/\/schema.org\",\"@graph\":[{\"@type\":\"WebPage\",\"@id\":\"https:\/\/www.domtechnikpro.com\/index.php\/produkt\/znackovy-pasky-vazaci-120-x-2-5-mm-50-ks-cerna-123950-10913\/\",\"url\":\"https:\/\/www.domtechnikpro.com\/index.php\/produkt\/znackovy-pasky-vazaci-120-x-2-5-mm-50-ks-cerna-123950-10913\/\",\"name\":\"Zna\u010dkov\u00fd P\u00e1sky v\u00e1zac\u00ed 120 x 2,5 mm, 50 ks, \u010dern\u00e1 (123950) - Pr\u016fmyslov\u00e9 vybaven\u00ed a p\u0159\u00edslu\u0161enstv\u00ed\",\"isPartOf\":{\"@id\":\"https:\/\/www.domtechnikpro.com\/#website\"},\"primaryImageOfPage\":{\"@id\":\"https:\/\/www.domtechnikpro.com\/index.php\/produkt\/znackovy-pasky-vazaci-120-x-2-5-mm-50-ks-cerna-123950-10913\/#primaryimage\"},\"image\":{\"@id\":\"https:\/\/www.domtechnikpro.com\/index.php\/produkt\/znackovy-pasky-vazaci-120-x-2-5-mm-50-ks-cerna-123950-10913\/#primaryimage\"},\"thumbnailUrl\":\"https:\/\/www.domtechnikpro.com\/wp-content\/uploads\/2026\/SK0001878-CZ20260425-091813-0-1777079894-gall_49c11568-49a1-4334-bb54-0c7abfbc5fbf4976-23810-pasky-v.webp\",\"datePublished\":\"2026-04-26T08:53:07+00:00\",\"breadcrumb\":{\"@id\":\"https:\/\/www.domtechnikpro.com\/index.php\/produkt\/znackovy-pasky-vazaci-120-x-2-5-mm-50-ks-cerna-123950-10913\/#breadcrumb\"},\"inLanguage\":\"cs\",\"potentialAction\":[{\"@type\":\"ReadAction\",\"target\":[\"https:\/\/www.domtechnikpro.com\/index.php\/produkt\/znackovy-pasky-vazaci-120-x-2-5-mm-50-ks-cerna-123950-10913\/\"]}]},{\"@type\":\"ImageObject\",\"inLanguage\":\"cs\",\"@id\":\"https:\/\/www.domtechnikpro.com\/index.php\/produkt\/znackovy-pasky-vazaci-120-x-2-5-mm-50-ks-cerna-123950-10913\/#primaryimage\",\"url\":\"https:\/\/www.domtechnikpro.com\/wp-content\/uploads\/2026\/SK0001878-CZ20260425-091813-0-1777079894-gall_49c11568-49a1-4334-bb54-0c7abfbc5fbf4976-23810-pasky-v.webp\",\"contentUrl\":\"https:\/\/www.domtechnikpro.com\/wp-content\/uploads\/2026\/SK0001878-CZ20260425-091813-0-1777079894-gall_49c11568-49a1-4334-bb54-0c7abfbc5fbf4976-23810-pasky-v.webp\",\"width\":420,\"height\":280},{\"@type\":\"BreadcrumbList\",\"@id\":\"https:\/\/www.domtechnikpro.com\/index.php\/produkt\/znackovy-pasky-vazaci-120-x-2-5-mm-50-ks-cerna-123950-10913\/#breadcrumb\",\"itemListElement\":[{\"@type\":\"ListItem\",\"position\":1,\"name\":\"Home\",\"item\":\"https:\/\/www.domtechnikpro.com\/\"},{\"@type\":\"ListItem\",\"position\":2,\"name\":\"Products\",\"item\":\"https:\/\/www.domtechnikpro.com\/products\/\"},{\"@type\":\"ListItem\",\"position\":3,\"name\":\"Zna\u010dkov\u00fd P\u00e1sky v\u00e1zac\u00ed 120 x 2,5 mm, 50 ks, \u010dern\u00e1 (123950)\"}]},{\"@type\":\"WebSite\",\"@id\":\"https:\/\/www.domtechnikpro.com\/#website\",\"url\":\"https:\/\/www.domtechnikpro.com\/\",\"name\":\"Pr\u016fmyslov\u00e9 vybaven\u00ed a p\u0159\u00edslu\u0161enstv\u00ed\",\"description\":\"Pr\u016fmyslov\u00e9 vybaven\u00ed a p\u0159\u00edslu\u0161enstv\u00ed\",\"publisher\":{\"@id\":\"https:\/\/www.domtechnikpro.com\/#organization\"},\"potentialAction\":[{\"@type\":\"SearchAction\",\"target\":{\"@type\":\"EntryPoint\",\"urlTemplate\":\"https:\/\/www.domtechnikpro.com\/?s={search_term_string}\"},\"query-input\":{\"@type\":\"PropertyValueSpecification\",\"valueRequired\":true,\"valueName\":\"search_term_string\"}}],\"inLanguage\":\"cs\"},{\"@type\":\"Organization\",\"@id\":\"https:\/\/www.domtechnikpro.com\/#organization\",\"name\":\"Pr\u016fmyslov\u00e9 vybaven\u00ed a p\u0159\u00edslu\u0161enstv\u00ed\",\"url\":\"https:\/\/www.domtechnikpro.com\/\",\"logo\":{\"@type\":\"ImageObject\",\"inLanguage\":\"cs\",\"@id\":\"https:\/\/www.domtechnikpro.com\/#\/schema\/logo\/image\/\",\"url\":\"https:\/\/www.domtechnikpro.com\/wp-content\/uploads\/2026\/04\/domtechnikpro_logo_full.svg\",\"contentUrl\":\"https:\/\/www.domtechnikpro.com\/wp-content\/uploads\/2026\/04\/domtechnikpro_logo_full.svg\",\"width\":920,\"height\":180,\"caption\":\"Pr\u016fmyslov\u00e9 vybaven\u00ed a p\u0159\u00edslu\u0161enstv\u00ed\"},\"image\":{\"@id\":\"https:\/\/www.domtechnikpro.com\/#\/schema\/logo\/image\/\"}}]}<\/script>\n<!-- \/ Yoast SEO plugin. -->","yoast_head_json":{"title":"Zna\u010dkov\u00fd P\u00e1sky v\u00e1zac\u00ed 120 x 2,5 mm, 50 ks, \u010dern\u00e1 (123950) - Pr\u016fmyslov\u00e9 vybaven\u00ed a p\u0159\u00edslu\u0161enstv\u00ed","robots":{"index":"index","follow":"follow","max-snippet":"max-snippet:-1","max-image-preview":"max-image-preview:large","max-video-preview":"max-video-preview:-1"},"canonical":"https:\/\/www.domtechnikpro.com\/index.php\/produkt\/znackovy-pasky-vazaci-120-x-2-5-mm-50-ks-cerna-123950-10913\/","og_locale":"cs_CZ","og_type":"article","og_title":"Zna\u010dkov\u00fd P\u00e1sky v\u00e1zac\u00ed 120 x 2,5 mm, 50 ks, \u010dern\u00e1 (123950) - Pr\u016fmyslov\u00e9 vybaven\u00ed a p\u0159\u00edslu\u0161enstv\u00ed","og_description":"Ur\u010deny pro rychl\u00e9 svazov\u00e1n\u00ed kabel\u016f, k p\u0159ichycen\u00ed rostlin k podp\u011b\u0159e, s\u00edt\u011b k plotu apod. Ur\u010deny k n\u011bkolikan\u00e1sobn\u00e9mu pou\u017eit\u00ed, proto\u017ee se lehce zaji\u0161\u0165uj\u00ed a rozeb\u00edraj\u00ed.","og_url":"https:\/\/www.domtechnikpro.com\/index.php\/produkt\/znackovy-pasky-vazaci-120-x-2-5-mm-50-ks-cerna-123950-10913\/","og_site_name":"Pr\u016fmyslov\u00e9 vybaven\u00ed a p\u0159\u00edslu\u0161enstv\u00ed","og_image":[{"width":420,"height":280,"url":"https:\/\/www.domtechnikpro.com\/wp-content\/uploads\/2026\/SK0001878-CZ20260425-091813-0-1777079894-gall_49c11568-49a1-4334-bb54-0c7abfbc5fbf4976-23810-pasky-v.webp","type":"image\/webp"}],"twitter_card":"summary_large_image","schema":{"@context":"https:\/\/schema.org","@graph":[{"@type":"WebPage","@id":"https:\/\/www.domtechnikpro.com\/index.php\/produkt\/znackovy-pasky-vazaci-120-x-2-5-mm-50-ks-cerna-123950-10913\/","url":"https:\/\/www.domtechnikpro.com\/index.php\/produkt\/znackovy-pasky-vazaci-120-x-2-5-mm-50-ks-cerna-123950-10913\/","name":"Zna\u010dkov\u00fd P\u00e1sky v\u00e1zac\u00ed 120 x 2,5 mm, 50 ks, \u010dern\u00e1 (123950) - Pr\u016fmyslov\u00e9 vybaven\u00ed a p\u0159\u00edslu\u0161enstv\u00ed","isPartOf":{"@id":"https:\/\/www.domtechnikpro.com\/#website"},"primaryImageOfPage":{"@id":"https:\/\/www.domtechnikpro.com\/index.php\/produkt\/znackovy-pasky-vazaci-120-x-2-5-mm-50-ks-cerna-123950-10913\/#primaryimage"},"image":{"@id":"https:\/\/www.domtechnikpro.com\/index.php\/produkt\/znackovy-pasky-vazaci-120-x-2-5-mm-50-ks-cerna-123950-10913\/#primaryimage"},"thumbnailUrl":"https:\/\/www.domtechnikpro.com\/wp-content\/uploads\/2026\/SK0001878-CZ20260425-091813-0-1777079894-gall_49c11568-49a1-4334-bb54-0c7abfbc5fbf4976-23810-pasky-v.webp","datePublished":"2026-04-26T08:53:07+00:00","breadcrumb":{"@id":"https:\/\/www.domtechnikpro.com\/index.php\/produkt\/znackovy-pasky-vazaci-120-x-2-5-mm-50-ks-cerna-123950-10913\/#breadcrumb"},"inLanguage":"cs","potentialAction":[{"@type":"ReadAction","target":["https:\/\/www.domtechnikpro.com\/index.php\/produkt\/znackovy-pasky-vazaci-120-x-2-5-mm-50-ks-cerna-123950-10913\/"]}]},{"@type":"ImageObject","inLanguage":"cs","@id":"https:\/\/www.domtechnikpro.com\/index.php\/produkt\/znackovy-pasky-vazaci-120-x-2-5-mm-50-ks-cerna-123950-10913\/#primaryimage","url":"https:\/\/www.domtechnikpro.com\/wp-content\/uploads\/2026\/SK0001878-CZ20260425-091813-0-1777079894-gall_49c11568-49a1-4334-bb54-0c7abfbc5fbf4976-23810-pasky-v.webp","contentUrl":"https:\/\/www.domtechnikpro.com\/wp-content\/uploads\/2026\/SK0001878-CZ20260425-091813-0-1777079894-gall_49c11568-49a1-4334-bb54-0c7abfbc5fbf4976-23810-pasky-v.webp","width":420,"height":280},{"@type":"BreadcrumbList","@id":"https:\/\/www.domtechnikpro.com\/index.php\/produkt\/znackovy-pasky-vazaci-120-x-2-5-mm-50-ks-cerna-123950-10913\/#breadcrumb","itemListElement":[{"@type":"ListItem","position":1,"name":"Home","item":"https:\/\/www.domtechnikpro.com\/"},{"@type":"ListItem","position":2,"name":"Products","item":"https:\/\/www.domtechnikpro.com\/products\/"},{"@type":"ListItem","position":3,"name":"Zna\u010dkov\u00fd P\u00e1sky v\u00e1zac\u00ed 120 x 2,5 mm, 50 ks, \u010dern\u00e1 (123950)"}]},{"@type":"WebSite","@id":"https:\/\/www.domtechnikpro.com\/#website","url":"https:\/\/www.domtechnikpro.com\/","name":"Pr\u016fmyslov\u00e9 vybaven\u00ed a p\u0159\u00edslu\u0161enstv\u00ed","description":"Pr\u016fmyslov\u00e9 vybaven\u00ed a p\u0159\u00edslu\u0161enstv\u00ed","publisher":{"@id":"https:\/\/www.domtechnikpro.com\/#organization"},"potentialAction":[{"@type":"SearchAction","target":{"@type":"EntryPoint","urlTemplate":"https:\/\/www.domtechnikpro.com\/?s={search_term_string}"},"query-input":{"@type":"PropertyValueSpecification","valueRequired":true,"valueName":"search_term_string"}}],"inLanguage":"cs"},{"@type":"Organization","@id":"https:\/\/www.domtechnikpro.com\/#organization","name":"Pr\u016fmyslov\u00e9 vybaven\u00ed a p\u0159\u00edslu\u0161enstv\u00ed","url":"https:\/\/www.domtechnikpro.com\/","logo":{"@type":"ImageObject","inLanguage":"cs","@id":"https:\/\/www.domtechnikpro.com\/#\/schema\/logo\/image\/","url":"https:\/\/www.domtechnikpro.com\/wp-content\/uploads\/2026\/04\/domtechnikpro_logo_full.svg","contentUrl":"https:\/\/www.domtechnikpro.com\/wp-content\/uploads\/2026\/04\/domtechnikpro_logo_full.svg","width":920,"height":180,"caption":"Pr\u016fmyslov\u00e9 vybaven\u00ed a p\u0159\u00edslu\u0161enstv\u00ed"},"image":{"@id":"https:\/\/www.domtechnikpro.com\/#\/schema\/logo\/image\/"}}]}},"_links":{"self":[{"href":"https:\/\/www.domtechnikpro.com\/wp-json\/wp\/v2\/product\/10913","targetHints":{"allow":["GET"]}}],"collection":[{"href":"https:\/\/www.domtechnikpro.com\/wp-json\/wp\/v2\/product"}],"about":[{"href":"https:\/\/www.domtechnikpro.com\/wp-json\/wp\/v2\/types\/product"}],"replies":[{"embeddable":true,"href":"https:\/\/www.domtechnikpro.com\/wp-json\/wp\/v2\/comments?post=10913"}],"wp:featuredmedia":[{"embeddable":true,"href":"https:\/\/www.domtechnikpro.com\/wp-json\/wp\/v2\/media\/11013"}],"wp:attachment":[{"href":"https:\/\/www.domtechnikpro.com\/wp-json\/wp\/v2\/media?parent=10913"}],"wp:term":[{"taxonomy":"product_brand","embeddable":true,"href":"https:\/\/www.domtechnikpro.com\/wp-json\/wp\/v2\/product_brand?post=10913"},{"taxonomy":"product_cat","embeddable":true,"href":"https:\/\/www.domtechnikpro.com\/wp-json\/wp\/v2\/product_cat?post=10913"},{"taxonomy":"product_tag","embeddable":true,"href":"https:\/\/www.domtechnikpro.com\/wp-json\/wp\/v2\/product_tag?post=10913"}],"curies":[{"name":"wp","href":"https:\/\/api.w.org\/{rel}","templated":true}]}}