{"id":10770,"date":"2026-04-26T08:53:05","date_gmt":"2026-04-26T08:53:05","guid":{"rendered":""},"modified":"2026-04-26T08:53:05","modified_gmt":"2026-04-26T08:53:05","slug":"nejlepsi-cena-dolphin-maskovaci-paska-48-mm-x-50-m-10770","status":"publish","type":"product","link":"https:\/\/www.domtechnikpro.com\/index.php\/produkt\/nejlepsi-cena-dolphin-maskovaci-paska-48-mm-x-50-m-10770\/","title":{"rendered":"Nejlep\u0161\u00ed Cena Dolphin Maskovac\u00ed p\u00e1ska 48 mm x 50 m"},"content":{"rendered":"<div class=\"tmc_edt\">\n<ul>\n<li><font face=\"Segoe UI\">Lep\u00edc\u00ed p\u00e1ska pro <strong>ochranu r\u016fzn\u00fdch povrch\u016f<\/strong> p\u0159i mont\u00e1\u017en\u00edch, mal\u00ed\u0159sk\u00fdch, lak\u00fdrnick\u00fdch nebo nat\u011bra\u010dsk\u00fdch prac\u00edch. <\/font><\/li>\n<p><font face=\"Segoe UI\"><\/font><\/p>\n<li><font face=\"Segoe UI\">Krepov\u00e9 p\u00e1sky lze vyu\u017e\u00edt p\u0159i malov\u00e1n\u00ed, lakov\u00e1n\u00ed nebo n\u00e1t\u011brech jako <strong>kvalitn\u00ed ochranu<\/strong> p\u0159ed pot\u0159\u00edsn\u011bn\u00edm barvou. <\/font><\/li>\n<p><font face=\"Segoe UI\"><\/font><\/p>\n<li><font face=\"Segoe UI\">V p\u0159\u00edpad\u011b malov\u00e1n\u00ed zajist\u00ed krepov\u00e1 p\u00e1ska <strong>p\u0159esnou a rovnou linku<\/strong> na m\u00edst\u011b kde pot\u0159ebujete. <\/font><\/li>\n<p><font face=\"Segoe UI\"><\/font><\/p>\n<li><font face=\"Segoe UI\">P\u00e1sku je nutno <strong>odstranit do 24 hodin<\/strong> po nalepen\u00ed, z d\u016fvodu zamezen\u00ed ulp\u011bn\u00ed lepidla na povrchu<\/font><\/li>\n<li><font face=\"Segoe UI\"><font face=\"Segoe UI\">Do 60\u00b0C<\/font><\/font><\/li>\n<\/ul>\n<p>&nbsp;<\/p>\n<\/p><\/div>\n<\/p><\/div>\n","protected":false},"excerpt":{"rendered":"<p>Lep\u00edc\u00ed p\u00e1ska pro ochranu r\u016fzn\u00fdch povrch\u016f p\u0159i mont\u00e1\u017en\u00edch, mal\u00ed\u0159sk\u00fdch, lak\u00fdrnick\u00fdch nebo nat\u011bra\u010dsk\u00fdch prac\u00edch. Krepov\u00e9 p\u00e1sky lze vyu\u017e\u00edt p\u0159i malov\u00e1n\u00ed, lakov\u00e1n\u00ed nebo n\u00e1t\u011brech jako kvalitn\u00ed ochranu p\u0159ed pot\u0159\u00edsn\u011bn\u00edm barvou. V p\u0159\u00edpad\u011b malov\u00e1n\u00ed zajist\u00ed krepov\u00e1 p\u00e1ska p\u0159esnou a rovnou linku na m\u00edst\u011b kde pot\u0159ebujete. P\u00e1sku je nutno odstranit do 24 hodin po nalepen\u00ed, z d\u016fvodu zamezen\u00ed ulp\u011bn\u00ed [&hellip;]<\/p>\n","protected":false},"featured_media":10870,"comment_status":"open","ping_status":"open","template":"","meta":[],"product_brand":[],"product_cat":[63],"product_tag":[],"class_list":{"0":"post-10770","1":"product","2":"type-product","3":"status-publish","4":"has-post-thumbnail","6":"product_cat-naradi","8":"first","9":"instock","10":"sale","11":"shipping-taxable","12":"purchasable","13":"product-type-simple"},"yoast_head":"<!-- This site is optimized with the Yoast SEO plugin v26.8 - https:\/\/yoast.com\/product\/yoast-seo-wordpress\/ -->\n<title>Nejlep\u0161\u00ed Cena Dolphin Maskovac\u00ed p\u00e1ska 48 mm x 50 m -<\/title>\n<meta name=\"robots\" content=\"index, follow, max-snippet:-1, max-image-preview:large, max-video-preview:-1\" \/>\n<link rel=\"canonical\" href=\"https:\/\/www.domtechnikpro.com\/index.php\/produkt\/nejlepsi-cena-dolphin-maskovaci-paska-48-mm-x-50-m-10770\/\" \/>\n<meta property=\"og:locale\" content=\"cs_CZ\" \/>\n<meta property=\"og:type\" content=\"article\" \/>\n<meta property=\"og:title\" content=\"Nejlep\u0161\u00ed Cena Dolphin Maskovac\u00ed p\u00e1ska 48 mm x 50 m -\" \/>\n<meta property=\"og:description\" content=\"Lep\u00edc\u00ed p\u00e1ska pro ochranu r\u016fzn\u00fdch povrch\u016f p\u0159i mont\u00e1\u017en\u00edch, mal\u00ed\u0159sk\u00fdch, lak\u00fdrnick\u00fdch nebo nat\u011bra\u010dsk\u00fdch prac\u00edch. Krepov\u00e9 p\u00e1sky lze vyu\u017e\u00edt p\u0159i malov\u00e1n\u00ed, lakov\u00e1n\u00ed nebo n\u00e1t\u011brech jako kvalitn\u00ed ochranu p\u0159ed pot\u0159\u00edsn\u011bn\u00edm barvou. V p\u0159\u00edpad\u011b malov\u00e1n\u00ed zajist\u00ed krepov\u00e1 p\u00e1ska p\u0159esnou a rovnou linku na m\u00edst\u011b kde pot\u0159ebujete. P\u00e1sku je nutno odstranit do 24 hodin po nalepen\u00ed, z d\u016fvodu zamezen\u00ed ulp\u011bn\u00ed [&hellip;]\" \/>\n<meta property=\"og:url\" content=\"https:\/\/www.domtechnikpro.com\/index.php\/produkt\/nejlepsi-cena-dolphin-maskovaci-paska-48-mm-x-50-m-10770\/\" \/>\n<meta property=\"og:image\" content=\"https:\/\/www.domtechnikpro.com\/wp-content\/uploads\/2026\/SK0001824-CZ20260425-091813-0-1777079894-gall_b0879f6e-f94b-4ddf-bc1f-5cfb429ef54e4770-dolphin-masko.webp\" \/>\n\t<meta property=\"og:image:width\" content=\"420\" \/>\n\t<meta property=\"og:image:height\" content=\"420\" \/>\n\t<meta property=\"og:image:type\" content=\"image\/webp\" \/>\n<meta name=\"twitter:card\" content=\"summary_large_image\" \/>\n<script type=\"application\/ld+json\" class=\"yoast-schema-graph\">{\"@context\":\"https:\/\/schema.org\",\"@graph\":[{\"@type\":\"WebPage\",\"@id\":\"https:\/\/www.domtechnikpro.com\/index.php\/produkt\/nejlepsi-cena-dolphin-maskovaci-paska-48-mm-x-50-m-10770\/\",\"url\":\"https:\/\/www.domtechnikpro.com\/index.php\/produkt\/nejlepsi-cena-dolphin-maskovaci-paska-48-mm-x-50-m-10770\/\",\"name\":\"Nejlep\u0161\u00ed Cena Dolphin Maskovac\u00ed p\u00e1ska 48 mm x 50 m -\",\"isPartOf\":{\"@id\":\"https:\/\/www.domtechnikpro.com\/#website\"},\"primaryImageOfPage\":{\"@id\":\"https:\/\/www.domtechnikpro.com\/index.php\/produkt\/nejlepsi-cena-dolphin-maskovaci-paska-48-mm-x-50-m-10770\/#primaryimage\"},\"image\":{\"@id\":\"https:\/\/www.domtechnikpro.com\/index.php\/produkt\/nejlepsi-cena-dolphin-maskovaci-paska-48-mm-x-50-m-10770\/#primaryimage\"},\"thumbnailUrl\":\"https:\/\/www.domtechnikpro.com\/wp-content\/uploads\/2026\/SK0001824-CZ20260425-091813-0-1777079894-gall_b0879f6e-f94b-4ddf-bc1f-5cfb429ef54e4770-dolphin-masko.webp\",\"datePublished\":\"2026-04-26T08:53:05+00:00\",\"breadcrumb\":{\"@id\":\"https:\/\/www.domtechnikpro.com\/index.php\/produkt\/nejlepsi-cena-dolphin-maskovaci-paska-48-mm-x-50-m-10770\/#breadcrumb\"},\"inLanguage\":\"cs\",\"potentialAction\":[{\"@type\":\"ReadAction\",\"target\":[\"https:\/\/www.domtechnikpro.com\/index.php\/produkt\/nejlepsi-cena-dolphin-maskovaci-paska-48-mm-x-50-m-10770\/\"]}]},{\"@type\":\"ImageObject\",\"inLanguage\":\"cs\",\"@id\":\"https:\/\/www.domtechnikpro.com\/index.php\/produkt\/nejlepsi-cena-dolphin-maskovaci-paska-48-mm-x-50-m-10770\/#primaryimage\",\"url\":\"https:\/\/www.domtechnikpro.com\/wp-content\/uploads\/2026\/SK0001824-CZ20260425-091813-0-1777079894-gall_b0879f6e-f94b-4ddf-bc1f-5cfb429ef54e4770-dolphin-masko.webp\",\"contentUrl\":\"https:\/\/www.domtechnikpro.com\/wp-content\/uploads\/2026\/SK0001824-CZ20260425-091813-0-1777079894-gall_b0879f6e-f94b-4ddf-bc1f-5cfb429ef54e4770-dolphin-masko.webp\",\"width\":420,\"height\":420},{\"@type\":\"BreadcrumbList\",\"@id\":\"https:\/\/www.domtechnikpro.com\/index.php\/produkt\/nejlepsi-cena-dolphin-maskovaci-paska-48-mm-x-50-m-10770\/#breadcrumb\",\"itemListElement\":[{\"@type\":\"ListItem\",\"position\":1,\"name\":\"Home\",\"item\":\"https:\/\/www.domtechnikpro.com\/\"},{\"@type\":\"ListItem\",\"position\":2,\"name\":\"Products\",\"item\":\"https:\/\/www.domtechnikpro.com\/index.php\/products\/\"},{\"@type\":\"ListItem\",\"position\":3,\"name\":\"Nejlep\u0161\u00ed Cena Dolphin Maskovac\u00ed p\u00e1ska 48 mm x 50 m\"}]},{\"@type\":\"WebSite\",\"@id\":\"https:\/\/www.domtechnikpro.com\/#website\",\"url\":\"https:\/\/www.domtechnikpro.com\/\",\"name\":\"\",\"description\":\"\",\"potentialAction\":[{\"@type\":\"SearchAction\",\"target\":{\"@type\":\"EntryPoint\",\"urlTemplate\":\"https:\/\/www.domtechnikpro.com\/?s={search_term_string}\"},\"query-input\":{\"@type\":\"PropertyValueSpecification\",\"valueRequired\":true,\"valueName\":\"search_term_string\"}}],\"inLanguage\":\"cs\"}]}<\/script>\n<!-- \/ Yoast SEO plugin. -->","yoast_head_json":{"title":"Nejlep\u0161\u00ed Cena Dolphin Maskovac\u00ed p\u00e1ska 48 mm x 50 m -","robots":{"index":"index","follow":"follow","max-snippet":"max-snippet:-1","max-image-preview":"max-image-preview:large","max-video-preview":"max-video-preview:-1"},"canonical":"https:\/\/www.domtechnikpro.com\/index.php\/produkt\/nejlepsi-cena-dolphin-maskovaci-paska-48-mm-x-50-m-10770\/","og_locale":"cs_CZ","og_type":"article","og_title":"Nejlep\u0161\u00ed Cena Dolphin Maskovac\u00ed p\u00e1ska 48 mm x 50 m -","og_description":"Lep\u00edc\u00ed p\u00e1ska pro ochranu r\u016fzn\u00fdch povrch\u016f p\u0159i mont\u00e1\u017en\u00edch, mal\u00ed\u0159sk\u00fdch, lak\u00fdrnick\u00fdch nebo nat\u011bra\u010dsk\u00fdch prac\u00edch. Krepov\u00e9 p\u00e1sky lze vyu\u017e\u00edt p\u0159i malov\u00e1n\u00ed, lakov\u00e1n\u00ed nebo n\u00e1t\u011brech jako kvalitn\u00ed ochranu p\u0159ed pot\u0159\u00edsn\u011bn\u00edm barvou. V p\u0159\u00edpad\u011b malov\u00e1n\u00ed zajist\u00ed krepov\u00e1 p\u00e1ska p\u0159esnou a rovnou linku na m\u00edst\u011b kde pot\u0159ebujete. P\u00e1sku je nutno odstranit do 24 hodin po nalepen\u00ed, z d\u016fvodu zamezen\u00ed ulp\u011bn\u00ed [&hellip;]","og_url":"https:\/\/www.domtechnikpro.com\/index.php\/produkt\/nejlepsi-cena-dolphin-maskovaci-paska-48-mm-x-50-m-10770\/","og_image":[{"width":420,"height":420,"url":"https:\/\/www.domtechnikpro.com\/wp-content\/uploads\/2026\/SK0001824-CZ20260425-091813-0-1777079894-gall_b0879f6e-f94b-4ddf-bc1f-5cfb429ef54e4770-dolphin-masko.webp","type":"image\/webp"}],"twitter_card":"summary_large_image","schema":{"@context":"https:\/\/schema.org","@graph":[{"@type":"WebPage","@id":"https:\/\/www.domtechnikpro.com\/index.php\/produkt\/nejlepsi-cena-dolphin-maskovaci-paska-48-mm-x-50-m-10770\/","url":"https:\/\/www.domtechnikpro.com\/index.php\/produkt\/nejlepsi-cena-dolphin-maskovaci-paska-48-mm-x-50-m-10770\/","name":"Nejlep\u0161\u00ed Cena Dolphin Maskovac\u00ed p\u00e1ska 48 mm x 50 m -","isPartOf":{"@id":"https:\/\/www.domtechnikpro.com\/#website"},"primaryImageOfPage":{"@id":"https:\/\/www.domtechnikpro.com\/index.php\/produkt\/nejlepsi-cena-dolphin-maskovaci-paska-48-mm-x-50-m-10770\/#primaryimage"},"image":{"@id":"https:\/\/www.domtechnikpro.com\/index.php\/produkt\/nejlepsi-cena-dolphin-maskovaci-paska-48-mm-x-50-m-10770\/#primaryimage"},"thumbnailUrl":"https:\/\/www.domtechnikpro.com\/wp-content\/uploads\/2026\/SK0001824-CZ20260425-091813-0-1777079894-gall_b0879f6e-f94b-4ddf-bc1f-5cfb429ef54e4770-dolphin-masko.webp","datePublished":"2026-04-26T08:53:05+00:00","breadcrumb":{"@id":"https:\/\/www.domtechnikpro.com\/index.php\/produkt\/nejlepsi-cena-dolphin-maskovaci-paska-48-mm-x-50-m-10770\/#breadcrumb"},"inLanguage":"cs","potentialAction":[{"@type":"ReadAction","target":["https:\/\/www.domtechnikpro.com\/index.php\/produkt\/nejlepsi-cena-dolphin-maskovaci-paska-48-mm-x-50-m-10770\/"]}]},{"@type":"ImageObject","inLanguage":"cs","@id":"https:\/\/www.domtechnikpro.com\/index.php\/produkt\/nejlepsi-cena-dolphin-maskovaci-paska-48-mm-x-50-m-10770\/#primaryimage","url":"https:\/\/www.domtechnikpro.com\/wp-content\/uploads\/2026\/SK0001824-CZ20260425-091813-0-1777079894-gall_b0879f6e-f94b-4ddf-bc1f-5cfb429ef54e4770-dolphin-masko.webp","contentUrl":"https:\/\/www.domtechnikpro.com\/wp-content\/uploads\/2026\/SK0001824-CZ20260425-091813-0-1777079894-gall_b0879f6e-f94b-4ddf-bc1f-5cfb429ef54e4770-dolphin-masko.webp","width":420,"height":420},{"@type":"BreadcrumbList","@id":"https:\/\/www.domtechnikpro.com\/index.php\/produkt\/nejlepsi-cena-dolphin-maskovaci-paska-48-mm-x-50-m-10770\/#breadcrumb","itemListElement":[{"@type":"ListItem","position":1,"name":"Home","item":"https:\/\/www.domtechnikpro.com\/"},{"@type":"ListItem","position":2,"name":"Products","item":"https:\/\/www.domtechnikpro.com\/index.php\/products\/"},{"@type":"ListItem","position":3,"name":"Nejlep\u0161\u00ed Cena Dolphin Maskovac\u00ed p\u00e1ska 48 mm x 50 m"}]},{"@type":"WebSite","@id":"https:\/\/www.domtechnikpro.com\/#website","url":"https:\/\/www.domtechnikpro.com\/","name":"","description":"","potentialAction":[{"@type":"SearchAction","target":{"@type":"EntryPoint","urlTemplate":"https:\/\/www.domtechnikpro.com\/?s={search_term_string}"},"query-input":{"@type":"PropertyValueSpecification","valueRequired":true,"valueName":"search_term_string"}}],"inLanguage":"cs"}]}},"_links":{"self":[{"href":"https:\/\/www.domtechnikpro.com\/index.php\/wp-json\/wp\/v2\/product\/10770","targetHints":{"allow":["GET"]}}],"collection":[{"href":"https:\/\/www.domtechnikpro.com\/index.php\/wp-json\/wp\/v2\/product"}],"about":[{"href":"https:\/\/www.domtechnikpro.com\/index.php\/wp-json\/wp\/v2\/types\/product"}],"replies":[{"embeddable":true,"href":"https:\/\/www.domtechnikpro.com\/index.php\/wp-json\/wp\/v2\/comments?post=10770"}],"wp:featuredmedia":[{"embeddable":true,"href":"https:\/\/www.domtechnikpro.com\/index.php\/wp-json\/wp\/v2\/media\/10870"}],"wp:attachment":[{"href":"https:\/\/www.domtechnikpro.com\/index.php\/wp-json\/wp\/v2\/media?parent=10770"}],"wp:term":[{"taxonomy":"product_brand","embeddable":true,"href":"https:\/\/www.domtechnikpro.com\/index.php\/wp-json\/wp\/v2\/product_brand?post=10770"},{"taxonomy":"product_cat","embeddable":true,"href":"https:\/\/www.domtechnikpro.com\/index.php\/wp-json\/wp\/v2\/product_cat?post=10770"},{"taxonomy":"product_tag","embeddable":true,"href":"https:\/\/www.domtechnikpro.com\/index.php\/wp-json\/wp\/v2\/product_tag?post=10770"}],"curies":[{"name":"wp","href":"https:\/\/api.w.org\/{rel}","templated":true}]}}