{"id":10765,"date":"2026-04-26T08:53:05","date_gmt":"2026-04-26T08:53:05","guid":{"rendered":""},"modified":"2026-04-26T08:53:05","modified_gmt":"2026-04-26T08:53:05","slug":"vrtak-do-kovu-hss-co-kobaltovy-4-5-x-47-x-80-fischer-bal-10-horka-nabidka-10765","status":"publish","type":"product","link":"https:\/\/www.domtechnikpro.com\/index.php\/produkt\/vrtak-do-kovu-hss-co-kobaltovy-4-5-x-47-x-80-fischer-bal-10-horka-nabidka-10765\/","title":{"rendered":"Vrt\u00e1k do kovu HSS-Co kobaltov\u00fd 4,5 x 47 x 80 fischer (bal. 10) Hork\u00e1 Nab\u00eddka"},"content":{"rendered":"<div class=\"tmc_edt\">\n<p><font face=\"Segoe UI\">Pr\u016fm\u011br vrt\u00e1ku 4,5mm. Pracovn\u00ed d\u00e9lka 47mm. Celkov\u00e1 d\u00e9lka 80mm. Pro vrt\u00e1n\u00ed legovan\u00e9 a nelegovan\u00e9 oceli. Pro vrt\u00e1n\u00ed litiny, \u017eeleza, barevn\u00fdch kov\u016f, nerezov\u00e9 oceli.<\/font><\/p>\n<p><font face=\"Segoe UI\">\t\t<br \/><\/font><\/p>\n<p><font face=\"Segoe UI\"><\/font><\/p>\n<ul>\n<li><font face=\"Segoe UI\">Pro vrt\u00e1n\u00ed legovan\u00e9 a nelegovan\u00e9 oceli, litiny, \u017eeleza, barevn\u00fdch kov\u016f apod.<\/font><\/li>\n<li><font face=\"Segoe UI\">Vyrobeno z speci\u00e1ln\u00ed kobaltov\u00e9 slitiny v souladu s DIN 338.<\/font><\/li>\n<li><font face=\"Segoe UI\">D\u00edky p\u0159\u00edm\u011bsi kobaltu m\u00e1 vrt\u00e1k vysokou tepelnou odolnost a je vhodn\u00fd do tvrd\u00fdch a hou\u017eevnat\u00fdch materi\u00e1l\u016f.<\/font><\/li>\n<li><font face=\"Segoe UI\">Masivn\u00ed vrt\u00e1k s vysokou odolnost\u00ed proti prasknut\u00ed a zlomen\u00ed.<\/font><\/li>\n<li><font face=\"Segoe UI\">Dvojt\u00e1 \u0161pi\u010dka pro optim\u00e1ln\u00ed centrov\u00e1n\u00ed a snadn\u00e9 vrt\u00e1n\u00ed.<\/font><\/li>\n<li><font face=\"Segoe UI\">\u0160pi\u010dka brou\u0161en\u00e1 pod \u00fahlem 135\u00b0 pro rychl\u00e9 vrt\u00e1n\u00ed.<\/font><\/li>\n<li><font face=\"Segoe UI\">Spir\u00e1la tvaru N optim\u00e1ln\u011b odv\u00e1d\u00ed \u0161ponu z otvoru.<\/font><\/li>\n<\/ul>\n<p><\/p>\n<div>\n<table style=\"width: 50%;\" cellspacing=\"10\" cellpadding=\"0\">\n<tbody>\n<tr align=\"center\" valign=\"top\">\n<td><\/td>\n<\/tr>\n<\/tbody>\n<\/table>\n<\/div><\/div>\n<\/p><\/div>\n","protected":false},"excerpt":{"rendered":"<p>Pr\u016fm\u011br vrt\u00e1ku 4,5mm. Pracovn\u00ed d\u00e9lka 47mm. Celkov\u00e1 d\u00e9lka 80mm. Pro vrt\u00e1n\u00ed legovan\u00e9 a nelegovan\u00e9 oceli. Pro vrt\u00e1n\u00ed litiny, \u017eeleza, barevn\u00fdch kov\u016f, nerezov\u00e9 oceli. Pro vrt\u00e1n\u00ed legovan\u00e9 a nelegovan\u00e9 oceli, litiny, \u017eeleza, barevn\u00fdch kov\u016f apod. Vyrobeno z speci\u00e1ln\u00ed kobaltov\u00e9 slitiny v souladu s DIN 338. D\u00edky p\u0159\u00edm\u011bsi kobaltu m\u00e1 vrt\u00e1k vysokou tepelnou odolnost a je vhodn\u00fd [&hellip;]<\/p>\n","protected":false},"featured_media":10865,"comment_status":"open","ping_status":"open","template":"","meta":[],"product_brand":[],"product_cat":[63],"product_tag":[],"class_list":{"0":"post-10765","1":"product","2":"type-product","3":"status-publish","4":"has-post-thumbnail","6":"product_cat-naradi","8":"first","9":"instock","10":"sale","11":"shipping-taxable","12":"purchasable","13":"product-type-simple"},"yoast_head":"<!-- This site is optimized with the Yoast SEO plugin v26.8 - https:\/\/yoast.com\/product\/yoast-seo-wordpress\/ -->\n<title>Vrt\u00e1k do kovu HSS-Co kobaltov\u00fd 4,5 x 47 x 80 fischer (bal. 10) Hork\u00e1 Nab\u00eddka -<\/title>\n<meta name=\"robots\" content=\"index, follow, max-snippet:-1, max-image-preview:large, max-video-preview:-1\" \/>\n<link rel=\"canonical\" href=\"https:\/\/www.domtechnikpro.com\/index.php\/produkt\/vrtak-do-kovu-hss-co-kobaltovy-4-5-x-47-x-80-fischer-bal-10-horka-nabidka-10765\/\" \/>\n<meta property=\"og:locale\" content=\"cs_CZ\" \/>\n<meta property=\"og:type\" content=\"article\" \/>\n<meta property=\"og:title\" content=\"Vrt\u00e1k do kovu HSS-Co kobaltov\u00fd 4,5 x 47 x 80 fischer (bal. 10) Hork\u00e1 Nab\u00eddka -\" \/>\n<meta property=\"og:description\" content=\"Pr\u016fm\u011br vrt\u00e1ku 4,5mm. Pracovn\u00ed d\u00e9lka 47mm. Celkov\u00e1 d\u00e9lka 80mm. Pro vrt\u00e1n\u00ed legovan\u00e9 a nelegovan\u00e9 oceli. Pro vrt\u00e1n\u00ed litiny, \u017eeleza, barevn\u00fdch kov\u016f, nerezov\u00e9 oceli. Pro vrt\u00e1n\u00ed legovan\u00e9 a nelegovan\u00e9 oceli, litiny, \u017eeleza, barevn\u00fdch kov\u016f apod. Vyrobeno z speci\u00e1ln\u00ed kobaltov\u00e9 slitiny v souladu s DIN 338. D\u00edky p\u0159\u00edm\u011bsi kobaltu m\u00e1 vrt\u00e1k vysokou tepelnou odolnost a je vhodn\u00fd [&hellip;]\" \/>\n<meta property=\"og:url\" content=\"https:\/\/www.domtechnikpro.com\/index.php\/produkt\/vrtak-do-kovu-hss-co-kobaltovy-4-5-x-47-x-80-fischer-bal-10-horka-nabidka-10765\/\" \/>\n<meta property=\"og:image\" content=\"https:\/\/www.domtechnikpro.com\/wp-content\/uploads\/2026\/SK0001819-CZ20260425-091813-0-1777079894-gall_b94cafc9-752e-4e10-a583-b4cf77fb31274614-fischer-hss-c.webp\" \/>\n\t<meta property=\"og:image:width\" content=\"420\" \/>\n\t<meta property=\"og:image:height\" content=\"210\" \/>\n\t<meta property=\"og:image:type\" content=\"image\/webp\" \/>\n<meta name=\"twitter:card\" content=\"summary_large_image\" \/>\n<meta name=\"twitter:label1\" content=\"Odhadovan\u00e1 doba \u010dten\u00ed\" \/>\n\t<meta name=\"twitter:data1\" content=\"1 minuta\" \/>\n<script type=\"application\/ld+json\" class=\"yoast-schema-graph\">{\"@context\":\"https:\/\/schema.org\",\"@graph\":[{\"@type\":\"WebPage\",\"@id\":\"https:\/\/www.domtechnikpro.com\/index.php\/produkt\/vrtak-do-kovu-hss-co-kobaltovy-4-5-x-47-x-80-fischer-bal-10-horka-nabidka-10765\/\",\"url\":\"https:\/\/www.domtechnikpro.com\/index.php\/produkt\/vrtak-do-kovu-hss-co-kobaltovy-4-5-x-47-x-80-fischer-bal-10-horka-nabidka-10765\/\",\"name\":\"Vrt\u00e1k do kovu HSS-Co kobaltov\u00fd 4,5 x 47 x 80 fischer (bal. 10) Hork\u00e1 Nab\u00eddka -\",\"isPartOf\":{\"@id\":\"https:\/\/www.domtechnikpro.com\/#website\"},\"primaryImageOfPage\":{\"@id\":\"https:\/\/www.domtechnikpro.com\/index.php\/produkt\/vrtak-do-kovu-hss-co-kobaltovy-4-5-x-47-x-80-fischer-bal-10-horka-nabidka-10765\/#primaryimage\"},\"image\":{\"@id\":\"https:\/\/www.domtechnikpro.com\/index.php\/produkt\/vrtak-do-kovu-hss-co-kobaltovy-4-5-x-47-x-80-fischer-bal-10-horka-nabidka-10765\/#primaryimage\"},\"thumbnailUrl\":\"https:\/\/www.domtechnikpro.com\/wp-content\/uploads\/2026\/SK0001819-CZ20260425-091813-0-1777079894-gall_b94cafc9-752e-4e10-a583-b4cf77fb31274614-fischer-hss-c.webp\",\"datePublished\":\"2026-04-26T08:53:05+00:00\",\"breadcrumb\":{\"@id\":\"https:\/\/www.domtechnikpro.com\/index.php\/produkt\/vrtak-do-kovu-hss-co-kobaltovy-4-5-x-47-x-80-fischer-bal-10-horka-nabidka-10765\/#breadcrumb\"},\"inLanguage\":\"cs\",\"potentialAction\":[{\"@type\":\"ReadAction\",\"target\":[\"https:\/\/www.domtechnikpro.com\/index.php\/produkt\/vrtak-do-kovu-hss-co-kobaltovy-4-5-x-47-x-80-fischer-bal-10-horka-nabidka-10765\/\"]}]},{\"@type\":\"ImageObject\",\"inLanguage\":\"cs\",\"@id\":\"https:\/\/www.domtechnikpro.com\/index.php\/produkt\/vrtak-do-kovu-hss-co-kobaltovy-4-5-x-47-x-80-fischer-bal-10-horka-nabidka-10765\/#primaryimage\",\"url\":\"https:\/\/www.domtechnikpro.com\/wp-content\/uploads\/2026\/SK0001819-CZ20260425-091813-0-1777079894-gall_b94cafc9-752e-4e10-a583-b4cf77fb31274614-fischer-hss-c.webp\",\"contentUrl\":\"https:\/\/www.domtechnikpro.com\/wp-content\/uploads\/2026\/SK0001819-CZ20260425-091813-0-1777079894-gall_b94cafc9-752e-4e10-a583-b4cf77fb31274614-fischer-hss-c.webp\",\"width\":420,\"height\":210},{\"@type\":\"BreadcrumbList\",\"@id\":\"https:\/\/www.domtechnikpro.com\/index.php\/produkt\/vrtak-do-kovu-hss-co-kobaltovy-4-5-x-47-x-80-fischer-bal-10-horka-nabidka-10765\/#breadcrumb\",\"itemListElement\":[{\"@type\":\"ListItem\",\"position\":1,\"name\":\"Home\",\"item\":\"https:\/\/www.domtechnikpro.com\/\"},{\"@type\":\"ListItem\",\"position\":2,\"name\":\"Products\",\"item\":\"https:\/\/www.domtechnikpro.com\/index.php\/products\/\"},{\"@type\":\"ListItem\",\"position\":3,\"name\":\"Vrt\u00e1k do kovu HSS-Co kobaltov\u00fd 4,5 x 47 x 80 fischer (bal. 10) Hork\u00e1 Nab\u00eddka\"}]},{\"@type\":\"WebSite\",\"@id\":\"https:\/\/www.domtechnikpro.com\/#website\",\"url\":\"https:\/\/www.domtechnikpro.com\/\",\"name\":\"\",\"description\":\"\",\"potentialAction\":[{\"@type\":\"SearchAction\",\"target\":{\"@type\":\"EntryPoint\",\"urlTemplate\":\"https:\/\/www.domtechnikpro.com\/?s={search_term_string}\"},\"query-input\":{\"@type\":\"PropertyValueSpecification\",\"valueRequired\":true,\"valueName\":\"search_term_string\"}}],\"inLanguage\":\"cs\"}]}<\/script>\n<!-- \/ Yoast SEO plugin. -->","yoast_head_json":{"title":"Vrt\u00e1k do kovu HSS-Co kobaltov\u00fd 4,5 x 47 x 80 fischer (bal. 10) Hork\u00e1 Nab\u00eddka -","robots":{"index":"index","follow":"follow","max-snippet":"max-snippet:-1","max-image-preview":"max-image-preview:large","max-video-preview":"max-video-preview:-1"},"canonical":"https:\/\/www.domtechnikpro.com\/index.php\/produkt\/vrtak-do-kovu-hss-co-kobaltovy-4-5-x-47-x-80-fischer-bal-10-horka-nabidka-10765\/","og_locale":"cs_CZ","og_type":"article","og_title":"Vrt\u00e1k do kovu HSS-Co kobaltov\u00fd 4,5 x 47 x 80 fischer (bal. 10) Hork\u00e1 Nab\u00eddka -","og_description":"Pr\u016fm\u011br vrt\u00e1ku 4,5mm. Pracovn\u00ed d\u00e9lka 47mm. Celkov\u00e1 d\u00e9lka 80mm. Pro vrt\u00e1n\u00ed legovan\u00e9 a nelegovan\u00e9 oceli. Pro vrt\u00e1n\u00ed litiny, \u017eeleza, barevn\u00fdch kov\u016f, nerezov\u00e9 oceli. Pro vrt\u00e1n\u00ed legovan\u00e9 a nelegovan\u00e9 oceli, litiny, \u017eeleza, barevn\u00fdch kov\u016f apod. Vyrobeno z speci\u00e1ln\u00ed kobaltov\u00e9 slitiny v souladu s DIN 338. D\u00edky p\u0159\u00edm\u011bsi kobaltu m\u00e1 vrt\u00e1k vysokou tepelnou odolnost a je vhodn\u00fd [&hellip;]","og_url":"https:\/\/www.domtechnikpro.com\/index.php\/produkt\/vrtak-do-kovu-hss-co-kobaltovy-4-5-x-47-x-80-fischer-bal-10-horka-nabidka-10765\/","og_image":[{"width":420,"height":210,"url":"https:\/\/www.domtechnikpro.com\/wp-content\/uploads\/2026\/SK0001819-CZ20260425-091813-0-1777079894-gall_b94cafc9-752e-4e10-a583-b4cf77fb31274614-fischer-hss-c.webp","type":"image\/webp"}],"twitter_card":"summary_large_image","twitter_misc":{"Odhadovan\u00e1 doba \u010dten\u00ed":"1 minuta"},"schema":{"@context":"https:\/\/schema.org","@graph":[{"@type":"WebPage","@id":"https:\/\/www.domtechnikpro.com\/index.php\/produkt\/vrtak-do-kovu-hss-co-kobaltovy-4-5-x-47-x-80-fischer-bal-10-horka-nabidka-10765\/","url":"https:\/\/www.domtechnikpro.com\/index.php\/produkt\/vrtak-do-kovu-hss-co-kobaltovy-4-5-x-47-x-80-fischer-bal-10-horka-nabidka-10765\/","name":"Vrt\u00e1k do kovu HSS-Co kobaltov\u00fd 4,5 x 47 x 80 fischer (bal. 10) Hork\u00e1 Nab\u00eddka -","isPartOf":{"@id":"https:\/\/www.domtechnikpro.com\/#website"},"primaryImageOfPage":{"@id":"https:\/\/www.domtechnikpro.com\/index.php\/produkt\/vrtak-do-kovu-hss-co-kobaltovy-4-5-x-47-x-80-fischer-bal-10-horka-nabidka-10765\/#primaryimage"},"image":{"@id":"https:\/\/www.domtechnikpro.com\/index.php\/produkt\/vrtak-do-kovu-hss-co-kobaltovy-4-5-x-47-x-80-fischer-bal-10-horka-nabidka-10765\/#primaryimage"},"thumbnailUrl":"https:\/\/www.domtechnikpro.com\/wp-content\/uploads\/2026\/SK0001819-CZ20260425-091813-0-1777079894-gall_b94cafc9-752e-4e10-a583-b4cf77fb31274614-fischer-hss-c.webp","datePublished":"2026-04-26T08:53:05+00:00","breadcrumb":{"@id":"https:\/\/www.domtechnikpro.com\/index.php\/produkt\/vrtak-do-kovu-hss-co-kobaltovy-4-5-x-47-x-80-fischer-bal-10-horka-nabidka-10765\/#breadcrumb"},"inLanguage":"cs","potentialAction":[{"@type":"ReadAction","target":["https:\/\/www.domtechnikpro.com\/index.php\/produkt\/vrtak-do-kovu-hss-co-kobaltovy-4-5-x-47-x-80-fischer-bal-10-horka-nabidka-10765\/"]}]},{"@type":"ImageObject","inLanguage":"cs","@id":"https:\/\/www.domtechnikpro.com\/index.php\/produkt\/vrtak-do-kovu-hss-co-kobaltovy-4-5-x-47-x-80-fischer-bal-10-horka-nabidka-10765\/#primaryimage","url":"https:\/\/www.domtechnikpro.com\/wp-content\/uploads\/2026\/SK0001819-CZ20260425-091813-0-1777079894-gall_b94cafc9-752e-4e10-a583-b4cf77fb31274614-fischer-hss-c.webp","contentUrl":"https:\/\/www.domtechnikpro.com\/wp-content\/uploads\/2026\/SK0001819-CZ20260425-091813-0-1777079894-gall_b94cafc9-752e-4e10-a583-b4cf77fb31274614-fischer-hss-c.webp","width":420,"height":210},{"@type":"BreadcrumbList","@id":"https:\/\/www.domtechnikpro.com\/index.php\/produkt\/vrtak-do-kovu-hss-co-kobaltovy-4-5-x-47-x-80-fischer-bal-10-horka-nabidka-10765\/#breadcrumb","itemListElement":[{"@type":"ListItem","position":1,"name":"Home","item":"https:\/\/www.domtechnikpro.com\/"},{"@type":"ListItem","position":2,"name":"Products","item":"https:\/\/www.domtechnikpro.com\/index.php\/products\/"},{"@type":"ListItem","position":3,"name":"Vrt\u00e1k do kovu HSS-Co kobaltov\u00fd 4,5 x 47 x 80 fischer (bal. 10) Hork\u00e1 Nab\u00eddka"}]},{"@type":"WebSite","@id":"https:\/\/www.domtechnikpro.com\/#website","url":"https:\/\/www.domtechnikpro.com\/","name":"","description":"","potentialAction":[{"@type":"SearchAction","target":{"@type":"EntryPoint","urlTemplate":"https:\/\/www.domtechnikpro.com\/?s={search_term_string}"},"query-input":{"@type":"PropertyValueSpecification","valueRequired":true,"valueName":"search_term_string"}}],"inLanguage":"cs"}]}},"_links":{"self":[{"href":"https:\/\/www.domtechnikpro.com\/index.php\/wp-json\/wp\/v2\/product\/10765","targetHints":{"allow":["GET"]}}],"collection":[{"href":"https:\/\/www.domtechnikpro.com\/index.php\/wp-json\/wp\/v2\/product"}],"about":[{"href":"https:\/\/www.domtechnikpro.com\/index.php\/wp-json\/wp\/v2\/types\/product"}],"replies":[{"embeddable":true,"href":"https:\/\/www.domtechnikpro.com\/index.php\/wp-json\/wp\/v2\/comments?post=10765"}],"wp:featuredmedia":[{"embeddable":true,"href":"https:\/\/www.domtechnikpro.com\/index.php\/wp-json\/wp\/v2\/media\/10865"}],"wp:attachment":[{"href":"https:\/\/www.domtechnikpro.com\/index.php\/wp-json\/wp\/v2\/media?parent=10765"}],"wp:term":[{"taxonomy":"product_brand","embeddable":true,"href":"https:\/\/www.domtechnikpro.com\/index.php\/wp-json\/wp\/v2\/product_brand?post=10765"},{"taxonomy":"product_cat","embeddable":true,"href":"https:\/\/www.domtechnikpro.com\/index.php\/wp-json\/wp\/v2\/product_cat?post=10765"},{"taxonomy":"product_tag","embeddable":true,"href":"https:\/\/www.domtechnikpro.com\/index.php\/wp-json\/wp\/v2\/product_tag?post=10765"}],"curies":[{"name":"wp","href":"https:\/\/api.w.org\/{rel}","templated":true}]}}