{"id":10720,"date":"2026-04-26T08:53:05","date_gmt":"2026-04-26T08:53:05","guid":{"rendered":""},"modified":"2026-04-26T08:53:05","modified_gmt":"2026-04-26T08:53:05","slug":"koupit-online-vrtak-do-kovu-hss-r-2-5-x-30-57-fischer-bal-10-10720","status":"publish","type":"product","link":"https:\/\/www.domtechnikpro.com\/index.php\/produkt\/koupit-online-vrtak-do-kovu-hss-r-2-5-x-30-57-fischer-bal-10-10720\/","title":{"rendered":"Koupit Online Vrt\u00e1k do kovu HSS-R 2,5 x 30\/57 fischer (bal. 10)"},"content":{"rendered":"<div class=\"tmc_edt\">\n<ul>\n<li><font face=\"Segoe UI\"><strong>Vhodn\u00e9 pro vrt\u00e1n\u00ed kovu, oceli, d\u0159eva a jin\u00fdch materi\u00e1l\u016f.<\/strong><\/font><\/li>\n<li><font face=\"Segoe UI\"><strong>Vhodn\u00e9 pro stojanov\u00e9 a ru\u010dn\u00ed vrta\u010dky.<\/strong><\/font><\/li>\n<li><font face=\"Segoe UI\">Vyrobeno z n\u00e1strojov\u00e9 oceli v souladu s DIN 338.<\/font><\/li>\n<li><font face=\"Segoe UI\">Masivn\u00ed vrt\u00e1k s dobrou odolnost\u00ed proti prasknut\u00ed.<\/font><\/li>\n<li><font face=\"Segoe UI\">Zes\u00edlen\u00e1 hrana na okraji spir\u00e1ly je <strong>vysoce odoln\u00e1 proti bo\u010dn\u00edm sil\u00e1m.<\/strong><\/font><\/li>\n<li><font face=\"Segoe UI\">Hrot vrt\u00e1ku brou\u0161en\u00fd pod \u00fahlem 118\u00b0 pro lep\u0161\u00ed odvod tepla a p\u0159esn\u011bj\u0161\u00ed vrt\u00e1n\u00ed.<\/font><\/li>\n<li><font face=\"Segoe UI\">Optim\u00e1ln\u00ed odvod \u0161pony d\u00edky spir\u00e1le tvaru N.<\/font><\/li>\n<\/ul><\/div>\n<\/p><\/div>\n","protected":false},"excerpt":{"rendered":"<p>Vhodn\u00e9 pro vrt\u00e1n\u00ed kovu, oceli, d\u0159eva a jin\u00fdch materi\u00e1l\u016f. Vhodn\u00e9 pro stojanov\u00e9 a ru\u010dn\u00ed vrta\u010dky. Vyrobeno z n\u00e1strojov\u00e9 oceli v souladu s DIN 338. Masivn\u00ed vrt\u00e1k s dobrou odolnost\u00ed proti prasknut\u00ed. Zes\u00edlen\u00e1 hrana na okraji spir\u00e1ly je vysoce odoln\u00e1 proti bo\u010dn\u00edm sil\u00e1m. Hrot vrt\u00e1ku brou\u0161en\u00fd pod \u00fahlem 118\u00b0 pro lep\u0161\u00ed odvod tepla a p\u0159esn\u011bj\u0161\u00ed vrt\u00e1n\u00ed. [&hellip;]<\/p>\n","protected":false},"featured_media":10820,"comment_status":"open","ping_status":"open","template":"","meta":[],"product_brand":[],"product_cat":[63],"product_tag":[],"class_list":{"0":"post-10720","1":"product","2":"type-product","3":"status-publish","4":"has-post-thumbnail","6":"product_cat-naradi","8":"first","9":"instock","10":"sale","11":"shipping-taxable","12":"purchasable","13":"product-type-simple"},"yoast_head":"<!-- This site is optimized with the Yoast SEO plugin v26.8 - https:\/\/yoast.com\/product\/yoast-seo-wordpress\/ -->\n<title>Koupit Online Vrt\u00e1k do kovu HSS-R 2,5 x 30\/57 fischer (bal. 10) -<\/title>\n<meta name=\"robots\" content=\"index, follow, max-snippet:-1, max-image-preview:large, max-video-preview:-1\" \/>\n<link rel=\"canonical\" href=\"https:\/\/www.domtechnikpro.com\/index.php\/produkt\/koupit-online-vrtak-do-kovu-hss-r-2-5-x-30-57-fischer-bal-10-10720\/\" \/>\n<meta property=\"og:locale\" content=\"cs_CZ\" \/>\n<meta property=\"og:type\" content=\"article\" \/>\n<meta property=\"og:title\" content=\"Koupit Online Vrt\u00e1k do kovu HSS-R 2,5 x 30\/57 fischer (bal. 10) -\" \/>\n<meta property=\"og:description\" content=\"Vhodn\u00e9 pro vrt\u00e1n\u00ed kovu, oceli, d\u0159eva a jin\u00fdch materi\u00e1l\u016f. Vhodn\u00e9 pro stojanov\u00e9 a ru\u010dn\u00ed vrta\u010dky. Vyrobeno z n\u00e1strojov\u00e9 oceli v souladu s DIN 338. Masivn\u00ed vrt\u00e1k s dobrou odolnost\u00ed proti prasknut\u00ed. Zes\u00edlen\u00e1 hrana na okraji spir\u00e1ly je vysoce odoln\u00e1 proti bo\u010dn\u00edm sil\u00e1m. Hrot vrt\u00e1ku brou\u0161en\u00fd pod \u00fahlem 118\u00b0 pro lep\u0161\u00ed odvod tepla a p\u0159esn\u011bj\u0161\u00ed vrt\u00e1n\u00ed. [&hellip;]\" \/>\n<meta property=\"og:url\" content=\"https:\/\/www.domtechnikpro.com\/index.php\/produkt\/koupit-online-vrtak-do-kovu-hss-r-2-5-x-30-57-fischer-bal-10-10720\/\" \/>\n<meta property=\"og:image\" content=\"https:\/\/www.domtechnikpro.com\/wp-content\/uploads\/2026\/SK0001755-CZ20260425-091813-0-1777079894-gall_a09f02ac-31ad-4b75-999b-9afa247e60394383-vrtak-do-kovu.webp\" \/>\n\t<meta property=\"og:image:width\" content=\"420\" \/>\n\t<meta property=\"og:image:height\" content=\"35\" \/>\n\t<meta property=\"og:image:type\" content=\"image\/webp\" \/>\n<meta name=\"twitter:card\" content=\"summary_large_image\" \/>\n<script type=\"application\/ld+json\" class=\"yoast-schema-graph\">{\"@context\":\"https:\/\/schema.org\",\"@graph\":[{\"@type\":\"WebPage\",\"@id\":\"https:\/\/www.domtechnikpro.com\/index.php\/produkt\/koupit-online-vrtak-do-kovu-hss-r-2-5-x-30-57-fischer-bal-10-10720\/\",\"url\":\"https:\/\/www.domtechnikpro.com\/index.php\/produkt\/koupit-online-vrtak-do-kovu-hss-r-2-5-x-30-57-fischer-bal-10-10720\/\",\"name\":\"Koupit Online Vrt\u00e1k do kovu HSS-R 2,5 x 30\/57 fischer (bal. 10) -\",\"isPartOf\":{\"@id\":\"https:\/\/www.domtechnikpro.com\/#website\"},\"primaryImageOfPage\":{\"@id\":\"https:\/\/www.domtechnikpro.com\/index.php\/produkt\/koupit-online-vrtak-do-kovu-hss-r-2-5-x-30-57-fischer-bal-10-10720\/#primaryimage\"},\"image\":{\"@id\":\"https:\/\/www.domtechnikpro.com\/index.php\/produkt\/koupit-online-vrtak-do-kovu-hss-r-2-5-x-30-57-fischer-bal-10-10720\/#primaryimage\"},\"thumbnailUrl\":\"https:\/\/www.domtechnikpro.com\/wp-content\/uploads\/2026\/SK0001755-CZ20260425-091813-0-1777079894-gall_a09f02ac-31ad-4b75-999b-9afa247e60394383-vrtak-do-kovu.webp\",\"datePublished\":\"2026-04-26T08:53:05+00:00\",\"breadcrumb\":{\"@id\":\"https:\/\/www.domtechnikpro.com\/index.php\/produkt\/koupit-online-vrtak-do-kovu-hss-r-2-5-x-30-57-fischer-bal-10-10720\/#breadcrumb\"},\"inLanguage\":\"cs\",\"potentialAction\":[{\"@type\":\"ReadAction\",\"target\":[\"https:\/\/www.domtechnikpro.com\/index.php\/produkt\/koupit-online-vrtak-do-kovu-hss-r-2-5-x-30-57-fischer-bal-10-10720\/\"]}]},{\"@type\":\"ImageObject\",\"inLanguage\":\"cs\",\"@id\":\"https:\/\/www.domtechnikpro.com\/index.php\/produkt\/koupit-online-vrtak-do-kovu-hss-r-2-5-x-30-57-fischer-bal-10-10720\/#primaryimage\",\"url\":\"https:\/\/www.domtechnikpro.com\/wp-content\/uploads\/2026\/SK0001755-CZ20260425-091813-0-1777079894-gall_a09f02ac-31ad-4b75-999b-9afa247e60394383-vrtak-do-kovu.webp\",\"contentUrl\":\"https:\/\/www.domtechnikpro.com\/wp-content\/uploads\/2026\/SK0001755-CZ20260425-091813-0-1777079894-gall_a09f02ac-31ad-4b75-999b-9afa247e60394383-vrtak-do-kovu.webp\",\"width\":420,\"height\":35},{\"@type\":\"BreadcrumbList\",\"@id\":\"https:\/\/www.domtechnikpro.com\/index.php\/produkt\/koupit-online-vrtak-do-kovu-hss-r-2-5-x-30-57-fischer-bal-10-10720\/#breadcrumb\",\"itemListElement\":[{\"@type\":\"ListItem\",\"position\":1,\"name\":\"Home\",\"item\":\"https:\/\/www.domtechnikpro.com\/\"},{\"@type\":\"ListItem\",\"position\":2,\"name\":\"Products\",\"item\":\"https:\/\/www.domtechnikpro.com\/index.php\/products\/\"},{\"@type\":\"ListItem\",\"position\":3,\"name\":\"Koupit Online Vrt\u00e1k do kovu HSS-R 2,5 x 30\/57 fischer (bal. 10)\"}]},{\"@type\":\"WebSite\",\"@id\":\"https:\/\/www.domtechnikpro.com\/#website\",\"url\":\"https:\/\/www.domtechnikpro.com\/\",\"name\":\"\",\"description\":\"\",\"potentialAction\":[{\"@type\":\"SearchAction\",\"target\":{\"@type\":\"EntryPoint\",\"urlTemplate\":\"https:\/\/www.domtechnikpro.com\/?s={search_term_string}\"},\"query-input\":{\"@type\":\"PropertyValueSpecification\",\"valueRequired\":true,\"valueName\":\"search_term_string\"}}],\"inLanguage\":\"cs\"}]}<\/script>\n<!-- \/ Yoast SEO plugin. -->","yoast_head_json":{"title":"Koupit Online Vrt\u00e1k do kovu HSS-R 2,5 x 30\/57 fischer (bal. 10) -","robots":{"index":"index","follow":"follow","max-snippet":"max-snippet:-1","max-image-preview":"max-image-preview:large","max-video-preview":"max-video-preview:-1"},"canonical":"https:\/\/www.domtechnikpro.com\/index.php\/produkt\/koupit-online-vrtak-do-kovu-hss-r-2-5-x-30-57-fischer-bal-10-10720\/","og_locale":"cs_CZ","og_type":"article","og_title":"Koupit Online Vrt\u00e1k do kovu HSS-R 2,5 x 30\/57 fischer (bal. 10) -","og_description":"Vhodn\u00e9 pro vrt\u00e1n\u00ed kovu, oceli, d\u0159eva a jin\u00fdch materi\u00e1l\u016f. Vhodn\u00e9 pro stojanov\u00e9 a ru\u010dn\u00ed vrta\u010dky. Vyrobeno z n\u00e1strojov\u00e9 oceli v souladu s DIN 338. Masivn\u00ed vrt\u00e1k s dobrou odolnost\u00ed proti prasknut\u00ed. Zes\u00edlen\u00e1 hrana na okraji spir\u00e1ly je vysoce odoln\u00e1 proti bo\u010dn\u00edm sil\u00e1m. Hrot vrt\u00e1ku brou\u0161en\u00fd pod \u00fahlem 118\u00b0 pro lep\u0161\u00ed odvod tepla a p\u0159esn\u011bj\u0161\u00ed vrt\u00e1n\u00ed. [&hellip;]","og_url":"https:\/\/www.domtechnikpro.com\/index.php\/produkt\/koupit-online-vrtak-do-kovu-hss-r-2-5-x-30-57-fischer-bal-10-10720\/","og_image":[{"width":420,"height":35,"url":"https:\/\/www.domtechnikpro.com\/wp-content\/uploads\/2026\/SK0001755-CZ20260425-091813-0-1777079894-gall_a09f02ac-31ad-4b75-999b-9afa247e60394383-vrtak-do-kovu.webp","type":"image\/webp"}],"twitter_card":"summary_large_image","schema":{"@context":"https:\/\/schema.org","@graph":[{"@type":"WebPage","@id":"https:\/\/www.domtechnikpro.com\/index.php\/produkt\/koupit-online-vrtak-do-kovu-hss-r-2-5-x-30-57-fischer-bal-10-10720\/","url":"https:\/\/www.domtechnikpro.com\/index.php\/produkt\/koupit-online-vrtak-do-kovu-hss-r-2-5-x-30-57-fischer-bal-10-10720\/","name":"Koupit Online Vrt\u00e1k do kovu HSS-R 2,5 x 30\/57 fischer (bal. 10) -","isPartOf":{"@id":"https:\/\/www.domtechnikpro.com\/#website"},"primaryImageOfPage":{"@id":"https:\/\/www.domtechnikpro.com\/index.php\/produkt\/koupit-online-vrtak-do-kovu-hss-r-2-5-x-30-57-fischer-bal-10-10720\/#primaryimage"},"image":{"@id":"https:\/\/www.domtechnikpro.com\/index.php\/produkt\/koupit-online-vrtak-do-kovu-hss-r-2-5-x-30-57-fischer-bal-10-10720\/#primaryimage"},"thumbnailUrl":"https:\/\/www.domtechnikpro.com\/wp-content\/uploads\/2026\/SK0001755-CZ20260425-091813-0-1777079894-gall_a09f02ac-31ad-4b75-999b-9afa247e60394383-vrtak-do-kovu.webp","datePublished":"2026-04-26T08:53:05+00:00","breadcrumb":{"@id":"https:\/\/www.domtechnikpro.com\/index.php\/produkt\/koupit-online-vrtak-do-kovu-hss-r-2-5-x-30-57-fischer-bal-10-10720\/#breadcrumb"},"inLanguage":"cs","potentialAction":[{"@type":"ReadAction","target":["https:\/\/www.domtechnikpro.com\/index.php\/produkt\/koupit-online-vrtak-do-kovu-hss-r-2-5-x-30-57-fischer-bal-10-10720\/"]}]},{"@type":"ImageObject","inLanguage":"cs","@id":"https:\/\/www.domtechnikpro.com\/index.php\/produkt\/koupit-online-vrtak-do-kovu-hss-r-2-5-x-30-57-fischer-bal-10-10720\/#primaryimage","url":"https:\/\/www.domtechnikpro.com\/wp-content\/uploads\/2026\/SK0001755-CZ20260425-091813-0-1777079894-gall_a09f02ac-31ad-4b75-999b-9afa247e60394383-vrtak-do-kovu.webp","contentUrl":"https:\/\/www.domtechnikpro.com\/wp-content\/uploads\/2026\/SK0001755-CZ20260425-091813-0-1777079894-gall_a09f02ac-31ad-4b75-999b-9afa247e60394383-vrtak-do-kovu.webp","width":420,"height":35},{"@type":"BreadcrumbList","@id":"https:\/\/www.domtechnikpro.com\/index.php\/produkt\/koupit-online-vrtak-do-kovu-hss-r-2-5-x-30-57-fischer-bal-10-10720\/#breadcrumb","itemListElement":[{"@type":"ListItem","position":1,"name":"Home","item":"https:\/\/www.domtechnikpro.com\/"},{"@type":"ListItem","position":2,"name":"Products","item":"https:\/\/www.domtechnikpro.com\/index.php\/products\/"},{"@type":"ListItem","position":3,"name":"Koupit Online Vrt\u00e1k do kovu HSS-R 2,5 x 30\/57 fischer (bal. 10)"}]},{"@type":"WebSite","@id":"https:\/\/www.domtechnikpro.com\/#website","url":"https:\/\/www.domtechnikpro.com\/","name":"","description":"","potentialAction":[{"@type":"SearchAction","target":{"@type":"EntryPoint","urlTemplate":"https:\/\/www.domtechnikpro.com\/?s={search_term_string}"},"query-input":{"@type":"PropertyValueSpecification","valueRequired":true,"valueName":"search_term_string"}}],"inLanguage":"cs"}]}},"_links":{"self":[{"href":"https:\/\/www.domtechnikpro.com\/index.php\/wp-json\/wp\/v2\/product\/10720","targetHints":{"allow":["GET"]}}],"collection":[{"href":"https:\/\/www.domtechnikpro.com\/index.php\/wp-json\/wp\/v2\/product"}],"about":[{"href":"https:\/\/www.domtechnikpro.com\/index.php\/wp-json\/wp\/v2\/types\/product"}],"replies":[{"embeddable":true,"href":"https:\/\/www.domtechnikpro.com\/index.php\/wp-json\/wp\/v2\/comments?post=10720"}],"wp:featuredmedia":[{"embeddable":true,"href":"https:\/\/www.domtechnikpro.com\/index.php\/wp-json\/wp\/v2\/media\/10820"}],"wp:attachment":[{"href":"https:\/\/www.domtechnikpro.com\/index.php\/wp-json\/wp\/v2\/media?parent=10720"}],"wp:term":[{"taxonomy":"product_brand","embeddable":true,"href":"https:\/\/www.domtechnikpro.com\/index.php\/wp-json\/wp\/v2\/product_brand?post=10720"},{"taxonomy":"product_cat","embeddable":true,"href":"https:\/\/www.domtechnikpro.com\/index.php\/wp-json\/wp\/v2\/product_cat?post=10720"},{"taxonomy":"product_tag","embeddable":true,"href":"https:\/\/www.domtechnikpro.com\/index.php\/wp-json\/wp\/v2\/product_tag?post=10720"}],"curies":[{"name":"wp","href":"https:\/\/api.w.org\/{rel}","templated":true}]}}