{"id":10578,"date":"2026-04-26T08:53:03","date_gmt":"2026-04-26T08:53:03","guid":{"rendered":""},"modified":"2026-04-26T08:53:03","modified_gmt":"2026-04-26T08:53:03","slug":"akce-reflektor-led-se-sklopnym-ramem-50-w-10578","status":"publish","type":"product","link":"https:\/\/www.domtechnikpro.com\/index.php\/produkt\/akce-reflektor-led-se-sklopnym-ramem-50-w-10578\/","title":{"rendered":"Akce Reflektor LED se sklopn\u00fdm r\u00e1mem, 50 W"},"content":{"rendered":"<div class=\"tmc_edt\">\n<ul>\n<li><font face=\"Segoe UI\">Reflektor LED se sklopn\u00fdm r\u00e1mem<\/font><\/li>\n<\/ul>\n<p><\/p>\n<\/p><\/div>\n<\/p><\/div>\n","protected":false},"excerpt":{"rendered":"<p>Reflektor LED se sklopn\u00fdm r\u00e1mem<\/p>\n","protected":false},"featured_media":10678,"comment_status":"open","ping_status":"open","template":"","meta":[],"product_brand":[],"product_cat":[67],"product_tag":[],"class_list":{"0":"post-10578","1":"product","2":"type-product","3":"status-publish","4":"has-post-thumbnail","6":"product_cat-elektro","8":"first","9":"instock","10":"sale","11":"shipping-taxable","12":"purchasable","13":"product-type-simple"},"yoast_head":"<!-- This site is optimized with the Yoast SEO plugin v26.8 - https:\/\/yoast.com\/product\/yoast-seo-wordpress\/ -->\n<title>Akce Reflektor LED se sklopn\u00fdm r\u00e1mem, 50 W -<\/title>\n<meta name=\"robots\" content=\"index, follow, max-snippet:-1, max-image-preview:large, max-video-preview:-1\" \/>\n<link rel=\"canonical\" href=\"https:\/\/www.domtechnikpro.com\/index.php\/produkt\/akce-reflektor-led-se-sklopnym-ramem-50-w-10578\/\" \/>\n<meta property=\"og:locale\" content=\"cs_CZ\" \/>\n<meta property=\"og:type\" content=\"article\" \/>\n<meta property=\"og:title\" content=\"Akce Reflektor LED se sklopn\u00fdm r\u00e1mem, 50 W -\" \/>\n<meta property=\"og:description\" content=\"Reflektor LED se sklopn\u00fdm r\u00e1mem\" \/>\n<meta property=\"og:url\" content=\"https:\/\/www.domtechnikpro.com\/index.php\/produkt\/akce-reflektor-led-se-sklopnym-ramem-50-w-10578\/\" \/>\n<meta property=\"og:image\" content=\"https:\/\/www.domtechnikpro.com\/wp-content\/uploads\/2026\/SK0001713-CZ20260425-091813-0-1777079894-gall_5bdf6e53-3f48-45f2-8692-6a519e98c9f34190-reflektor-led.webp\" \/>\n\t<meta property=\"og:image:width\" content=\"420\" \/>\n\t<meta property=\"og:image:height\" content=\"420\" \/>\n\t<meta property=\"og:image:type\" content=\"image\/webp\" \/>\n<meta name=\"twitter:card\" content=\"summary_large_image\" \/>\n<script type=\"application\/ld+json\" class=\"yoast-schema-graph\">{\"@context\":\"https:\/\/schema.org\",\"@graph\":[{\"@type\":\"WebPage\",\"@id\":\"https:\/\/www.domtechnikpro.com\/index.php\/produkt\/akce-reflektor-led-se-sklopnym-ramem-50-w-10578\/\",\"url\":\"https:\/\/www.domtechnikpro.com\/index.php\/produkt\/akce-reflektor-led-se-sklopnym-ramem-50-w-10578\/\",\"name\":\"Akce Reflektor LED se sklopn\u00fdm r\u00e1mem, 50 W -\",\"isPartOf\":{\"@id\":\"https:\/\/www.domtechnikpro.com\/#website\"},\"primaryImageOfPage\":{\"@id\":\"https:\/\/www.domtechnikpro.com\/index.php\/produkt\/akce-reflektor-led-se-sklopnym-ramem-50-w-10578\/#primaryimage\"},\"image\":{\"@id\":\"https:\/\/www.domtechnikpro.com\/index.php\/produkt\/akce-reflektor-led-se-sklopnym-ramem-50-w-10578\/#primaryimage\"},\"thumbnailUrl\":\"https:\/\/www.domtechnikpro.com\/wp-content\/uploads\/2026\/SK0001713-CZ20260425-091813-0-1777079894-gall_5bdf6e53-3f48-45f2-8692-6a519e98c9f34190-reflektor-led.webp\",\"datePublished\":\"2026-04-26T08:53:03+00:00\",\"breadcrumb\":{\"@id\":\"https:\/\/www.domtechnikpro.com\/index.php\/produkt\/akce-reflektor-led-se-sklopnym-ramem-50-w-10578\/#breadcrumb\"},\"inLanguage\":\"cs\",\"potentialAction\":[{\"@type\":\"ReadAction\",\"target\":[\"https:\/\/www.domtechnikpro.com\/index.php\/produkt\/akce-reflektor-led-se-sklopnym-ramem-50-w-10578\/\"]}]},{\"@type\":\"ImageObject\",\"inLanguage\":\"cs\",\"@id\":\"https:\/\/www.domtechnikpro.com\/index.php\/produkt\/akce-reflektor-led-se-sklopnym-ramem-50-w-10578\/#primaryimage\",\"url\":\"https:\/\/www.domtechnikpro.com\/wp-content\/uploads\/2026\/SK0001713-CZ20260425-091813-0-1777079894-gall_5bdf6e53-3f48-45f2-8692-6a519e98c9f34190-reflektor-led.webp\",\"contentUrl\":\"https:\/\/www.domtechnikpro.com\/wp-content\/uploads\/2026\/SK0001713-CZ20260425-091813-0-1777079894-gall_5bdf6e53-3f48-45f2-8692-6a519e98c9f34190-reflektor-led.webp\",\"width\":420,\"height\":420},{\"@type\":\"BreadcrumbList\",\"@id\":\"https:\/\/www.domtechnikpro.com\/index.php\/produkt\/akce-reflektor-led-se-sklopnym-ramem-50-w-10578\/#breadcrumb\",\"itemListElement\":[{\"@type\":\"ListItem\",\"position\":1,\"name\":\"Home\",\"item\":\"https:\/\/www.domtechnikpro.com\/\"},{\"@type\":\"ListItem\",\"position\":2,\"name\":\"Products\",\"item\":\"https:\/\/www.domtechnikpro.com\/index.php\/products\/\"},{\"@type\":\"ListItem\",\"position\":3,\"name\":\"Akce Reflektor LED se sklopn\u00fdm r\u00e1mem, 50 W\"}]},{\"@type\":\"WebSite\",\"@id\":\"https:\/\/www.domtechnikpro.com\/#website\",\"url\":\"https:\/\/www.domtechnikpro.com\/\",\"name\":\"\",\"description\":\"\",\"potentialAction\":[{\"@type\":\"SearchAction\",\"target\":{\"@type\":\"EntryPoint\",\"urlTemplate\":\"https:\/\/www.domtechnikpro.com\/?s={search_term_string}\"},\"query-input\":{\"@type\":\"PropertyValueSpecification\",\"valueRequired\":true,\"valueName\":\"search_term_string\"}}],\"inLanguage\":\"cs\"}]}<\/script>\n<!-- \/ Yoast SEO plugin. -->","yoast_head_json":{"title":"Akce Reflektor LED se sklopn\u00fdm r\u00e1mem, 50 W -","robots":{"index":"index","follow":"follow","max-snippet":"max-snippet:-1","max-image-preview":"max-image-preview:large","max-video-preview":"max-video-preview:-1"},"canonical":"https:\/\/www.domtechnikpro.com\/index.php\/produkt\/akce-reflektor-led-se-sklopnym-ramem-50-w-10578\/","og_locale":"cs_CZ","og_type":"article","og_title":"Akce Reflektor LED se sklopn\u00fdm r\u00e1mem, 50 W -","og_description":"Reflektor LED se sklopn\u00fdm r\u00e1mem","og_url":"https:\/\/www.domtechnikpro.com\/index.php\/produkt\/akce-reflektor-led-se-sklopnym-ramem-50-w-10578\/","og_image":[{"width":420,"height":420,"url":"https:\/\/www.domtechnikpro.com\/wp-content\/uploads\/2026\/SK0001713-CZ20260425-091813-0-1777079894-gall_5bdf6e53-3f48-45f2-8692-6a519e98c9f34190-reflektor-led.webp","type":"image\/webp"}],"twitter_card":"summary_large_image","schema":{"@context":"https:\/\/schema.org","@graph":[{"@type":"WebPage","@id":"https:\/\/www.domtechnikpro.com\/index.php\/produkt\/akce-reflektor-led-se-sklopnym-ramem-50-w-10578\/","url":"https:\/\/www.domtechnikpro.com\/index.php\/produkt\/akce-reflektor-led-se-sklopnym-ramem-50-w-10578\/","name":"Akce Reflektor LED se sklopn\u00fdm r\u00e1mem, 50 W -","isPartOf":{"@id":"https:\/\/www.domtechnikpro.com\/#website"},"primaryImageOfPage":{"@id":"https:\/\/www.domtechnikpro.com\/index.php\/produkt\/akce-reflektor-led-se-sklopnym-ramem-50-w-10578\/#primaryimage"},"image":{"@id":"https:\/\/www.domtechnikpro.com\/index.php\/produkt\/akce-reflektor-led-se-sklopnym-ramem-50-w-10578\/#primaryimage"},"thumbnailUrl":"https:\/\/www.domtechnikpro.com\/wp-content\/uploads\/2026\/SK0001713-CZ20260425-091813-0-1777079894-gall_5bdf6e53-3f48-45f2-8692-6a519e98c9f34190-reflektor-led.webp","datePublished":"2026-04-26T08:53:03+00:00","breadcrumb":{"@id":"https:\/\/www.domtechnikpro.com\/index.php\/produkt\/akce-reflektor-led-se-sklopnym-ramem-50-w-10578\/#breadcrumb"},"inLanguage":"cs","potentialAction":[{"@type":"ReadAction","target":["https:\/\/www.domtechnikpro.com\/index.php\/produkt\/akce-reflektor-led-se-sklopnym-ramem-50-w-10578\/"]}]},{"@type":"ImageObject","inLanguage":"cs","@id":"https:\/\/www.domtechnikpro.com\/index.php\/produkt\/akce-reflektor-led-se-sklopnym-ramem-50-w-10578\/#primaryimage","url":"https:\/\/www.domtechnikpro.com\/wp-content\/uploads\/2026\/SK0001713-CZ20260425-091813-0-1777079894-gall_5bdf6e53-3f48-45f2-8692-6a519e98c9f34190-reflektor-led.webp","contentUrl":"https:\/\/www.domtechnikpro.com\/wp-content\/uploads\/2026\/SK0001713-CZ20260425-091813-0-1777079894-gall_5bdf6e53-3f48-45f2-8692-6a519e98c9f34190-reflektor-led.webp","width":420,"height":420},{"@type":"BreadcrumbList","@id":"https:\/\/www.domtechnikpro.com\/index.php\/produkt\/akce-reflektor-led-se-sklopnym-ramem-50-w-10578\/#breadcrumb","itemListElement":[{"@type":"ListItem","position":1,"name":"Home","item":"https:\/\/www.domtechnikpro.com\/"},{"@type":"ListItem","position":2,"name":"Products","item":"https:\/\/www.domtechnikpro.com\/index.php\/products\/"},{"@type":"ListItem","position":3,"name":"Akce Reflektor LED se sklopn\u00fdm r\u00e1mem, 50 W"}]},{"@type":"WebSite","@id":"https:\/\/www.domtechnikpro.com\/#website","url":"https:\/\/www.domtechnikpro.com\/","name":"","description":"","potentialAction":[{"@type":"SearchAction","target":{"@type":"EntryPoint","urlTemplate":"https:\/\/www.domtechnikpro.com\/?s={search_term_string}"},"query-input":{"@type":"PropertyValueSpecification","valueRequired":true,"valueName":"search_term_string"}}],"inLanguage":"cs"}]}},"_links":{"self":[{"href":"https:\/\/www.domtechnikpro.com\/index.php\/wp-json\/wp\/v2\/product\/10578","targetHints":{"allow":["GET"]}}],"collection":[{"href":"https:\/\/www.domtechnikpro.com\/index.php\/wp-json\/wp\/v2\/product"}],"about":[{"href":"https:\/\/www.domtechnikpro.com\/index.php\/wp-json\/wp\/v2\/types\/product"}],"replies":[{"embeddable":true,"href":"https:\/\/www.domtechnikpro.com\/index.php\/wp-json\/wp\/v2\/comments?post=10578"}],"wp:featuredmedia":[{"embeddable":true,"href":"https:\/\/www.domtechnikpro.com\/index.php\/wp-json\/wp\/v2\/media\/10678"}],"wp:attachment":[{"href":"https:\/\/www.domtechnikpro.com\/index.php\/wp-json\/wp\/v2\/media?parent=10578"}],"wp:term":[{"taxonomy":"product_brand","embeddable":true,"href":"https:\/\/www.domtechnikpro.com\/index.php\/wp-json\/wp\/v2\/product_brand?post=10578"},{"taxonomy":"product_cat","embeddable":true,"href":"https:\/\/www.domtechnikpro.com\/index.php\/wp-json\/wp\/v2\/product_cat?post=10578"},{"taxonomy":"product_tag","embeddable":true,"href":"https:\/\/www.domtechnikpro.com\/index.php\/wp-json\/wp\/v2\/product_tag?post=10578"}],"curies":[{"name":"wp","href":"https:\/\/api.w.org\/{rel}","templated":true}]}}