{"id":10304,"date":"2026-04-26T08:53:00","date_gmt":"2026-04-26T08:53:00","guid":{"rendered":""},"modified":"2026-04-26T08:53:00","modified_gmt":"2026-04-26T08:53:00","slug":"sezonni-sleva-baumit-proofbeton-vl-silo-10304","status":"publish","type":"product","link":"https:\/\/www.domtechnikpro.com\/index.php\/produkt\/sezonni-sleva-baumit-proofbeton-vl-silo-10304\/","title":{"rendered":"Sez\u00f3nn\u00ed Sleva Baumit ProofBeton VL (silo)"},"content":{"rendered":"<div class=\"tmc_edt\">\n<ul>\n<li><font face=\"Segoe UI\">Pro b\u011b\u017en\u00e9 beton\u00e1\u0159sk\u00e9 pr\u00e1ce, lit\u00ed do bedn\u011bn\u00ed, vodohospod\u00e1\u0159sk\u00e9 konstrukce, z\u00e1klady, j\u00edmky kanalizace, op\u011brn\u00e9 st\u011bny, atp.<\/font><\/li>\n<p><font face=\"Segoe UI\"><\/font><\/p>\n<li><font face=\"Segoe UI\">Podklad mus\u00ed vyhovovat platn\u00fdm norm\u00e1m, mus\u00ed b\u00fdt pevn\u00fd, bez uvol\u0148uj\u00edc\u00edch se \u010d\u00e1stic, zbaven\u00fd prachu, n\u00e1t\u011bru, zbytk\u016f odformovac\u00edch prost\u0159edk\u016f a soln\u00fdch v\u00fdkv\u011bt\u016f. Mus\u00ed b\u00fdt dostate\u010dn\u011b drsn\u00fd, such\u00fd a rovnom\u011brn\u011b nas\u00e1kav\u00fd. Povrch nesm\u00ed b\u00fdt vodoodpudiv\u00fd. Obna\u017eenou ocelovou v\u00fdztu\u017e zbavit rzi. <\/font><\/li>\n<p><font face=\"Segoe UI\"><\/font><\/p>\n<li><font face=\"Segoe UI\">V z\u00e1vislosti na klimatick\u00fdch podm\u00ednk\u00e1ch vlh\u010dit.<\/font><\/li>\n<p><font face=\"Segoe UI\"><\/font><\/p>\n<li><font face=\"Segoe UI\">Baumit ProofBeton je vhodn\u00fd pro zhotoven\u00ed vodonepropustn\u00fdch konstrukc\u00ed. <\/font><\/li>\n<\/ul><\/div>\n<\/p><\/div>\n","protected":false},"excerpt":{"rendered":"<p>Pro b\u011b\u017en\u00e9 beton\u00e1\u0159sk\u00e9 pr\u00e1ce, lit\u00ed do bedn\u011bn\u00ed, vodohospod\u00e1\u0159sk\u00e9 konstrukce, z\u00e1klady, j\u00edmky kanalizace, op\u011brn\u00e9 st\u011bny, atp. Podklad mus\u00ed vyhovovat platn\u00fdm norm\u00e1m, mus\u00ed b\u00fdt pevn\u00fd, bez uvol\u0148uj\u00edc\u00edch se \u010d\u00e1stic, zbaven\u00fd prachu, n\u00e1t\u011bru, zbytk\u016f odformovac\u00edch prost\u0159edk\u016f a soln\u00fdch v\u00fdkv\u011bt\u016f. Mus\u00ed b\u00fdt dostate\u010dn\u011b drsn\u00fd, such\u00fd a rovnom\u011brn\u011b nas\u00e1kav\u00fd. Povrch nesm\u00ed b\u00fdt vodoodpudiv\u00fd. Obna\u017eenou ocelovou v\u00fdztu\u017e zbavit rzi. V z\u00e1vislosti [&hellip;]<\/p>\n","protected":false},"featured_media":10404,"comment_status":"open","ping_status":"open","template":"","meta":[],"product_brand":[],"product_cat":[61],"product_tag":[],"class_list":{"0":"post-10304","1":"product","2":"type-product","3":"status-publish","4":"has-post-thumbnail","6":"product_cat-hruba-stavba","8":"first","9":"instock","10":"sale","11":"shipping-taxable","12":"purchasable","13":"product-type-simple"},"yoast_head":"<!-- This site is optimized with the Yoast SEO plugin v26.8 - https:\/\/yoast.com\/product\/yoast-seo-wordpress\/ -->\n<title>Sez\u00f3nn\u00ed Sleva Baumit ProofBeton VL (silo) -<\/title>\n<meta name=\"robots\" content=\"index, follow, max-snippet:-1, max-image-preview:large, max-video-preview:-1\" \/>\n<link rel=\"canonical\" href=\"https:\/\/www.domtechnikpro.com\/index.php\/produkt\/sezonni-sleva-baumit-proofbeton-vl-silo-10304\/\" \/>\n<meta property=\"og:locale\" content=\"cs_CZ\" \/>\n<meta property=\"og:type\" content=\"article\" \/>\n<meta property=\"og:title\" content=\"Sez\u00f3nn\u00ed Sleva Baumit ProofBeton VL (silo) -\" \/>\n<meta property=\"og:description\" content=\"Pro b\u011b\u017en\u00e9 beton\u00e1\u0159sk\u00e9 pr\u00e1ce, lit\u00ed do bedn\u011bn\u00ed, vodohospod\u00e1\u0159sk\u00e9 konstrukce, z\u00e1klady, j\u00edmky kanalizace, op\u011brn\u00e9 st\u011bny, atp. Podklad mus\u00ed vyhovovat platn\u00fdm norm\u00e1m, mus\u00ed b\u00fdt pevn\u00fd, bez uvol\u0148uj\u00edc\u00edch se \u010d\u00e1stic, zbaven\u00fd prachu, n\u00e1t\u011bru, zbytk\u016f odformovac\u00edch prost\u0159edk\u016f a soln\u00fdch v\u00fdkv\u011bt\u016f. Mus\u00ed b\u00fdt dostate\u010dn\u011b drsn\u00fd, such\u00fd a rovnom\u011brn\u011b nas\u00e1kav\u00fd. Povrch nesm\u00ed b\u00fdt vodoodpudiv\u00fd. Obna\u017eenou ocelovou v\u00fdztu\u017e zbavit rzi. V z\u00e1vislosti [&hellip;]\" \/>\n<meta property=\"og:url\" content=\"https:\/\/www.domtechnikpro.com\/index.php\/produkt\/sezonni-sleva-baumit-proofbeton-vl-silo-10304\/\" \/>\n<meta property=\"og:image\" content=\"https:\/\/www.domtechnikpro.com\/wp-content\/uploads\/2026\/SK0001506-CZ20260425-091813-0-1777079894-gall_dd9e6db8-80d8-4720-980d-17b520ff5e2c3098-baumit-silo.j.webp\" \/>\n\t<meta property=\"og:image:width\" content=\"193\" \/>\n\t<meta property=\"og:image:height\" content=\"420\" \/>\n\t<meta property=\"og:image:type\" content=\"image\/webp\" \/>\n<meta name=\"twitter:card\" content=\"summary_large_image\" \/>\n<meta name=\"twitter:label1\" content=\"Odhadovan\u00e1 doba \u010dten\u00ed\" \/>\n\t<meta name=\"twitter:data1\" content=\"1 minuta\" \/>\n<script type=\"application\/ld+json\" class=\"yoast-schema-graph\">{\"@context\":\"https:\/\/schema.org\",\"@graph\":[{\"@type\":\"WebPage\",\"@id\":\"https:\/\/www.domtechnikpro.com\/index.php\/produkt\/sezonni-sleva-baumit-proofbeton-vl-silo-10304\/\",\"url\":\"https:\/\/www.domtechnikpro.com\/index.php\/produkt\/sezonni-sleva-baumit-proofbeton-vl-silo-10304\/\",\"name\":\"Sez\u00f3nn\u00ed Sleva Baumit ProofBeton VL (silo) -\",\"isPartOf\":{\"@id\":\"https:\/\/www.domtechnikpro.com\/#website\"},\"primaryImageOfPage\":{\"@id\":\"https:\/\/www.domtechnikpro.com\/index.php\/produkt\/sezonni-sleva-baumit-proofbeton-vl-silo-10304\/#primaryimage\"},\"image\":{\"@id\":\"https:\/\/www.domtechnikpro.com\/index.php\/produkt\/sezonni-sleva-baumit-proofbeton-vl-silo-10304\/#primaryimage\"},\"thumbnailUrl\":\"https:\/\/www.domtechnikpro.com\/wp-content\/uploads\/2026\/SK0001506-CZ20260425-091813-0-1777079894-gall_dd9e6db8-80d8-4720-980d-17b520ff5e2c3098-baumit-silo.j.webp\",\"datePublished\":\"2026-04-26T08:53:00+00:00\",\"breadcrumb\":{\"@id\":\"https:\/\/www.domtechnikpro.com\/index.php\/produkt\/sezonni-sleva-baumit-proofbeton-vl-silo-10304\/#breadcrumb\"},\"inLanguage\":\"cs\",\"potentialAction\":[{\"@type\":\"ReadAction\",\"target\":[\"https:\/\/www.domtechnikpro.com\/index.php\/produkt\/sezonni-sleva-baumit-proofbeton-vl-silo-10304\/\"]}]},{\"@type\":\"ImageObject\",\"inLanguage\":\"cs\",\"@id\":\"https:\/\/www.domtechnikpro.com\/index.php\/produkt\/sezonni-sleva-baumit-proofbeton-vl-silo-10304\/#primaryimage\",\"url\":\"https:\/\/www.domtechnikpro.com\/wp-content\/uploads\/2026\/SK0001506-CZ20260425-091813-0-1777079894-gall_dd9e6db8-80d8-4720-980d-17b520ff5e2c3098-baumit-silo.j.webp\",\"contentUrl\":\"https:\/\/www.domtechnikpro.com\/wp-content\/uploads\/2026\/SK0001506-CZ20260425-091813-0-1777079894-gall_dd9e6db8-80d8-4720-980d-17b520ff5e2c3098-baumit-silo.j.webp\",\"width\":193,\"height\":420},{\"@type\":\"BreadcrumbList\",\"@id\":\"https:\/\/www.domtechnikpro.com\/index.php\/produkt\/sezonni-sleva-baumit-proofbeton-vl-silo-10304\/#breadcrumb\",\"itemListElement\":[{\"@type\":\"ListItem\",\"position\":1,\"name\":\"Home\",\"item\":\"https:\/\/www.domtechnikpro.com\/\"},{\"@type\":\"ListItem\",\"position\":2,\"name\":\"Products\",\"item\":\"https:\/\/www.domtechnikpro.com\/index.php\/products\/\"},{\"@type\":\"ListItem\",\"position\":3,\"name\":\"Sez\u00f3nn\u00ed Sleva Baumit ProofBeton VL (silo)\"}]},{\"@type\":\"WebSite\",\"@id\":\"https:\/\/www.domtechnikpro.com\/#website\",\"url\":\"https:\/\/www.domtechnikpro.com\/\",\"name\":\"\",\"description\":\"\",\"potentialAction\":[{\"@type\":\"SearchAction\",\"target\":{\"@type\":\"EntryPoint\",\"urlTemplate\":\"https:\/\/www.domtechnikpro.com\/?s={search_term_string}\"},\"query-input\":{\"@type\":\"PropertyValueSpecification\",\"valueRequired\":true,\"valueName\":\"search_term_string\"}}],\"inLanguage\":\"cs\"}]}<\/script>\n<!-- \/ Yoast SEO plugin. -->","yoast_head_json":{"title":"Sez\u00f3nn\u00ed Sleva Baumit ProofBeton VL (silo) -","robots":{"index":"index","follow":"follow","max-snippet":"max-snippet:-1","max-image-preview":"max-image-preview:large","max-video-preview":"max-video-preview:-1"},"canonical":"https:\/\/www.domtechnikpro.com\/index.php\/produkt\/sezonni-sleva-baumit-proofbeton-vl-silo-10304\/","og_locale":"cs_CZ","og_type":"article","og_title":"Sez\u00f3nn\u00ed Sleva Baumit ProofBeton VL (silo) -","og_description":"Pro b\u011b\u017en\u00e9 beton\u00e1\u0159sk\u00e9 pr\u00e1ce, lit\u00ed do bedn\u011bn\u00ed, vodohospod\u00e1\u0159sk\u00e9 konstrukce, z\u00e1klady, j\u00edmky kanalizace, op\u011brn\u00e9 st\u011bny, atp. Podklad mus\u00ed vyhovovat platn\u00fdm norm\u00e1m, mus\u00ed b\u00fdt pevn\u00fd, bez uvol\u0148uj\u00edc\u00edch se \u010d\u00e1stic, zbaven\u00fd prachu, n\u00e1t\u011bru, zbytk\u016f odformovac\u00edch prost\u0159edk\u016f a soln\u00fdch v\u00fdkv\u011bt\u016f. Mus\u00ed b\u00fdt dostate\u010dn\u011b drsn\u00fd, such\u00fd a rovnom\u011brn\u011b nas\u00e1kav\u00fd. Povrch nesm\u00ed b\u00fdt vodoodpudiv\u00fd. Obna\u017eenou ocelovou v\u00fdztu\u017e zbavit rzi. V z\u00e1vislosti [&hellip;]","og_url":"https:\/\/www.domtechnikpro.com\/index.php\/produkt\/sezonni-sleva-baumit-proofbeton-vl-silo-10304\/","og_image":[{"width":193,"height":420,"url":"https:\/\/www.domtechnikpro.com\/wp-content\/uploads\/2026\/SK0001506-CZ20260425-091813-0-1777079894-gall_dd9e6db8-80d8-4720-980d-17b520ff5e2c3098-baumit-silo.j.webp","type":"image\/webp"}],"twitter_card":"summary_large_image","twitter_misc":{"Odhadovan\u00e1 doba \u010dten\u00ed":"1 minuta"},"schema":{"@context":"https:\/\/schema.org","@graph":[{"@type":"WebPage","@id":"https:\/\/www.domtechnikpro.com\/index.php\/produkt\/sezonni-sleva-baumit-proofbeton-vl-silo-10304\/","url":"https:\/\/www.domtechnikpro.com\/index.php\/produkt\/sezonni-sleva-baumit-proofbeton-vl-silo-10304\/","name":"Sez\u00f3nn\u00ed Sleva Baumit ProofBeton VL (silo) -","isPartOf":{"@id":"https:\/\/www.domtechnikpro.com\/#website"},"primaryImageOfPage":{"@id":"https:\/\/www.domtechnikpro.com\/index.php\/produkt\/sezonni-sleva-baumit-proofbeton-vl-silo-10304\/#primaryimage"},"image":{"@id":"https:\/\/www.domtechnikpro.com\/index.php\/produkt\/sezonni-sleva-baumit-proofbeton-vl-silo-10304\/#primaryimage"},"thumbnailUrl":"https:\/\/www.domtechnikpro.com\/wp-content\/uploads\/2026\/SK0001506-CZ20260425-091813-0-1777079894-gall_dd9e6db8-80d8-4720-980d-17b520ff5e2c3098-baumit-silo.j.webp","datePublished":"2026-04-26T08:53:00+00:00","breadcrumb":{"@id":"https:\/\/www.domtechnikpro.com\/index.php\/produkt\/sezonni-sleva-baumit-proofbeton-vl-silo-10304\/#breadcrumb"},"inLanguage":"cs","potentialAction":[{"@type":"ReadAction","target":["https:\/\/www.domtechnikpro.com\/index.php\/produkt\/sezonni-sleva-baumit-proofbeton-vl-silo-10304\/"]}]},{"@type":"ImageObject","inLanguage":"cs","@id":"https:\/\/www.domtechnikpro.com\/index.php\/produkt\/sezonni-sleva-baumit-proofbeton-vl-silo-10304\/#primaryimage","url":"https:\/\/www.domtechnikpro.com\/wp-content\/uploads\/2026\/SK0001506-CZ20260425-091813-0-1777079894-gall_dd9e6db8-80d8-4720-980d-17b520ff5e2c3098-baumit-silo.j.webp","contentUrl":"https:\/\/www.domtechnikpro.com\/wp-content\/uploads\/2026\/SK0001506-CZ20260425-091813-0-1777079894-gall_dd9e6db8-80d8-4720-980d-17b520ff5e2c3098-baumit-silo.j.webp","width":193,"height":420},{"@type":"BreadcrumbList","@id":"https:\/\/www.domtechnikpro.com\/index.php\/produkt\/sezonni-sleva-baumit-proofbeton-vl-silo-10304\/#breadcrumb","itemListElement":[{"@type":"ListItem","position":1,"name":"Home","item":"https:\/\/www.domtechnikpro.com\/"},{"@type":"ListItem","position":2,"name":"Products","item":"https:\/\/www.domtechnikpro.com\/index.php\/products\/"},{"@type":"ListItem","position":3,"name":"Sez\u00f3nn\u00ed Sleva Baumit ProofBeton VL (silo)"}]},{"@type":"WebSite","@id":"https:\/\/www.domtechnikpro.com\/#website","url":"https:\/\/www.domtechnikpro.com\/","name":"","description":"","potentialAction":[{"@type":"SearchAction","target":{"@type":"EntryPoint","urlTemplate":"https:\/\/www.domtechnikpro.com\/?s={search_term_string}"},"query-input":{"@type":"PropertyValueSpecification","valueRequired":true,"valueName":"search_term_string"}}],"inLanguage":"cs"}]}},"_links":{"self":[{"href":"https:\/\/www.domtechnikpro.com\/index.php\/wp-json\/wp\/v2\/product\/10304","targetHints":{"allow":["GET"]}}],"collection":[{"href":"https:\/\/www.domtechnikpro.com\/index.php\/wp-json\/wp\/v2\/product"}],"about":[{"href":"https:\/\/www.domtechnikpro.com\/index.php\/wp-json\/wp\/v2\/types\/product"}],"replies":[{"embeddable":true,"href":"https:\/\/www.domtechnikpro.com\/index.php\/wp-json\/wp\/v2\/comments?post=10304"}],"wp:featuredmedia":[{"embeddable":true,"href":"https:\/\/www.domtechnikpro.com\/index.php\/wp-json\/wp\/v2\/media\/10404"}],"wp:attachment":[{"href":"https:\/\/www.domtechnikpro.com\/index.php\/wp-json\/wp\/v2\/media?parent=10304"}],"wp:term":[{"taxonomy":"product_brand","embeddable":true,"href":"https:\/\/www.domtechnikpro.com\/index.php\/wp-json\/wp\/v2\/product_brand?post=10304"},{"taxonomy":"product_cat","embeddable":true,"href":"https:\/\/www.domtechnikpro.com\/index.php\/wp-json\/wp\/v2\/product_cat?post=10304"},{"taxonomy":"product_tag","embeddable":true,"href":"https:\/\/www.domtechnikpro.com\/index.php\/wp-json\/wp\/v2\/product_tag?post=10304"}],"curies":[{"name":"wp","href":"https:\/\/api.w.org\/{rel}","templated":true}]}}