{"id":10302,"date":"2026-04-26T08:53:00","date_gmt":"2026-04-26T08:53:00","guid":{"rendered":""},"modified":"2026-04-26T08:53:00","modified_gmt":"2026-04-26T08:53:00","slug":"must-have-baumit-porbeton-20-kg-10302","status":"publish","type":"product","link":"https:\/\/www.domtechnikpro.com\/index.php\/produkt\/must-have-baumit-porbeton-20-kg-10302\/","title":{"rendered":"Must-Have Baumit PorBeton 20 kg"},"content":{"rendered":"<div class=\"tmc_edt\">\n<ul>\n<li><font face=\"Segoe UI\">Ur\u010den\u00e1 zejm\u00e9na k vyrovn\u00e1n\u00ed podlah, strop\u016f, pro tepeln\u011bizola\u010dn\u00ed anebo po\u017e\u00e1rn\u011b odoln\u00e9 vrstvy, z\u00e1sypy kleneb, stavebn\u00edch dutin anebo jako ochrana in\u017een\u00fdrsk\u00fdch s\u00edt\u00ed. <\/font><\/li>\n<p><font face=\"Segoe UI\"><\/font><\/p>\n<li><font face=\"Segoe UI\">Podklad mus\u00ed vyhovovat platn\u00fdm norm\u00e1m, mus\u00ed b\u00fdt pevn\u00fd, p\u0159im\u011b\u0159en\u011b such\u00fd, soudr\u017en\u00fd, bez uvol\u0148uj\u00edc\u00edch se \u010d\u00e1stic, zbaven\u00fd prachu a soln\u00fdch v\u00fdkv\u011bt\u016f. Mus\u00ed b\u00fdt dostate\u010dn\u011b drsn\u00fd, such\u00fd a rovnom\u011brn\u011b nas\u00e1kav\u00fd. <\/font><\/li>\n<\/ul>\n<p>&nbsp;<\/p>\n<\/p><\/div>\n<\/p><\/div>\n","protected":false},"excerpt":{"rendered":"<p>Ur\u010den\u00e1 zejm\u00e9na k vyrovn\u00e1n\u00ed podlah, strop\u016f, pro tepeln\u011bizola\u010dn\u00ed anebo po\u017e\u00e1rn\u011b odoln\u00e9 vrstvy, z\u00e1sypy kleneb, stavebn\u00edch dutin anebo jako ochrana in\u017een\u00fdrsk\u00fdch s\u00edt\u00ed. Podklad mus\u00ed vyhovovat platn\u00fdm norm\u00e1m, mus\u00ed b\u00fdt pevn\u00fd, p\u0159im\u011b\u0159en\u011b such\u00fd, soudr\u017en\u00fd, bez uvol\u0148uj\u00edc\u00edch se \u010d\u00e1stic, zbaven\u00fd prachu a soln\u00fdch v\u00fdkv\u011bt\u016f. Mus\u00ed b\u00fdt dostate\u010dn\u011b drsn\u00fd, such\u00fd a rovnom\u011brn\u011b nas\u00e1kav\u00fd. &nbsp;<\/p>\n","protected":false},"featured_media":10402,"comment_status":"open","ping_status":"open","template":"","meta":[],"product_brand":[],"product_cat":[61],"product_tag":[],"class_list":{"0":"post-10302","1":"product","2":"type-product","3":"status-publish","4":"has-post-thumbnail","6":"product_cat-hruba-stavba","8":"first","9":"instock","10":"sale","11":"shipping-taxable","12":"purchasable","13":"product-type-simple"},"yoast_head":"<!-- This site is optimized with the Yoast SEO plugin v26.8 - https:\/\/yoast.com\/product\/yoast-seo-wordpress\/ -->\n<title>Must-Have Baumit PorBeton 20 kg -<\/title>\n<meta name=\"robots\" content=\"index, follow, max-snippet:-1, max-image-preview:large, max-video-preview:-1\" \/>\n<link rel=\"canonical\" href=\"https:\/\/www.domtechnikpro.com\/index.php\/produkt\/must-have-baumit-porbeton-20-kg-10302\/\" \/>\n<meta property=\"og:locale\" content=\"cs_CZ\" \/>\n<meta property=\"og:type\" content=\"article\" \/>\n<meta property=\"og:title\" content=\"Must-Have Baumit PorBeton 20 kg -\" \/>\n<meta property=\"og:description\" content=\"Ur\u010den\u00e1 zejm\u00e9na k vyrovn\u00e1n\u00ed podlah, strop\u016f, pro tepeln\u011bizola\u010dn\u00ed anebo po\u017e\u00e1rn\u011b odoln\u00e9 vrstvy, z\u00e1sypy kleneb, stavebn\u00edch dutin anebo jako ochrana in\u017een\u00fdrsk\u00fdch s\u00edt\u00ed. Podklad mus\u00ed vyhovovat platn\u00fdm norm\u00e1m, mus\u00ed b\u00fdt pevn\u00fd, p\u0159im\u011b\u0159en\u011b such\u00fd, soudr\u017en\u00fd, bez uvol\u0148uj\u00edc\u00edch se \u010d\u00e1stic, zbaven\u00fd prachu a soln\u00fdch v\u00fdkv\u011bt\u016f. Mus\u00ed b\u00fdt dostate\u010dn\u011b drsn\u00fd, such\u00fd a rovnom\u011brn\u011b nas\u00e1kav\u00fd. &nbsp;\" \/>\n<meta property=\"og:url\" content=\"https:\/\/www.domtechnikpro.com\/index.php\/produkt\/must-have-baumit-porbeton-20-kg-10302\/\" \/>\n<meta property=\"og:image\" content=\"https:\/\/www.domtechnikpro.com\/wp-content\/uploads\/2026\/SK0001504-CZ20260425-091813-0-1777079894-gall_1ddd272e-7088-459b-802a-e0230ef2364c3095-baumit-porbet.webp\" \/>\n\t<meta property=\"og:image:width\" content=\"420\" \/>\n\t<meta property=\"og:image:height\" content=\"377\" \/>\n\t<meta property=\"og:image:type\" content=\"image\/webp\" \/>\n<meta name=\"twitter:card\" content=\"summary_large_image\" \/>\n<script type=\"application\/ld+json\" class=\"yoast-schema-graph\">{\"@context\":\"https:\/\/schema.org\",\"@graph\":[{\"@type\":\"WebPage\",\"@id\":\"https:\/\/www.domtechnikpro.com\/index.php\/produkt\/must-have-baumit-porbeton-20-kg-10302\/\",\"url\":\"https:\/\/www.domtechnikpro.com\/index.php\/produkt\/must-have-baumit-porbeton-20-kg-10302\/\",\"name\":\"Must-Have Baumit PorBeton 20 kg -\",\"isPartOf\":{\"@id\":\"https:\/\/www.domtechnikpro.com\/#website\"},\"primaryImageOfPage\":{\"@id\":\"https:\/\/www.domtechnikpro.com\/index.php\/produkt\/must-have-baumit-porbeton-20-kg-10302\/#primaryimage\"},\"image\":{\"@id\":\"https:\/\/www.domtechnikpro.com\/index.php\/produkt\/must-have-baumit-porbeton-20-kg-10302\/#primaryimage\"},\"thumbnailUrl\":\"https:\/\/www.domtechnikpro.com\/wp-content\/uploads\/2026\/SK0001504-CZ20260425-091813-0-1777079894-gall_1ddd272e-7088-459b-802a-e0230ef2364c3095-baumit-porbet.webp\",\"datePublished\":\"2026-04-26T08:53:00+00:00\",\"breadcrumb\":{\"@id\":\"https:\/\/www.domtechnikpro.com\/index.php\/produkt\/must-have-baumit-porbeton-20-kg-10302\/#breadcrumb\"},\"inLanguage\":\"cs\",\"potentialAction\":[{\"@type\":\"ReadAction\",\"target\":[\"https:\/\/www.domtechnikpro.com\/index.php\/produkt\/must-have-baumit-porbeton-20-kg-10302\/\"]}]},{\"@type\":\"ImageObject\",\"inLanguage\":\"cs\",\"@id\":\"https:\/\/www.domtechnikpro.com\/index.php\/produkt\/must-have-baumit-porbeton-20-kg-10302\/#primaryimage\",\"url\":\"https:\/\/www.domtechnikpro.com\/wp-content\/uploads\/2026\/SK0001504-CZ20260425-091813-0-1777079894-gall_1ddd272e-7088-459b-802a-e0230ef2364c3095-baumit-porbet.webp\",\"contentUrl\":\"https:\/\/www.domtechnikpro.com\/wp-content\/uploads\/2026\/SK0001504-CZ20260425-091813-0-1777079894-gall_1ddd272e-7088-459b-802a-e0230ef2364c3095-baumit-porbet.webp\",\"width\":420,\"height\":377},{\"@type\":\"BreadcrumbList\",\"@id\":\"https:\/\/www.domtechnikpro.com\/index.php\/produkt\/must-have-baumit-porbeton-20-kg-10302\/#breadcrumb\",\"itemListElement\":[{\"@type\":\"ListItem\",\"position\":1,\"name\":\"Home\",\"item\":\"https:\/\/www.domtechnikpro.com\/\"},{\"@type\":\"ListItem\",\"position\":2,\"name\":\"Products\",\"item\":\"https:\/\/www.domtechnikpro.com\/index.php\/products\/\"},{\"@type\":\"ListItem\",\"position\":3,\"name\":\"Must-Have Baumit PorBeton 20 kg\"}]},{\"@type\":\"WebSite\",\"@id\":\"https:\/\/www.domtechnikpro.com\/#website\",\"url\":\"https:\/\/www.domtechnikpro.com\/\",\"name\":\"\",\"description\":\"\",\"potentialAction\":[{\"@type\":\"SearchAction\",\"target\":{\"@type\":\"EntryPoint\",\"urlTemplate\":\"https:\/\/www.domtechnikpro.com\/?s={search_term_string}\"},\"query-input\":{\"@type\":\"PropertyValueSpecification\",\"valueRequired\":true,\"valueName\":\"search_term_string\"}}],\"inLanguage\":\"cs\"}]}<\/script>\n<!-- \/ Yoast SEO plugin. -->","yoast_head_json":{"title":"Must-Have Baumit PorBeton 20 kg -","robots":{"index":"index","follow":"follow","max-snippet":"max-snippet:-1","max-image-preview":"max-image-preview:large","max-video-preview":"max-video-preview:-1"},"canonical":"https:\/\/www.domtechnikpro.com\/index.php\/produkt\/must-have-baumit-porbeton-20-kg-10302\/","og_locale":"cs_CZ","og_type":"article","og_title":"Must-Have Baumit PorBeton 20 kg -","og_description":"Ur\u010den\u00e1 zejm\u00e9na k vyrovn\u00e1n\u00ed podlah, strop\u016f, pro tepeln\u011bizola\u010dn\u00ed anebo po\u017e\u00e1rn\u011b odoln\u00e9 vrstvy, z\u00e1sypy kleneb, stavebn\u00edch dutin anebo jako ochrana in\u017een\u00fdrsk\u00fdch s\u00edt\u00ed. Podklad mus\u00ed vyhovovat platn\u00fdm norm\u00e1m, mus\u00ed b\u00fdt pevn\u00fd, p\u0159im\u011b\u0159en\u011b such\u00fd, soudr\u017en\u00fd, bez uvol\u0148uj\u00edc\u00edch se \u010d\u00e1stic, zbaven\u00fd prachu a soln\u00fdch v\u00fdkv\u011bt\u016f. Mus\u00ed b\u00fdt dostate\u010dn\u011b drsn\u00fd, such\u00fd a rovnom\u011brn\u011b nas\u00e1kav\u00fd. &nbsp;","og_url":"https:\/\/www.domtechnikpro.com\/index.php\/produkt\/must-have-baumit-porbeton-20-kg-10302\/","og_image":[{"width":420,"height":377,"url":"https:\/\/www.domtechnikpro.com\/wp-content\/uploads\/2026\/SK0001504-CZ20260425-091813-0-1777079894-gall_1ddd272e-7088-459b-802a-e0230ef2364c3095-baumit-porbet.webp","type":"image\/webp"}],"twitter_card":"summary_large_image","schema":{"@context":"https:\/\/schema.org","@graph":[{"@type":"WebPage","@id":"https:\/\/www.domtechnikpro.com\/index.php\/produkt\/must-have-baumit-porbeton-20-kg-10302\/","url":"https:\/\/www.domtechnikpro.com\/index.php\/produkt\/must-have-baumit-porbeton-20-kg-10302\/","name":"Must-Have Baumit PorBeton 20 kg -","isPartOf":{"@id":"https:\/\/www.domtechnikpro.com\/#website"},"primaryImageOfPage":{"@id":"https:\/\/www.domtechnikpro.com\/index.php\/produkt\/must-have-baumit-porbeton-20-kg-10302\/#primaryimage"},"image":{"@id":"https:\/\/www.domtechnikpro.com\/index.php\/produkt\/must-have-baumit-porbeton-20-kg-10302\/#primaryimage"},"thumbnailUrl":"https:\/\/www.domtechnikpro.com\/wp-content\/uploads\/2026\/SK0001504-CZ20260425-091813-0-1777079894-gall_1ddd272e-7088-459b-802a-e0230ef2364c3095-baumit-porbet.webp","datePublished":"2026-04-26T08:53:00+00:00","breadcrumb":{"@id":"https:\/\/www.domtechnikpro.com\/index.php\/produkt\/must-have-baumit-porbeton-20-kg-10302\/#breadcrumb"},"inLanguage":"cs","potentialAction":[{"@type":"ReadAction","target":["https:\/\/www.domtechnikpro.com\/index.php\/produkt\/must-have-baumit-porbeton-20-kg-10302\/"]}]},{"@type":"ImageObject","inLanguage":"cs","@id":"https:\/\/www.domtechnikpro.com\/index.php\/produkt\/must-have-baumit-porbeton-20-kg-10302\/#primaryimage","url":"https:\/\/www.domtechnikpro.com\/wp-content\/uploads\/2026\/SK0001504-CZ20260425-091813-0-1777079894-gall_1ddd272e-7088-459b-802a-e0230ef2364c3095-baumit-porbet.webp","contentUrl":"https:\/\/www.domtechnikpro.com\/wp-content\/uploads\/2026\/SK0001504-CZ20260425-091813-0-1777079894-gall_1ddd272e-7088-459b-802a-e0230ef2364c3095-baumit-porbet.webp","width":420,"height":377},{"@type":"BreadcrumbList","@id":"https:\/\/www.domtechnikpro.com\/index.php\/produkt\/must-have-baumit-porbeton-20-kg-10302\/#breadcrumb","itemListElement":[{"@type":"ListItem","position":1,"name":"Home","item":"https:\/\/www.domtechnikpro.com\/"},{"@type":"ListItem","position":2,"name":"Products","item":"https:\/\/www.domtechnikpro.com\/index.php\/products\/"},{"@type":"ListItem","position":3,"name":"Must-Have Baumit PorBeton 20 kg"}]},{"@type":"WebSite","@id":"https:\/\/www.domtechnikpro.com\/#website","url":"https:\/\/www.domtechnikpro.com\/","name":"","description":"","potentialAction":[{"@type":"SearchAction","target":{"@type":"EntryPoint","urlTemplate":"https:\/\/www.domtechnikpro.com\/?s={search_term_string}"},"query-input":{"@type":"PropertyValueSpecification","valueRequired":true,"valueName":"search_term_string"}}],"inLanguage":"cs"}]}},"_links":{"self":[{"href":"https:\/\/www.domtechnikpro.com\/index.php\/wp-json\/wp\/v2\/product\/10302","targetHints":{"allow":["GET"]}}],"collection":[{"href":"https:\/\/www.domtechnikpro.com\/index.php\/wp-json\/wp\/v2\/product"}],"about":[{"href":"https:\/\/www.domtechnikpro.com\/index.php\/wp-json\/wp\/v2\/types\/product"}],"replies":[{"embeddable":true,"href":"https:\/\/www.domtechnikpro.com\/index.php\/wp-json\/wp\/v2\/comments?post=10302"}],"wp:featuredmedia":[{"embeddable":true,"href":"https:\/\/www.domtechnikpro.com\/index.php\/wp-json\/wp\/v2\/media\/10402"}],"wp:attachment":[{"href":"https:\/\/www.domtechnikpro.com\/index.php\/wp-json\/wp\/v2\/media?parent=10302"}],"wp:term":[{"taxonomy":"product_brand","embeddable":true,"href":"https:\/\/www.domtechnikpro.com\/index.php\/wp-json\/wp\/v2\/product_brand?post=10302"},{"taxonomy":"product_cat","embeddable":true,"href":"https:\/\/www.domtechnikpro.com\/index.php\/wp-json\/wp\/v2\/product_cat?post=10302"},{"taxonomy":"product_tag","embeddable":true,"href":"https:\/\/www.domtechnikpro.com\/index.php\/wp-json\/wp\/v2\/product_tag?post=10302"}],"curies":[{"name":"wp","href":"https:\/\/api.w.org\/{rel}","templated":true}]}}