{"id":10163,"date":"2026-04-26T08:52:57","date_gmt":"2026-04-26T08:52:57","guid":{"rendered":""},"modified":"2026-04-26T08:52:57","modified_gmt":"2026-04-26T08:52:57","slug":"casove-omezene-baumit-mosaiktop-natural-line-m-340-babia-25-kg-10163","status":"publish","type":"product","link":"https:\/\/www.domtechnikpro.com\/index.php\/produkt\/casove-omezene-baumit-mosaiktop-natural-line-m-340-babia-25-kg-10163\/","title":{"rendered":"\u010casov\u011b Omezen\u00e9 Baumit MosaikTop &#8211; Natural line M 340 Babia 25 kg"},"content":{"rendered":"<div class=\"tmc_edt\">\n<ul>\n<li><font face=\"Segoe UI\">Vodoodpudiv\u00e1 tenkovrstv\u00e1 om\u00edtka ur\u010den\u00e1 do exteri\u00e9ru, mechanicky odoln\u00e1.<\/font><\/li>\n<p><font face=\"Segoe UI\"><\/font><\/p>\n<li><font face=\"Segoe UI\">Zejm\u00e9na vhodn\u00e1 jako kone\u010dn\u00e1 povrchov\u00e1 \u00faprava soklov\u00fdch parti\u00ed (tak\u00e9 v kontaktn\u00edch tepeln\u011b izola\u010dn\u00edch syst\u00e9mech Baumit).<\/font><\/li>\n<p><font face=\"Segoe UI\"><\/font><\/p>\n<li><font face=\"Segoe UI\"><strong>Podklad mus\u00ed vyhovovat platn\u00fdm norm\u00e1m<\/strong>, mus\u00ed b\u00fdt pevn\u00fd, bez uvol\u0148uj\u00edc\u00edch se \u010d\u00e1stic, zbaven\u00fd prachu, n\u00e1t\u011bru, zbytk\u016f odformovac\u00edch prost\u0159edk\u016f a soln\u00fdch v\u00fdkv\u011bt\u016f. Mus\u00ed b\u00fdt dostate\u010dn\u011b drsn\u00fd, such\u00fd a rovnom\u011brn\u011b nas\u00e1kav\u00fd.<\/font><\/li>\n<p><font face=\"Segoe UI\"><\/font><\/p>\n<li><font face=\"Segoe UI\"><strong>Vhodn\u00e1 na:<\/strong> V\u00e1penocementov\u00e9 a cementov\u00e9 om\u00edtky, beton a jin\u00e9 miner\u00e1ln\u00ed podklady.<\/font><\/li>\n<p><font face=\"Segoe UI\"><\/font><\/p>\n<li><font face=\"Segoe UI\"><strong>Podm\u00edn\u011bn\u011b vhodn\u00e1 na:<\/strong> Tepeln\u011b izola\u010dn\u00ed syst\u00e9my v oblasti soklu (zohlednit HBW).<\/font><\/li>\n<p><font face=\"Segoe UI\"><\/font><\/p>\n<li><font face=\"Segoe UI\"><strong>Nevhodn\u00e1 na:<\/strong> \u010cerstv\u00e9 v\u00e1penn\u00e9 om\u00edtky, tepeln\u011b izola\u010dn\u00ed om\u00edtky.<\/font><\/li>\n<\/ul>\n<p><font face=\"Segoe UI\"><\/font><\/p>\n<p align=\"left\"><font size=\"5\"><font size=\"3\"><font face=\"Segoe UI\"><font size=\"4\"><strong><font color=\"#ff8040\">Vyberte si z barevn\u00fdch odst\u00edn\u016f <\/font><\/strong><font color=\"#ff8040\"><strong><font color=\"#ff8000\">Baumit Life<\/font><\/strong><strong>!<\/strong><\/font><\/font><\/font><\/font><\/font><\/p>\n<\/p><\/div>\n<\/p><\/div>\n","protected":false},"excerpt":{"rendered":"<p>Vodoodpudiv\u00e1 tenkovrstv\u00e1 om\u00edtka ur\u010den\u00e1 do exteri\u00e9ru, mechanicky odoln\u00e1. Zejm\u00e9na vhodn\u00e1 jako kone\u010dn\u00e1 povrchov\u00e1 \u00faprava soklov\u00fdch parti\u00ed (tak\u00e9 v kontaktn\u00edch tepeln\u011b izola\u010dn\u00edch syst\u00e9mech Baumit). Podklad mus\u00ed vyhovovat platn\u00fdm norm\u00e1m, mus\u00ed b\u00fdt pevn\u00fd, bez uvol\u0148uj\u00edc\u00edch se \u010d\u00e1stic, zbaven\u00fd prachu, n\u00e1t\u011bru, zbytk\u016f odformovac\u00edch prost\u0159edk\u016f a soln\u00fdch v\u00fdkv\u011bt\u016f. Mus\u00ed b\u00fdt dostate\u010dn\u011b drsn\u00fd, such\u00fd a rovnom\u011brn\u011b nas\u00e1kav\u00fd. Vhodn\u00e1 na: V\u00e1penocementov\u00e9 [&hellip;]<\/p>\n","protected":false},"featured_media":10263,"comment_status":"open","ping_status":"open","template":"","meta":[],"product_brand":[],"product_cat":[60],"product_tag":[],"class_list":{"0":"post-10163","1":"product","2":"type-product","3":"status-publish","4":"has-post-thumbnail","6":"product_cat-fasady-a-izolace","8":"first","9":"instock","10":"sale","11":"shipping-taxable","12":"purchasable","13":"product-type-simple"},"yoast_head":"<!-- This site is optimized with the Yoast SEO plugin v26.8 - https:\/\/yoast.com\/product\/yoast-seo-wordpress\/ -->\n<title>\u010casov\u011b Omezen\u00e9 Baumit MosaikTop - Natural line M 340 Babia 25 kg -<\/title>\n<meta name=\"robots\" content=\"index, follow, max-snippet:-1, max-image-preview:large, max-video-preview:-1\" \/>\n<link rel=\"canonical\" href=\"https:\/\/www.domtechnikpro.com\/index.php\/produkt\/casove-omezene-baumit-mosaiktop-natural-line-m-340-babia-25-kg-10163\/\" \/>\n<meta property=\"og:locale\" content=\"cs_CZ\" \/>\n<meta property=\"og:type\" content=\"article\" \/>\n<meta property=\"og:title\" content=\"\u010casov\u011b Omezen\u00e9 Baumit MosaikTop - Natural line M 340 Babia 25 kg -\" \/>\n<meta property=\"og:description\" content=\"Vodoodpudiv\u00e1 tenkovrstv\u00e1 om\u00edtka ur\u010den\u00e1 do exteri\u00e9ru, mechanicky odoln\u00e1. Zejm\u00e9na vhodn\u00e1 jako kone\u010dn\u00e1 povrchov\u00e1 \u00faprava soklov\u00fdch parti\u00ed (tak\u00e9 v kontaktn\u00edch tepeln\u011b izola\u010dn\u00edch syst\u00e9mech Baumit). Podklad mus\u00ed vyhovovat platn\u00fdm norm\u00e1m, mus\u00ed b\u00fdt pevn\u00fd, bez uvol\u0148uj\u00edc\u00edch se \u010d\u00e1stic, zbaven\u00fd prachu, n\u00e1t\u011bru, zbytk\u016f odformovac\u00edch prost\u0159edk\u016f a soln\u00fdch v\u00fdkv\u011bt\u016f. Mus\u00ed b\u00fdt dostate\u010dn\u011b drsn\u00fd, such\u00fd a rovnom\u011brn\u011b nas\u00e1kav\u00fd. Vhodn\u00e1 na: V\u00e1penocementov\u00e9 [&hellip;]\" \/>\n<meta property=\"og:url\" content=\"https:\/\/www.domtechnikpro.com\/index.php\/produkt\/casove-omezene-baumit-mosaiktop-natural-line-m-340-babia-25-kg-10163\/\" \/>\n<meta property=\"og:image\" content=\"https:\/\/www.domtechnikpro.com\/wp-content\/uploads\/2026\/SK0001464-CZ20260425-091813-0-1777079894-gall_59ed3ed8-0f28-4312-9484-2788a57453173013-baumit-mosaik.webp\" \/>\n\t<meta property=\"og:image:width\" content=\"420\" \/>\n\t<meta property=\"og:image:height\" content=\"377\" \/>\n\t<meta property=\"og:image:type\" content=\"image\/webp\" \/>\n<meta name=\"twitter:card\" content=\"summary_large_image\" \/>\n<meta name=\"twitter:label1\" content=\"Odhadovan\u00e1 doba \u010dten\u00ed\" \/>\n\t<meta name=\"twitter:data1\" content=\"1 minuta\" \/>\n<script type=\"application\/ld+json\" class=\"yoast-schema-graph\">{\"@context\":\"https:\/\/schema.org\",\"@graph\":[{\"@type\":\"WebPage\",\"@id\":\"https:\/\/www.domtechnikpro.com\/index.php\/produkt\/casove-omezene-baumit-mosaiktop-natural-line-m-340-babia-25-kg-10163\/\",\"url\":\"https:\/\/www.domtechnikpro.com\/index.php\/produkt\/casove-omezene-baumit-mosaiktop-natural-line-m-340-babia-25-kg-10163\/\",\"name\":\"\u010casov\u011b Omezen\u00e9 Baumit MosaikTop - Natural line M 340 Babia 25 kg -\",\"isPartOf\":{\"@id\":\"https:\/\/www.domtechnikpro.com\/#website\"},\"primaryImageOfPage\":{\"@id\":\"https:\/\/www.domtechnikpro.com\/index.php\/produkt\/casove-omezene-baumit-mosaiktop-natural-line-m-340-babia-25-kg-10163\/#primaryimage\"},\"image\":{\"@id\":\"https:\/\/www.domtechnikpro.com\/index.php\/produkt\/casove-omezene-baumit-mosaiktop-natural-line-m-340-babia-25-kg-10163\/#primaryimage\"},\"thumbnailUrl\":\"https:\/\/www.domtechnikpro.com\/wp-content\/uploads\/2026\/SK0001464-CZ20260425-091813-0-1777079894-gall_59ed3ed8-0f28-4312-9484-2788a57453173013-baumit-mosaik.webp\",\"datePublished\":\"2026-04-26T08:52:57+00:00\",\"breadcrumb\":{\"@id\":\"https:\/\/www.domtechnikpro.com\/index.php\/produkt\/casove-omezene-baumit-mosaiktop-natural-line-m-340-babia-25-kg-10163\/#breadcrumb\"},\"inLanguage\":\"cs\",\"potentialAction\":[{\"@type\":\"ReadAction\",\"target\":[\"https:\/\/www.domtechnikpro.com\/index.php\/produkt\/casove-omezene-baumit-mosaiktop-natural-line-m-340-babia-25-kg-10163\/\"]}]},{\"@type\":\"ImageObject\",\"inLanguage\":\"cs\",\"@id\":\"https:\/\/www.domtechnikpro.com\/index.php\/produkt\/casove-omezene-baumit-mosaiktop-natural-line-m-340-babia-25-kg-10163\/#primaryimage\",\"url\":\"https:\/\/www.domtechnikpro.com\/wp-content\/uploads\/2026\/SK0001464-CZ20260425-091813-0-1777079894-gall_59ed3ed8-0f28-4312-9484-2788a57453173013-baumit-mosaik.webp\",\"contentUrl\":\"https:\/\/www.domtechnikpro.com\/wp-content\/uploads\/2026\/SK0001464-CZ20260425-091813-0-1777079894-gall_59ed3ed8-0f28-4312-9484-2788a57453173013-baumit-mosaik.webp\",\"width\":420,\"height\":377},{\"@type\":\"BreadcrumbList\",\"@id\":\"https:\/\/www.domtechnikpro.com\/index.php\/produkt\/casove-omezene-baumit-mosaiktop-natural-line-m-340-babia-25-kg-10163\/#breadcrumb\",\"itemListElement\":[{\"@type\":\"ListItem\",\"position\":1,\"name\":\"Home\",\"item\":\"https:\/\/www.domtechnikpro.com\/\"},{\"@type\":\"ListItem\",\"position\":2,\"name\":\"Products\",\"item\":\"https:\/\/www.domtechnikpro.com\/index.php\/products\/\"},{\"@type\":\"ListItem\",\"position\":3,\"name\":\"\u010casov\u011b Omezen\u00e9 Baumit MosaikTop &#8211; Natural line M 340 Babia 25 kg\"}]},{\"@type\":\"WebSite\",\"@id\":\"https:\/\/www.domtechnikpro.com\/#website\",\"url\":\"https:\/\/www.domtechnikpro.com\/\",\"name\":\"\",\"description\":\"\",\"potentialAction\":[{\"@type\":\"SearchAction\",\"target\":{\"@type\":\"EntryPoint\",\"urlTemplate\":\"https:\/\/www.domtechnikpro.com\/?s={search_term_string}\"},\"query-input\":{\"@type\":\"PropertyValueSpecification\",\"valueRequired\":true,\"valueName\":\"search_term_string\"}}],\"inLanguage\":\"cs\"}]}<\/script>\n<!-- \/ Yoast SEO plugin. -->","yoast_head_json":{"title":"\u010casov\u011b Omezen\u00e9 Baumit MosaikTop - Natural line M 340 Babia 25 kg -","robots":{"index":"index","follow":"follow","max-snippet":"max-snippet:-1","max-image-preview":"max-image-preview:large","max-video-preview":"max-video-preview:-1"},"canonical":"https:\/\/www.domtechnikpro.com\/index.php\/produkt\/casove-omezene-baumit-mosaiktop-natural-line-m-340-babia-25-kg-10163\/","og_locale":"cs_CZ","og_type":"article","og_title":"\u010casov\u011b Omezen\u00e9 Baumit MosaikTop - Natural line M 340 Babia 25 kg -","og_description":"Vodoodpudiv\u00e1 tenkovrstv\u00e1 om\u00edtka ur\u010den\u00e1 do exteri\u00e9ru, mechanicky odoln\u00e1. Zejm\u00e9na vhodn\u00e1 jako kone\u010dn\u00e1 povrchov\u00e1 \u00faprava soklov\u00fdch parti\u00ed (tak\u00e9 v kontaktn\u00edch tepeln\u011b izola\u010dn\u00edch syst\u00e9mech Baumit). Podklad mus\u00ed vyhovovat platn\u00fdm norm\u00e1m, mus\u00ed b\u00fdt pevn\u00fd, bez uvol\u0148uj\u00edc\u00edch se \u010d\u00e1stic, zbaven\u00fd prachu, n\u00e1t\u011bru, zbytk\u016f odformovac\u00edch prost\u0159edk\u016f a soln\u00fdch v\u00fdkv\u011bt\u016f. Mus\u00ed b\u00fdt dostate\u010dn\u011b drsn\u00fd, such\u00fd a rovnom\u011brn\u011b nas\u00e1kav\u00fd. Vhodn\u00e1 na: V\u00e1penocementov\u00e9 [&hellip;]","og_url":"https:\/\/www.domtechnikpro.com\/index.php\/produkt\/casove-omezene-baumit-mosaiktop-natural-line-m-340-babia-25-kg-10163\/","og_image":[{"width":420,"height":377,"url":"https:\/\/www.domtechnikpro.com\/wp-content\/uploads\/2026\/SK0001464-CZ20260425-091813-0-1777079894-gall_59ed3ed8-0f28-4312-9484-2788a57453173013-baumit-mosaik.webp","type":"image\/webp"}],"twitter_card":"summary_large_image","twitter_misc":{"Odhadovan\u00e1 doba \u010dten\u00ed":"1 minuta"},"schema":{"@context":"https:\/\/schema.org","@graph":[{"@type":"WebPage","@id":"https:\/\/www.domtechnikpro.com\/index.php\/produkt\/casove-omezene-baumit-mosaiktop-natural-line-m-340-babia-25-kg-10163\/","url":"https:\/\/www.domtechnikpro.com\/index.php\/produkt\/casove-omezene-baumit-mosaiktop-natural-line-m-340-babia-25-kg-10163\/","name":"\u010casov\u011b Omezen\u00e9 Baumit MosaikTop - Natural line M 340 Babia 25 kg -","isPartOf":{"@id":"https:\/\/www.domtechnikpro.com\/#website"},"primaryImageOfPage":{"@id":"https:\/\/www.domtechnikpro.com\/index.php\/produkt\/casove-omezene-baumit-mosaiktop-natural-line-m-340-babia-25-kg-10163\/#primaryimage"},"image":{"@id":"https:\/\/www.domtechnikpro.com\/index.php\/produkt\/casove-omezene-baumit-mosaiktop-natural-line-m-340-babia-25-kg-10163\/#primaryimage"},"thumbnailUrl":"https:\/\/www.domtechnikpro.com\/wp-content\/uploads\/2026\/SK0001464-CZ20260425-091813-0-1777079894-gall_59ed3ed8-0f28-4312-9484-2788a57453173013-baumit-mosaik.webp","datePublished":"2026-04-26T08:52:57+00:00","breadcrumb":{"@id":"https:\/\/www.domtechnikpro.com\/index.php\/produkt\/casove-omezene-baumit-mosaiktop-natural-line-m-340-babia-25-kg-10163\/#breadcrumb"},"inLanguage":"cs","potentialAction":[{"@type":"ReadAction","target":["https:\/\/www.domtechnikpro.com\/index.php\/produkt\/casove-omezene-baumit-mosaiktop-natural-line-m-340-babia-25-kg-10163\/"]}]},{"@type":"ImageObject","inLanguage":"cs","@id":"https:\/\/www.domtechnikpro.com\/index.php\/produkt\/casove-omezene-baumit-mosaiktop-natural-line-m-340-babia-25-kg-10163\/#primaryimage","url":"https:\/\/www.domtechnikpro.com\/wp-content\/uploads\/2026\/SK0001464-CZ20260425-091813-0-1777079894-gall_59ed3ed8-0f28-4312-9484-2788a57453173013-baumit-mosaik.webp","contentUrl":"https:\/\/www.domtechnikpro.com\/wp-content\/uploads\/2026\/SK0001464-CZ20260425-091813-0-1777079894-gall_59ed3ed8-0f28-4312-9484-2788a57453173013-baumit-mosaik.webp","width":420,"height":377},{"@type":"BreadcrumbList","@id":"https:\/\/www.domtechnikpro.com\/index.php\/produkt\/casove-omezene-baumit-mosaiktop-natural-line-m-340-babia-25-kg-10163\/#breadcrumb","itemListElement":[{"@type":"ListItem","position":1,"name":"Home","item":"https:\/\/www.domtechnikpro.com\/"},{"@type":"ListItem","position":2,"name":"Products","item":"https:\/\/www.domtechnikpro.com\/index.php\/products\/"},{"@type":"ListItem","position":3,"name":"\u010casov\u011b Omezen\u00e9 Baumit MosaikTop &#8211; Natural line M 340 Babia 25 kg"}]},{"@type":"WebSite","@id":"https:\/\/www.domtechnikpro.com\/#website","url":"https:\/\/www.domtechnikpro.com\/","name":"","description":"","potentialAction":[{"@type":"SearchAction","target":{"@type":"EntryPoint","urlTemplate":"https:\/\/www.domtechnikpro.com\/?s={search_term_string}"},"query-input":{"@type":"PropertyValueSpecification","valueRequired":true,"valueName":"search_term_string"}}],"inLanguage":"cs"}]}},"_links":{"self":[{"href":"https:\/\/www.domtechnikpro.com\/index.php\/wp-json\/wp\/v2\/product\/10163","targetHints":{"allow":["GET"]}}],"collection":[{"href":"https:\/\/www.domtechnikpro.com\/index.php\/wp-json\/wp\/v2\/product"}],"about":[{"href":"https:\/\/www.domtechnikpro.com\/index.php\/wp-json\/wp\/v2\/types\/product"}],"replies":[{"embeddable":true,"href":"https:\/\/www.domtechnikpro.com\/index.php\/wp-json\/wp\/v2\/comments?post=10163"}],"wp:featuredmedia":[{"embeddable":true,"href":"https:\/\/www.domtechnikpro.com\/index.php\/wp-json\/wp\/v2\/media\/10263"}],"wp:attachment":[{"href":"https:\/\/www.domtechnikpro.com\/index.php\/wp-json\/wp\/v2\/media?parent=10163"}],"wp:term":[{"taxonomy":"product_brand","embeddable":true,"href":"https:\/\/www.domtechnikpro.com\/index.php\/wp-json\/wp\/v2\/product_brand?post=10163"},{"taxonomy":"product_cat","embeddable":true,"href":"https:\/\/www.domtechnikpro.com\/index.php\/wp-json\/wp\/v2\/product_cat?post=10163"},{"taxonomy":"product_tag","embeddable":true,"href":"https:\/\/www.domtechnikpro.com\/index.php\/wp-json\/wp\/v2\/product_tag?post=10163"}],"curies":[{"name":"wp","href":"https:\/\/api.w.org\/{rel}","templated":true}]}}