{"id":10144,"date":"2026-04-26T08:52:57","date_gmt":"2026-04-26T08:52:57","guid":{"rendered":""},"modified":"2026-04-26T08:52:57","modified_gmt":"2026-04-26T08:52:57","slug":"baumit-mm-100-zdici-malta-100-vl-silo-finalni-vyprodej-10144","status":"publish","type":"product","link":"https:\/\/www.domtechnikpro.com\/index.php\/produkt\/baumit-mm-100-zdici-malta-100-vl-silo-finalni-vyprodej-10144\/","title":{"rendered":"Baumit MM 100 \/ Zdic\u00ed malta 100 VL (silo) Fin\u00e1ln\u00ed V\u00fdprodej"},"content":{"rendered":"<div class=\"tmc_edt\">\n<ul>\n<li><font face=\"Segoe UI\">Zdic\u00ed malta pro v\u0161echny druhy obvykl\u00fdch zdic\u00edch prvk\u016f, pro nosn\u00e9 st\u011bny, p\u0159\u00ed\u010dky a kom\u00ednov\u00e1 t\u011blesa.<\/font><\/li>\n<\/ul><\/div>\n<\/p><\/div>\n","protected":false},"excerpt":{"rendered":"<p>Zdic\u00ed malta pro v\u0161echny druhy obvykl\u00fdch zdic\u00edch prvk\u016f, pro nosn\u00e9 st\u011bny, p\u0159\u00ed\u010dky a kom\u00ednov\u00e1 t\u011blesa.<\/p>\n","protected":false},"featured_media":10244,"comment_status":"open","ping_status":"open","template":"","meta":[],"product_brand":[],"product_cat":[61],"product_tag":[],"class_list":{"0":"post-10144","1":"product","2":"type-product","3":"status-publish","4":"has-post-thumbnail","6":"product_cat-hruba-stavba","8":"first","9":"instock","10":"sale","11":"shipping-taxable","12":"purchasable","13":"product-type-simple"},"yoast_head":"<!-- This site is optimized with the Yoast SEO plugin v26.8 - https:\/\/yoast.com\/product\/yoast-seo-wordpress\/ -->\n<title>Baumit MM 100 \/ Zdic\u00ed malta 100 VL (silo) Fin\u00e1ln\u00ed V\u00fdprodej -<\/title>\n<meta name=\"robots\" content=\"index, follow, max-snippet:-1, max-image-preview:large, max-video-preview:-1\" \/>\n<link rel=\"canonical\" href=\"https:\/\/www.domtechnikpro.com\/index.php\/produkt\/baumit-mm-100-zdici-malta-100-vl-silo-finalni-vyprodej-10144\/\" \/>\n<meta property=\"og:locale\" content=\"cs_CZ\" \/>\n<meta property=\"og:type\" content=\"article\" \/>\n<meta property=\"og:title\" content=\"Baumit MM 100 \/ Zdic\u00ed malta 100 VL (silo) Fin\u00e1ln\u00ed V\u00fdprodej -\" \/>\n<meta property=\"og:description\" content=\"Zdic\u00ed malta pro v\u0161echny druhy obvykl\u00fdch zdic\u00edch prvk\u016f, pro nosn\u00e9 st\u011bny, p\u0159\u00ed\u010dky a kom\u00ednov\u00e1 t\u011blesa.\" \/>\n<meta property=\"og:url\" content=\"https:\/\/www.domtechnikpro.com\/index.php\/produkt\/baumit-mm-100-zdici-malta-100-vl-silo-finalni-vyprodej-10144\/\" \/>\n<meta property=\"og:image\" content=\"https:\/\/www.domtechnikpro.com\/wp-content\/uploads\/2026\/SK0001445-CZ20260425-091813-0-1777079894-gall_5745781b-cc6c-420f-98ed-37aba660c4882979-baumit-silo.j.webp\" \/>\n\t<meta property=\"og:image:width\" content=\"193\" \/>\n\t<meta property=\"og:image:height\" content=\"420\" \/>\n\t<meta property=\"og:image:type\" content=\"image\/webp\" \/>\n<meta name=\"twitter:card\" content=\"summary_large_image\" \/>\n<script type=\"application\/ld+json\" class=\"yoast-schema-graph\">{\"@context\":\"https:\/\/schema.org\",\"@graph\":[{\"@type\":\"WebPage\",\"@id\":\"https:\/\/www.domtechnikpro.com\/index.php\/produkt\/baumit-mm-100-zdici-malta-100-vl-silo-finalni-vyprodej-10144\/\",\"url\":\"https:\/\/www.domtechnikpro.com\/index.php\/produkt\/baumit-mm-100-zdici-malta-100-vl-silo-finalni-vyprodej-10144\/\",\"name\":\"Baumit MM 100 \/ Zdic\u00ed malta 100 VL (silo) Fin\u00e1ln\u00ed V\u00fdprodej -\",\"isPartOf\":{\"@id\":\"https:\/\/www.domtechnikpro.com\/#website\"},\"primaryImageOfPage\":{\"@id\":\"https:\/\/www.domtechnikpro.com\/index.php\/produkt\/baumit-mm-100-zdici-malta-100-vl-silo-finalni-vyprodej-10144\/#primaryimage\"},\"image\":{\"@id\":\"https:\/\/www.domtechnikpro.com\/index.php\/produkt\/baumit-mm-100-zdici-malta-100-vl-silo-finalni-vyprodej-10144\/#primaryimage\"},\"thumbnailUrl\":\"https:\/\/www.domtechnikpro.com\/wp-content\/uploads\/2026\/SK0001445-CZ20260425-091813-0-1777079894-gall_5745781b-cc6c-420f-98ed-37aba660c4882979-baumit-silo.j.webp\",\"datePublished\":\"2026-04-26T08:52:57+00:00\",\"breadcrumb\":{\"@id\":\"https:\/\/www.domtechnikpro.com\/index.php\/produkt\/baumit-mm-100-zdici-malta-100-vl-silo-finalni-vyprodej-10144\/#breadcrumb\"},\"inLanguage\":\"cs\",\"potentialAction\":[{\"@type\":\"ReadAction\",\"target\":[\"https:\/\/www.domtechnikpro.com\/index.php\/produkt\/baumit-mm-100-zdici-malta-100-vl-silo-finalni-vyprodej-10144\/\"]}]},{\"@type\":\"ImageObject\",\"inLanguage\":\"cs\",\"@id\":\"https:\/\/www.domtechnikpro.com\/index.php\/produkt\/baumit-mm-100-zdici-malta-100-vl-silo-finalni-vyprodej-10144\/#primaryimage\",\"url\":\"https:\/\/www.domtechnikpro.com\/wp-content\/uploads\/2026\/SK0001445-CZ20260425-091813-0-1777079894-gall_5745781b-cc6c-420f-98ed-37aba660c4882979-baumit-silo.j.webp\",\"contentUrl\":\"https:\/\/www.domtechnikpro.com\/wp-content\/uploads\/2026\/SK0001445-CZ20260425-091813-0-1777079894-gall_5745781b-cc6c-420f-98ed-37aba660c4882979-baumit-silo.j.webp\",\"width\":193,\"height\":420},{\"@type\":\"BreadcrumbList\",\"@id\":\"https:\/\/www.domtechnikpro.com\/index.php\/produkt\/baumit-mm-100-zdici-malta-100-vl-silo-finalni-vyprodej-10144\/#breadcrumb\",\"itemListElement\":[{\"@type\":\"ListItem\",\"position\":1,\"name\":\"Home\",\"item\":\"https:\/\/www.domtechnikpro.com\/\"},{\"@type\":\"ListItem\",\"position\":2,\"name\":\"Products\",\"item\":\"https:\/\/www.domtechnikpro.com\/index.php\/products\/\"},{\"@type\":\"ListItem\",\"position\":3,\"name\":\"Baumit MM 100 \/ Zdic\u00ed malta 100 VL (silo) Fin\u00e1ln\u00ed V\u00fdprodej\"}]},{\"@type\":\"WebSite\",\"@id\":\"https:\/\/www.domtechnikpro.com\/#website\",\"url\":\"https:\/\/www.domtechnikpro.com\/\",\"name\":\"\",\"description\":\"\",\"potentialAction\":[{\"@type\":\"SearchAction\",\"target\":{\"@type\":\"EntryPoint\",\"urlTemplate\":\"https:\/\/www.domtechnikpro.com\/?s={search_term_string}\"},\"query-input\":{\"@type\":\"PropertyValueSpecification\",\"valueRequired\":true,\"valueName\":\"search_term_string\"}}],\"inLanguage\":\"cs\"}]}<\/script>\n<!-- \/ Yoast SEO plugin. -->","yoast_head_json":{"title":"Baumit MM 100 \/ Zdic\u00ed malta 100 VL (silo) Fin\u00e1ln\u00ed V\u00fdprodej -","robots":{"index":"index","follow":"follow","max-snippet":"max-snippet:-1","max-image-preview":"max-image-preview:large","max-video-preview":"max-video-preview:-1"},"canonical":"https:\/\/www.domtechnikpro.com\/index.php\/produkt\/baumit-mm-100-zdici-malta-100-vl-silo-finalni-vyprodej-10144\/","og_locale":"cs_CZ","og_type":"article","og_title":"Baumit MM 100 \/ Zdic\u00ed malta 100 VL (silo) Fin\u00e1ln\u00ed V\u00fdprodej -","og_description":"Zdic\u00ed malta pro v\u0161echny druhy obvykl\u00fdch zdic\u00edch prvk\u016f, pro nosn\u00e9 st\u011bny, p\u0159\u00ed\u010dky a kom\u00ednov\u00e1 t\u011blesa.","og_url":"https:\/\/www.domtechnikpro.com\/index.php\/produkt\/baumit-mm-100-zdici-malta-100-vl-silo-finalni-vyprodej-10144\/","og_image":[{"width":193,"height":420,"url":"https:\/\/www.domtechnikpro.com\/wp-content\/uploads\/2026\/SK0001445-CZ20260425-091813-0-1777079894-gall_5745781b-cc6c-420f-98ed-37aba660c4882979-baumit-silo.j.webp","type":"image\/webp"}],"twitter_card":"summary_large_image","schema":{"@context":"https:\/\/schema.org","@graph":[{"@type":"WebPage","@id":"https:\/\/www.domtechnikpro.com\/index.php\/produkt\/baumit-mm-100-zdici-malta-100-vl-silo-finalni-vyprodej-10144\/","url":"https:\/\/www.domtechnikpro.com\/index.php\/produkt\/baumit-mm-100-zdici-malta-100-vl-silo-finalni-vyprodej-10144\/","name":"Baumit MM 100 \/ Zdic\u00ed malta 100 VL (silo) Fin\u00e1ln\u00ed V\u00fdprodej -","isPartOf":{"@id":"https:\/\/www.domtechnikpro.com\/#website"},"primaryImageOfPage":{"@id":"https:\/\/www.domtechnikpro.com\/index.php\/produkt\/baumit-mm-100-zdici-malta-100-vl-silo-finalni-vyprodej-10144\/#primaryimage"},"image":{"@id":"https:\/\/www.domtechnikpro.com\/index.php\/produkt\/baumit-mm-100-zdici-malta-100-vl-silo-finalni-vyprodej-10144\/#primaryimage"},"thumbnailUrl":"https:\/\/www.domtechnikpro.com\/wp-content\/uploads\/2026\/SK0001445-CZ20260425-091813-0-1777079894-gall_5745781b-cc6c-420f-98ed-37aba660c4882979-baumit-silo.j.webp","datePublished":"2026-04-26T08:52:57+00:00","breadcrumb":{"@id":"https:\/\/www.domtechnikpro.com\/index.php\/produkt\/baumit-mm-100-zdici-malta-100-vl-silo-finalni-vyprodej-10144\/#breadcrumb"},"inLanguage":"cs","potentialAction":[{"@type":"ReadAction","target":["https:\/\/www.domtechnikpro.com\/index.php\/produkt\/baumit-mm-100-zdici-malta-100-vl-silo-finalni-vyprodej-10144\/"]}]},{"@type":"ImageObject","inLanguage":"cs","@id":"https:\/\/www.domtechnikpro.com\/index.php\/produkt\/baumit-mm-100-zdici-malta-100-vl-silo-finalni-vyprodej-10144\/#primaryimage","url":"https:\/\/www.domtechnikpro.com\/wp-content\/uploads\/2026\/SK0001445-CZ20260425-091813-0-1777079894-gall_5745781b-cc6c-420f-98ed-37aba660c4882979-baumit-silo.j.webp","contentUrl":"https:\/\/www.domtechnikpro.com\/wp-content\/uploads\/2026\/SK0001445-CZ20260425-091813-0-1777079894-gall_5745781b-cc6c-420f-98ed-37aba660c4882979-baumit-silo.j.webp","width":193,"height":420},{"@type":"BreadcrumbList","@id":"https:\/\/www.domtechnikpro.com\/index.php\/produkt\/baumit-mm-100-zdici-malta-100-vl-silo-finalni-vyprodej-10144\/#breadcrumb","itemListElement":[{"@type":"ListItem","position":1,"name":"Home","item":"https:\/\/www.domtechnikpro.com\/"},{"@type":"ListItem","position":2,"name":"Products","item":"https:\/\/www.domtechnikpro.com\/index.php\/products\/"},{"@type":"ListItem","position":3,"name":"Baumit MM 100 \/ Zdic\u00ed malta 100 VL (silo) Fin\u00e1ln\u00ed V\u00fdprodej"}]},{"@type":"WebSite","@id":"https:\/\/www.domtechnikpro.com\/#website","url":"https:\/\/www.domtechnikpro.com\/","name":"","description":"","potentialAction":[{"@type":"SearchAction","target":{"@type":"EntryPoint","urlTemplate":"https:\/\/www.domtechnikpro.com\/?s={search_term_string}"},"query-input":{"@type":"PropertyValueSpecification","valueRequired":true,"valueName":"search_term_string"}}],"inLanguage":"cs"}]}},"_links":{"self":[{"href":"https:\/\/www.domtechnikpro.com\/index.php\/wp-json\/wp\/v2\/product\/10144","targetHints":{"allow":["GET"]}}],"collection":[{"href":"https:\/\/www.domtechnikpro.com\/index.php\/wp-json\/wp\/v2\/product"}],"about":[{"href":"https:\/\/www.domtechnikpro.com\/index.php\/wp-json\/wp\/v2\/types\/product"}],"replies":[{"embeddable":true,"href":"https:\/\/www.domtechnikpro.com\/index.php\/wp-json\/wp\/v2\/comments?post=10144"}],"wp:featuredmedia":[{"embeddable":true,"href":"https:\/\/www.domtechnikpro.com\/index.php\/wp-json\/wp\/v2\/media\/10244"}],"wp:attachment":[{"href":"https:\/\/www.domtechnikpro.com\/index.php\/wp-json\/wp\/v2\/media?parent=10144"}],"wp:term":[{"taxonomy":"product_brand","embeddable":true,"href":"https:\/\/www.domtechnikpro.com\/index.php\/wp-json\/wp\/v2\/product_brand?post=10144"},{"taxonomy":"product_cat","embeddable":true,"href":"https:\/\/www.domtechnikpro.com\/index.php\/wp-json\/wp\/v2\/product_cat?post=10144"},{"taxonomy":"product_tag","embeddable":true,"href":"https:\/\/www.domtechnikpro.com\/index.php\/wp-json\/wp\/v2\/product_tag?post=10144"}],"curies":[{"name":"wp","href":"https:\/\/api.w.org\/{rel}","templated":true}]}}