{"id":10136,"date":"2026-04-26T08:52:57","date_gmt":"2026-04-26T08:52:57","guid":{"rendered":""},"modified":"2026-04-26T08:52:57","modified_gmt":"2026-04-26T08:52:57","slug":"dokud-zasoby-vydrzi-baumit-baumacol-strap-plus-hydroizolacni-paska-50-m-10136","status":"publish","type":"product","link":"https:\/\/www.domtechnikpro.com\/index.php\/produkt\/dokud-zasoby-vydrzi-baumit-baumacol-strap-plus-hydroizolacni-paska-50-m-10136\/","title":{"rendered":"Dokud Z\u00e1soby Vydr\u017e\u00ed Baumit Baumacol Strap Plus \/ Hydroizola\u010dn\u00ed p\u00e1ska 50 m"},"content":{"rendered":"<div class=\"tmc_edt\">\n<ul>\n<li><font face=\"Segoe UI\">Umo\u017e\u0148uje snadn\u00e9 zapracov\u00e1n\u00ed do tekut\u00fdch hydroizola\u010dn\u00edch foli\u00ed, sou\u010d\u00e1st\u00ed syst\u00e9mu jsou i tvarovan\u00e9 komponenty pro ut\u011bsn\u011bn\u00ed vnit\u0159n\u00edch a vn\u011bj\u0161\u00edch roh\u016f. <\/font><\/li>\n<p><font face=\"Segoe UI\"><\/font><\/p>\n<li><font face=\"Segoe UI\">K trvanliv\u00e9mu ut\u011bsn\u011bn\u00ed p\u0159echodov\u00fdch sp\u00e1r, tj. styk\u016f st\u011bna x st\u011bna, st\u011bna x podlaha, k p\u0159emost\u011bn\u00ed a ut\u011bsn\u011bn\u00ed dilata\u010dn\u00edch, napojovac\u00edch a p\u0159echodov\u00fdch sp\u00e1r.<\/font><\/li>\n<p><font face=\"Segoe UI\"><\/font><\/p>\n<li><font face=\"Segoe UI\">Pou\u017eit\u00ed v interi\u00e9ru i exteri\u00e9ru. <\/font><\/li>\n<p><font face=\"Segoe UI\"><\/font><\/p>\n<li><font face=\"Segoe UI\"><strong>Podklad: <\/strong>Such\u00fd, pevn\u00fd, nosn\u00fd, tvarov\u011b stabiln\u00ed, nezmrzl\u00fd, bez prachu, ne\u010distot, olej\u016f, mastnot, tuk\u016f, v\u0161ech separa\u010dn\u00edch vrstev a voln\u00fdch \u010d\u00e1stic. <\/font><\/li>\n<\/ul><\/div>\n<\/p><\/div>\n","protected":false},"excerpt":{"rendered":"<p>Umo\u017e\u0148uje snadn\u00e9 zapracov\u00e1n\u00ed do tekut\u00fdch hydroizola\u010dn\u00edch foli\u00ed, sou\u010d\u00e1st\u00ed syst\u00e9mu jsou i tvarovan\u00e9 komponenty pro ut\u011bsn\u011bn\u00ed vnit\u0159n\u00edch a vn\u011bj\u0161\u00edch roh\u016f. K trvanliv\u00e9mu ut\u011bsn\u011bn\u00ed p\u0159echodov\u00fdch sp\u00e1r, tj. styk\u016f st\u011bna x st\u011bna, st\u011bna x podlaha, k p\u0159emost\u011bn\u00ed a ut\u011bsn\u011bn\u00ed dilata\u010dn\u00edch, napojovac\u00edch a p\u0159echodov\u00fdch sp\u00e1r. Pou\u017eit\u00ed v interi\u00e9ru i exteri\u00e9ru. Podklad: Such\u00fd, pevn\u00fd, nosn\u00fd, tvarov\u011b stabiln\u00ed, nezmrzl\u00fd, bez prachu, [&hellip;]<\/p>\n","protected":false},"featured_media":10236,"comment_status":"open","ping_status":"open","template":"","meta":[],"product_brand":[],"product_cat":[60],"product_tag":[],"class_list":{"0":"post-10136","1":"product","2":"type-product","3":"status-publish","4":"has-post-thumbnail","6":"product_cat-fasady-a-izolace","8":"first","9":"instock","10":"sale","11":"shipping-taxable","12":"purchasable","13":"product-type-simple"},"yoast_head":"<!-- This site is optimized with the Yoast SEO plugin v26.8 - https:\/\/yoast.com\/product\/yoast-seo-wordpress\/ -->\n<title>Dokud Z\u00e1soby Vydr\u017e\u00ed Baumit Baumacol Strap Plus \/ Hydroizola\u010dn\u00ed p\u00e1ska 50 m -<\/title>\n<meta name=\"robots\" content=\"index, follow, max-snippet:-1, max-image-preview:large, max-video-preview:-1\" \/>\n<link rel=\"canonical\" href=\"https:\/\/www.domtechnikpro.com\/index.php\/produkt\/dokud-zasoby-vydrzi-baumit-baumacol-strap-plus-hydroizolacni-paska-50-m-10136\/\" \/>\n<meta property=\"og:locale\" content=\"cs_CZ\" \/>\n<meta property=\"og:type\" content=\"article\" \/>\n<meta property=\"og:title\" content=\"Dokud Z\u00e1soby Vydr\u017e\u00ed Baumit Baumacol Strap Plus \/ Hydroizola\u010dn\u00ed p\u00e1ska 50 m -\" \/>\n<meta property=\"og:description\" content=\"Umo\u017e\u0148uje snadn\u00e9 zapracov\u00e1n\u00ed do tekut\u00fdch hydroizola\u010dn\u00edch foli\u00ed, sou\u010d\u00e1st\u00ed syst\u00e9mu jsou i tvarovan\u00e9 komponenty pro ut\u011bsn\u011bn\u00ed vnit\u0159n\u00edch a vn\u011bj\u0161\u00edch roh\u016f. K trvanliv\u00e9mu ut\u011bsn\u011bn\u00ed p\u0159echodov\u00fdch sp\u00e1r, tj. styk\u016f st\u011bna x st\u011bna, st\u011bna x podlaha, k p\u0159emost\u011bn\u00ed a ut\u011bsn\u011bn\u00ed dilata\u010dn\u00edch, napojovac\u00edch a p\u0159echodov\u00fdch sp\u00e1r. Pou\u017eit\u00ed v interi\u00e9ru i exteri\u00e9ru. Podklad: Such\u00fd, pevn\u00fd, nosn\u00fd, tvarov\u011b stabiln\u00ed, nezmrzl\u00fd, bez prachu, [&hellip;]\" \/>\n<meta property=\"og:url\" content=\"https:\/\/www.domtechnikpro.com\/index.php\/produkt\/dokud-zasoby-vydrzi-baumit-baumacol-strap-plus-hydroizolacni-paska-50-m-10136\/\" \/>\n<meta property=\"og:image\" content=\"https:\/\/www.domtechnikpro.com\/wp-content\/uploads\/2026\/SK0001437-CZ20260425-091813-0-1777079894-gall_9480f25f-078b-42d3-a919-b3dc7ac30a832965-baumit-hydroi.webp\" \/>\n\t<meta property=\"og:image:width\" content=\"420\" \/>\n\t<meta property=\"og:image:height\" content=\"377\" \/>\n\t<meta property=\"og:image:type\" content=\"image\/webp\" \/>\n<meta name=\"twitter:card\" content=\"summary_large_image\" \/>\n<meta name=\"twitter:label1\" content=\"Odhadovan\u00e1 doba \u010dten\u00ed\" \/>\n\t<meta name=\"twitter:data1\" content=\"1 minuta\" \/>\n<script type=\"application\/ld+json\" class=\"yoast-schema-graph\">{\"@context\":\"https:\/\/schema.org\",\"@graph\":[{\"@type\":\"WebPage\",\"@id\":\"https:\/\/www.domtechnikpro.com\/index.php\/produkt\/dokud-zasoby-vydrzi-baumit-baumacol-strap-plus-hydroizolacni-paska-50-m-10136\/\",\"url\":\"https:\/\/www.domtechnikpro.com\/index.php\/produkt\/dokud-zasoby-vydrzi-baumit-baumacol-strap-plus-hydroizolacni-paska-50-m-10136\/\",\"name\":\"Dokud Z\u00e1soby Vydr\u017e\u00ed Baumit Baumacol Strap Plus \/ Hydroizola\u010dn\u00ed p\u00e1ska 50 m -\",\"isPartOf\":{\"@id\":\"https:\/\/www.domtechnikpro.com\/#website\"},\"primaryImageOfPage\":{\"@id\":\"https:\/\/www.domtechnikpro.com\/index.php\/produkt\/dokud-zasoby-vydrzi-baumit-baumacol-strap-plus-hydroizolacni-paska-50-m-10136\/#primaryimage\"},\"image\":{\"@id\":\"https:\/\/www.domtechnikpro.com\/index.php\/produkt\/dokud-zasoby-vydrzi-baumit-baumacol-strap-plus-hydroizolacni-paska-50-m-10136\/#primaryimage\"},\"thumbnailUrl\":\"https:\/\/www.domtechnikpro.com\/wp-content\/uploads\/2026\/SK0001437-CZ20260425-091813-0-1777079894-gall_9480f25f-078b-42d3-a919-b3dc7ac30a832965-baumit-hydroi.webp\",\"datePublished\":\"2026-04-26T08:52:57+00:00\",\"breadcrumb\":{\"@id\":\"https:\/\/www.domtechnikpro.com\/index.php\/produkt\/dokud-zasoby-vydrzi-baumit-baumacol-strap-plus-hydroizolacni-paska-50-m-10136\/#breadcrumb\"},\"inLanguage\":\"cs\",\"potentialAction\":[{\"@type\":\"ReadAction\",\"target\":[\"https:\/\/www.domtechnikpro.com\/index.php\/produkt\/dokud-zasoby-vydrzi-baumit-baumacol-strap-plus-hydroizolacni-paska-50-m-10136\/\"]}]},{\"@type\":\"ImageObject\",\"inLanguage\":\"cs\",\"@id\":\"https:\/\/www.domtechnikpro.com\/index.php\/produkt\/dokud-zasoby-vydrzi-baumit-baumacol-strap-plus-hydroizolacni-paska-50-m-10136\/#primaryimage\",\"url\":\"https:\/\/www.domtechnikpro.com\/wp-content\/uploads\/2026\/SK0001437-CZ20260425-091813-0-1777079894-gall_9480f25f-078b-42d3-a919-b3dc7ac30a832965-baumit-hydroi.webp\",\"contentUrl\":\"https:\/\/www.domtechnikpro.com\/wp-content\/uploads\/2026\/SK0001437-CZ20260425-091813-0-1777079894-gall_9480f25f-078b-42d3-a919-b3dc7ac30a832965-baumit-hydroi.webp\",\"width\":420,\"height\":377},{\"@type\":\"BreadcrumbList\",\"@id\":\"https:\/\/www.domtechnikpro.com\/index.php\/produkt\/dokud-zasoby-vydrzi-baumit-baumacol-strap-plus-hydroizolacni-paska-50-m-10136\/#breadcrumb\",\"itemListElement\":[{\"@type\":\"ListItem\",\"position\":1,\"name\":\"Home\",\"item\":\"https:\/\/www.domtechnikpro.com\/\"},{\"@type\":\"ListItem\",\"position\":2,\"name\":\"Products\",\"item\":\"https:\/\/www.domtechnikpro.com\/index.php\/products\/\"},{\"@type\":\"ListItem\",\"position\":3,\"name\":\"Dokud Z\u00e1soby Vydr\u017e\u00ed Baumit Baumacol Strap Plus \/ Hydroizola\u010dn\u00ed p\u00e1ska 50 m\"}]},{\"@type\":\"WebSite\",\"@id\":\"https:\/\/www.domtechnikpro.com\/#website\",\"url\":\"https:\/\/www.domtechnikpro.com\/\",\"name\":\"\",\"description\":\"\",\"potentialAction\":[{\"@type\":\"SearchAction\",\"target\":{\"@type\":\"EntryPoint\",\"urlTemplate\":\"https:\/\/www.domtechnikpro.com\/?s={search_term_string}\"},\"query-input\":{\"@type\":\"PropertyValueSpecification\",\"valueRequired\":true,\"valueName\":\"search_term_string\"}}],\"inLanguage\":\"cs\"}]}<\/script>\n<!-- \/ Yoast SEO plugin. -->","yoast_head_json":{"title":"Dokud Z\u00e1soby Vydr\u017e\u00ed Baumit Baumacol Strap Plus \/ Hydroizola\u010dn\u00ed p\u00e1ska 50 m -","robots":{"index":"index","follow":"follow","max-snippet":"max-snippet:-1","max-image-preview":"max-image-preview:large","max-video-preview":"max-video-preview:-1"},"canonical":"https:\/\/www.domtechnikpro.com\/index.php\/produkt\/dokud-zasoby-vydrzi-baumit-baumacol-strap-plus-hydroizolacni-paska-50-m-10136\/","og_locale":"cs_CZ","og_type":"article","og_title":"Dokud Z\u00e1soby Vydr\u017e\u00ed Baumit Baumacol Strap Plus \/ Hydroizola\u010dn\u00ed p\u00e1ska 50 m -","og_description":"Umo\u017e\u0148uje snadn\u00e9 zapracov\u00e1n\u00ed do tekut\u00fdch hydroizola\u010dn\u00edch foli\u00ed, sou\u010d\u00e1st\u00ed syst\u00e9mu jsou i tvarovan\u00e9 komponenty pro ut\u011bsn\u011bn\u00ed vnit\u0159n\u00edch a vn\u011bj\u0161\u00edch roh\u016f. K trvanliv\u00e9mu ut\u011bsn\u011bn\u00ed p\u0159echodov\u00fdch sp\u00e1r, tj. styk\u016f st\u011bna x st\u011bna, st\u011bna x podlaha, k p\u0159emost\u011bn\u00ed a ut\u011bsn\u011bn\u00ed dilata\u010dn\u00edch, napojovac\u00edch a p\u0159echodov\u00fdch sp\u00e1r. Pou\u017eit\u00ed v interi\u00e9ru i exteri\u00e9ru. Podklad: Such\u00fd, pevn\u00fd, nosn\u00fd, tvarov\u011b stabiln\u00ed, nezmrzl\u00fd, bez prachu, [&hellip;]","og_url":"https:\/\/www.domtechnikpro.com\/index.php\/produkt\/dokud-zasoby-vydrzi-baumit-baumacol-strap-plus-hydroizolacni-paska-50-m-10136\/","og_image":[{"width":420,"height":377,"url":"https:\/\/www.domtechnikpro.com\/wp-content\/uploads\/2026\/SK0001437-CZ20260425-091813-0-1777079894-gall_9480f25f-078b-42d3-a919-b3dc7ac30a832965-baumit-hydroi.webp","type":"image\/webp"}],"twitter_card":"summary_large_image","twitter_misc":{"Odhadovan\u00e1 doba \u010dten\u00ed":"1 minuta"},"schema":{"@context":"https:\/\/schema.org","@graph":[{"@type":"WebPage","@id":"https:\/\/www.domtechnikpro.com\/index.php\/produkt\/dokud-zasoby-vydrzi-baumit-baumacol-strap-plus-hydroizolacni-paska-50-m-10136\/","url":"https:\/\/www.domtechnikpro.com\/index.php\/produkt\/dokud-zasoby-vydrzi-baumit-baumacol-strap-plus-hydroizolacni-paska-50-m-10136\/","name":"Dokud Z\u00e1soby Vydr\u017e\u00ed Baumit Baumacol Strap Plus \/ Hydroizola\u010dn\u00ed p\u00e1ska 50 m -","isPartOf":{"@id":"https:\/\/www.domtechnikpro.com\/#website"},"primaryImageOfPage":{"@id":"https:\/\/www.domtechnikpro.com\/index.php\/produkt\/dokud-zasoby-vydrzi-baumit-baumacol-strap-plus-hydroizolacni-paska-50-m-10136\/#primaryimage"},"image":{"@id":"https:\/\/www.domtechnikpro.com\/index.php\/produkt\/dokud-zasoby-vydrzi-baumit-baumacol-strap-plus-hydroizolacni-paska-50-m-10136\/#primaryimage"},"thumbnailUrl":"https:\/\/www.domtechnikpro.com\/wp-content\/uploads\/2026\/SK0001437-CZ20260425-091813-0-1777079894-gall_9480f25f-078b-42d3-a919-b3dc7ac30a832965-baumit-hydroi.webp","datePublished":"2026-04-26T08:52:57+00:00","breadcrumb":{"@id":"https:\/\/www.domtechnikpro.com\/index.php\/produkt\/dokud-zasoby-vydrzi-baumit-baumacol-strap-plus-hydroizolacni-paska-50-m-10136\/#breadcrumb"},"inLanguage":"cs","potentialAction":[{"@type":"ReadAction","target":["https:\/\/www.domtechnikpro.com\/index.php\/produkt\/dokud-zasoby-vydrzi-baumit-baumacol-strap-plus-hydroizolacni-paska-50-m-10136\/"]}]},{"@type":"ImageObject","inLanguage":"cs","@id":"https:\/\/www.domtechnikpro.com\/index.php\/produkt\/dokud-zasoby-vydrzi-baumit-baumacol-strap-plus-hydroizolacni-paska-50-m-10136\/#primaryimage","url":"https:\/\/www.domtechnikpro.com\/wp-content\/uploads\/2026\/SK0001437-CZ20260425-091813-0-1777079894-gall_9480f25f-078b-42d3-a919-b3dc7ac30a832965-baumit-hydroi.webp","contentUrl":"https:\/\/www.domtechnikpro.com\/wp-content\/uploads\/2026\/SK0001437-CZ20260425-091813-0-1777079894-gall_9480f25f-078b-42d3-a919-b3dc7ac30a832965-baumit-hydroi.webp","width":420,"height":377},{"@type":"BreadcrumbList","@id":"https:\/\/www.domtechnikpro.com\/index.php\/produkt\/dokud-zasoby-vydrzi-baumit-baumacol-strap-plus-hydroizolacni-paska-50-m-10136\/#breadcrumb","itemListElement":[{"@type":"ListItem","position":1,"name":"Home","item":"https:\/\/www.domtechnikpro.com\/"},{"@type":"ListItem","position":2,"name":"Products","item":"https:\/\/www.domtechnikpro.com\/index.php\/products\/"},{"@type":"ListItem","position":3,"name":"Dokud Z\u00e1soby Vydr\u017e\u00ed Baumit Baumacol Strap Plus \/ Hydroizola\u010dn\u00ed p\u00e1ska 50 m"}]},{"@type":"WebSite","@id":"https:\/\/www.domtechnikpro.com\/#website","url":"https:\/\/www.domtechnikpro.com\/","name":"","description":"","potentialAction":[{"@type":"SearchAction","target":{"@type":"EntryPoint","urlTemplate":"https:\/\/www.domtechnikpro.com\/?s={search_term_string}"},"query-input":{"@type":"PropertyValueSpecification","valueRequired":true,"valueName":"search_term_string"}}],"inLanguage":"cs"}]}},"_links":{"self":[{"href":"https:\/\/www.domtechnikpro.com\/index.php\/wp-json\/wp\/v2\/product\/10136","targetHints":{"allow":["GET"]}}],"collection":[{"href":"https:\/\/www.domtechnikpro.com\/index.php\/wp-json\/wp\/v2\/product"}],"about":[{"href":"https:\/\/www.domtechnikpro.com\/index.php\/wp-json\/wp\/v2\/types\/product"}],"replies":[{"embeddable":true,"href":"https:\/\/www.domtechnikpro.com\/index.php\/wp-json\/wp\/v2\/comments?post=10136"}],"wp:featuredmedia":[{"embeddable":true,"href":"https:\/\/www.domtechnikpro.com\/index.php\/wp-json\/wp\/v2\/media\/10236"}],"wp:attachment":[{"href":"https:\/\/www.domtechnikpro.com\/index.php\/wp-json\/wp\/v2\/media?parent=10136"}],"wp:term":[{"taxonomy":"product_brand","embeddable":true,"href":"https:\/\/www.domtechnikpro.com\/index.php\/wp-json\/wp\/v2\/product_brand?post=10136"},{"taxonomy":"product_cat","embeddable":true,"href":"https:\/\/www.domtechnikpro.com\/index.php\/wp-json\/wp\/v2\/product_cat?post=10136"},{"taxonomy":"product_tag","embeddable":true,"href":"https:\/\/www.domtechnikpro.com\/index.php\/wp-json\/wp\/v2\/product_tag?post=10136"}],"curies":[{"name":"wp","href":"https:\/\/api.w.org\/{rel}","templated":true}]}}