{"id":10133,"date":"2026-04-26T08:52:57","date_gmt":"2026-04-26T08:52:57","guid":{"rendered":""},"modified":"2026-04-26T08:52:57","modified_gmt":"2026-04-26T08:52:57","slug":"objednat-nyni-baumit-lasur-5-l-10133","status":"publish","type":"product","link":"https:\/\/www.domtechnikpro.com\/index.php\/produkt\/objednat-nyni-baumit-lasur-5-l-10133\/","title":{"rendered":"Objednat Nyn\u00ed Baumit Lasur 5 L"},"content":{"rendered":"<div class=\"tmc_edt\">\n<ul>\n<li><font face=\"Segoe UI\">Pro dekorativn\u00ed lazurn\u00ed ztv\u00e1rn\u011bn\u00ed povrch\u016f st\u011bn a podhled\u016f v exteri\u00e9ru. <\/font><\/li>\n<p><font face=\"Segoe UI\"><\/font><\/p>\n<li><font face=\"Segoe UI\"><strong>Podklad mus\u00ed vyhovovat platn\u00fdm norm\u00e1m<\/strong>, mus\u00ed b\u00fdt \u010dist\u00fd, such\u00fd, soudr\u017en\u00fd, \u00fanosn\u00fd, nezmrzl\u00fd, bez uvol\u0148uj\u00edc\u00edch se \u010d\u00e1stic, zbaven\u00fd prachu, n\u00e1t\u011bru, zbytk\u016f odformovac\u00edch prost\u0159edk\u016f a soln\u00fdch v\u00fdkv\u011bt\u016f. Mus\u00ed b\u00fdt dostate\u010dn\u011b drsn\u00fd, such\u00fd a rovnom\u011brn\u011b nas\u00e1kav\u00fd. Nesm\u00ed b\u00fdt vodoodpudiv\u00fd.<\/font><\/li>\n<p><font face=\"Segoe UI\"><\/font><\/p>\n<li><font face=\"Segoe UI\"><strong>Vhodn\u00e9 podklady:<\/strong> vyzr\u00e1l\u00e9 v\u00e1penocementov\u00e9 a cementov\u00e9 om\u00edtky s upraven\u00fdm povrchem \uf0a7 dob\u0159e soudr\u017en\u00e9 miner\u00e1ln\u00ed a silik\u00e1tov\u00e9 n\u00e1t\u011bry a om\u00edtky, dob\u0159e soudr\u017en\u00e9 silikonov\u00e9 n\u00e1t\u011bry a om\u00edtky, dob\u0159e soudr\u017en\u00e9 disperzn\u00ed n\u00e1t\u011bry a om\u00edtky<\/font><\/li>\n<p><font face=\"Segoe UI\"><\/font><\/p>\n<li><font face=\"Segoe UI\"><strong>Podm\u00edn\u011bn\u011b vhodn\u00e9 podklady:<\/strong> vyzr\u00e1l\u00e9 v\u00e1penocementov\u00e9 a cementov\u00e9 om\u00edtky s upraven\u00fdm povrchem<\/font><\/li>\n<p><font face=\"Segoe UI\"><\/font><\/p>\n<li><font face=\"Segoe UI\"><strong>Nevhodn\u00e9 podklady: <\/strong>plasty a syntetick\u00e9 prysky\u0159ice, lakov\u00e9 event. olejov\u00e9 n\u00e1t\u011bry a klihov\u00e9 barvy, d\u0159evo nebo kov.<\/font><\/li>\n<p><font face=\"Segoe UI\"><\/font><\/p>\n<li><font face=\"Segoe UI\">\u00daprava podkladu p\u0159ed nan\u00e1\u0161en\u00edm n\u00e1t\u011bru:&nbsp; siln\u011b anebo nerovnom\u011brn\u011b nas\u00e1kav\u00e9 povrchy upravit egaliza\u010dn\u00edm n\u00e1t\u011brem Baumit MultiPrimer, k\u0159\u00edduj\u00edc\u00ed, p\u0159\u00edp. p\u00edskuj\u00edc\u00ed povrchy zpevnit p\u0159\u00edpravkem Baumit ReCompact <\/font><\/li>\n<\/ul><\/div>\n<\/p><\/div>\n","protected":false},"excerpt":{"rendered":"<p>Pro dekorativn\u00ed lazurn\u00ed ztv\u00e1rn\u011bn\u00ed povrch\u016f st\u011bn a podhled\u016f v exteri\u00e9ru. Podklad mus\u00ed vyhovovat platn\u00fdm norm\u00e1m, mus\u00ed b\u00fdt \u010dist\u00fd, such\u00fd, soudr\u017en\u00fd, \u00fanosn\u00fd, nezmrzl\u00fd, bez uvol\u0148uj\u00edc\u00edch se \u010d\u00e1stic, zbaven\u00fd prachu, n\u00e1t\u011bru, zbytk\u016f odformovac\u00edch prost\u0159edk\u016f a soln\u00fdch v\u00fdkv\u011bt\u016f. Mus\u00ed b\u00fdt dostate\u010dn\u011b drsn\u00fd, such\u00fd a rovnom\u011brn\u011b nas\u00e1kav\u00fd. Nesm\u00ed b\u00fdt vodoodpudiv\u00fd. Vhodn\u00e9 podklady: vyzr\u00e1l\u00e9 v\u00e1penocementov\u00e9 a cementov\u00e9 om\u00edtky s upraven\u00fdm [&hellip;]<\/p>\n","protected":false},"featured_media":10233,"comment_status":"open","ping_status":"open","template":"","meta":[],"product_brand":[],"product_cat":[60],"product_tag":[],"class_list":{"0":"post-10133","1":"product","2":"type-product","3":"status-publish","4":"has-post-thumbnail","6":"product_cat-fasady-a-izolace","8":"first","9":"instock","10":"sale","11":"shipping-taxable","12":"purchasable","13":"product-type-simple"},"yoast_head":"<!-- This site is optimized with the Yoast SEO plugin v26.8 - https:\/\/yoast.com\/product\/yoast-seo-wordpress\/ -->\n<title>Objednat Nyn\u00ed Baumit Lasur 5 L -<\/title>\n<meta name=\"robots\" content=\"index, follow, max-snippet:-1, max-image-preview:large, max-video-preview:-1\" \/>\n<link rel=\"canonical\" href=\"https:\/\/www.domtechnikpro.com\/index.php\/produkt\/objednat-nyni-baumit-lasur-5-l-10133\/\" \/>\n<meta property=\"og:locale\" content=\"cs_CZ\" \/>\n<meta property=\"og:type\" content=\"article\" \/>\n<meta property=\"og:title\" content=\"Objednat Nyn\u00ed Baumit Lasur 5 L -\" \/>\n<meta property=\"og:description\" content=\"Pro dekorativn\u00ed lazurn\u00ed ztv\u00e1rn\u011bn\u00ed povrch\u016f st\u011bn a podhled\u016f v exteri\u00e9ru. Podklad mus\u00ed vyhovovat platn\u00fdm norm\u00e1m, mus\u00ed b\u00fdt \u010dist\u00fd, such\u00fd, soudr\u017en\u00fd, \u00fanosn\u00fd, nezmrzl\u00fd, bez uvol\u0148uj\u00edc\u00edch se \u010d\u00e1stic, zbaven\u00fd prachu, n\u00e1t\u011bru, zbytk\u016f odformovac\u00edch prost\u0159edk\u016f a soln\u00fdch v\u00fdkv\u011bt\u016f. Mus\u00ed b\u00fdt dostate\u010dn\u011b drsn\u00fd, such\u00fd a rovnom\u011brn\u011b nas\u00e1kav\u00fd. Nesm\u00ed b\u00fdt vodoodpudiv\u00fd. Vhodn\u00e9 podklady: vyzr\u00e1l\u00e9 v\u00e1penocementov\u00e9 a cementov\u00e9 om\u00edtky s upraven\u00fdm [&hellip;]\" \/>\n<meta property=\"og:url\" content=\"https:\/\/www.domtechnikpro.com\/index.php\/produkt\/objednat-nyni-baumit-lasur-5-l-10133\/\" \/>\n<meta property=\"og:image\" content=\"https:\/\/www.domtechnikpro.com\/wp-content\/uploads\/2026\/SK0001434-CZ20260425-091813-0-1777079894-gall_e87d6345-eb2c-4963-8066-d654728d78a12958-baumit-lasur..webp\" \/>\n\t<meta property=\"og:image:width\" content=\"420\" \/>\n\t<meta property=\"og:image:height\" content=\"377\" \/>\n\t<meta property=\"og:image:type\" content=\"image\/webp\" \/>\n<meta name=\"twitter:card\" content=\"summary_large_image\" \/>\n<meta name=\"twitter:label1\" content=\"Odhadovan\u00e1 doba \u010dten\u00ed\" \/>\n\t<meta name=\"twitter:data1\" content=\"1 minuta\" \/>\n<script type=\"application\/ld+json\" class=\"yoast-schema-graph\">{\"@context\":\"https:\/\/schema.org\",\"@graph\":[{\"@type\":\"WebPage\",\"@id\":\"https:\/\/www.domtechnikpro.com\/index.php\/produkt\/objednat-nyni-baumit-lasur-5-l-10133\/\",\"url\":\"https:\/\/www.domtechnikpro.com\/index.php\/produkt\/objednat-nyni-baumit-lasur-5-l-10133\/\",\"name\":\"Objednat Nyn\u00ed Baumit Lasur 5 L -\",\"isPartOf\":{\"@id\":\"https:\/\/www.domtechnikpro.com\/#website\"},\"primaryImageOfPage\":{\"@id\":\"https:\/\/www.domtechnikpro.com\/index.php\/produkt\/objednat-nyni-baumit-lasur-5-l-10133\/#primaryimage\"},\"image\":{\"@id\":\"https:\/\/www.domtechnikpro.com\/index.php\/produkt\/objednat-nyni-baumit-lasur-5-l-10133\/#primaryimage\"},\"thumbnailUrl\":\"https:\/\/www.domtechnikpro.com\/wp-content\/uploads\/2026\/SK0001434-CZ20260425-091813-0-1777079894-gall_e87d6345-eb2c-4963-8066-d654728d78a12958-baumit-lasur..webp\",\"datePublished\":\"2026-04-26T08:52:57+00:00\",\"breadcrumb\":{\"@id\":\"https:\/\/www.domtechnikpro.com\/index.php\/produkt\/objednat-nyni-baumit-lasur-5-l-10133\/#breadcrumb\"},\"inLanguage\":\"cs\",\"potentialAction\":[{\"@type\":\"ReadAction\",\"target\":[\"https:\/\/www.domtechnikpro.com\/index.php\/produkt\/objednat-nyni-baumit-lasur-5-l-10133\/\"]}]},{\"@type\":\"ImageObject\",\"inLanguage\":\"cs\",\"@id\":\"https:\/\/www.domtechnikpro.com\/index.php\/produkt\/objednat-nyni-baumit-lasur-5-l-10133\/#primaryimage\",\"url\":\"https:\/\/www.domtechnikpro.com\/wp-content\/uploads\/2026\/SK0001434-CZ20260425-091813-0-1777079894-gall_e87d6345-eb2c-4963-8066-d654728d78a12958-baumit-lasur..webp\",\"contentUrl\":\"https:\/\/www.domtechnikpro.com\/wp-content\/uploads\/2026\/SK0001434-CZ20260425-091813-0-1777079894-gall_e87d6345-eb2c-4963-8066-d654728d78a12958-baumit-lasur..webp\",\"width\":420,\"height\":377},{\"@type\":\"BreadcrumbList\",\"@id\":\"https:\/\/www.domtechnikpro.com\/index.php\/produkt\/objednat-nyni-baumit-lasur-5-l-10133\/#breadcrumb\",\"itemListElement\":[{\"@type\":\"ListItem\",\"position\":1,\"name\":\"Home\",\"item\":\"https:\/\/www.domtechnikpro.com\/\"},{\"@type\":\"ListItem\",\"position\":2,\"name\":\"Products\",\"item\":\"https:\/\/www.domtechnikpro.com\/index.php\/products\/\"},{\"@type\":\"ListItem\",\"position\":3,\"name\":\"Objednat Nyn\u00ed Baumit Lasur 5 L\"}]},{\"@type\":\"WebSite\",\"@id\":\"https:\/\/www.domtechnikpro.com\/#website\",\"url\":\"https:\/\/www.domtechnikpro.com\/\",\"name\":\"\",\"description\":\"\",\"potentialAction\":[{\"@type\":\"SearchAction\",\"target\":{\"@type\":\"EntryPoint\",\"urlTemplate\":\"https:\/\/www.domtechnikpro.com\/?s={search_term_string}\"},\"query-input\":{\"@type\":\"PropertyValueSpecification\",\"valueRequired\":true,\"valueName\":\"search_term_string\"}}],\"inLanguage\":\"cs\"}]}<\/script>\n<!-- \/ Yoast SEO plugin. -->","yoast_head_json":{"title":"Objednat Nyn\u00ed Baumit Lasur 5 L -","robots":{"index":"index","follow":"follow","max-snippet":"max-snippet:-1","max-image-preview":"max-image-preview:large","max-video-preview":"max-video-preview:-1"},"canonical":"https:\/\/www.domtechnikpro.com\/index.php\/produkt\/objednat-nyni-baumit-lasur-5-l-10133\/","og_locale":"cs_CZ","og_type":"article","og_title":"Objednat Nyn\u00ed Baumit Lasur 5 L -","og_description":"Pro dekorativn\u00ed lazurn\u00ed ztv\u00e1rn\u011bn\u00ed povrch\u016f st\u011bn a podhled\u016f v exteri\u00e9ru. Podklad mus\u00ed vyhovovat platn\u00fdm norm\u00e1m, mus\u00ed b\u00fdt \u010dist\u00fd, such\u00fd, soudr\u017en\u00fd, \u00fanosn\u00fd, nezmrzl\u00fd, bez uvol\u0148uj\u00edc\u00edch se \u010d\u00e1stic, zbaven\u00fd prachu, n\u00e1t\u011bru, zbytk\u016f odformovac\u00edch prost\u0159edk\u016f a soln\u00fdch v\u00fdkv\u011bt\u016f. Mus\u00ed b\u00fdt dostate\u010dn\u011b drsn\u00fd, such\u00fd a rovnom\u011brn\u011b nas\u00e1kav\u00fd. Nesm\u00ed b\u00fdt vodoodpudiv\u00fd. Vhodn\u00e9 podklady: vyzr\u00e1l\u00e9 v\u00e1penocementov\u00e9 a cementov\u00e9 om\u00edtky s upraven\u00fdm [&hellip;]","og_url":"https:\/\/www.domtechnikpro.com\/index.php\/produkt\/objednat-nyni-baumit-lasur-5-l-10133\/","og_image":[{"width":420,"height":377,"url":"https:\/\/www.domtechnikpro.com\/wp-content\/uploads\/2026\/SK0001434-CZ20260425-091813-0-1777079894-gall_e87d6345-eb2c-4963-8066-d654728d78a12958-baumit-lasur..webp","type":"image\/webp"}],"twitter_card":"summary_large_image","twitter_misc":{"Odhadovan\u00e1 doba \u010dten\u00ed":"1 minuta"},"schema":{"@context":"https:\/\/schema.org","@graph":[{"@type":"WebPage","@id":"https:\/\/www.domtechnikpro.com\/index.php\/produkt\/objednat-nyni-baumit-lasur-5-l-10133\/","url":"https:\/\/www.domtechnikpro.com\/index.php\/produkt\/objednat-nyni-baumit-lasur-5-l-10133\/","name":"Objednat Nyn\u00ed Baumit Lasur 5 L -","isPartOf":{"@id":"https:\/\/www.domtechnikpro.com\/#website"},"primaryImageOfPage":{"@id":"https:\/\/www.domtechnikpro.com\/index.php\/produkt\/objednat-nyni-baumit-lasur-5-l-10133\/#primaryimage"},"image":{"@id":"https:\/\/www.domtechnikpro.com\/index.php\/produkt\/objednat-nyni-baumit-lasur-5-l-10133\/#primaryimage"},"thumbnailUrl":"https:\/\/www.domtechnikpro.com\/wp-content\/uploads\/2026\/SK0001434-CZ20260425-091813-0-1777079894-gall_e87d6345-eb2c-4963-8066-d654728d78a12958-baumit-lasur..webp","datePublished":"2026-04-26T08:52:57+00:00","breadcrumb":{"@id":"https:\/\/www.domtechnikpro.com\/index.php\/produkt\/objednat-nyni-baumit-lasur-5-l-10133\/#breadcrumb"},"inLanguage":"cs","potentialAction":[{"@type":"ReadAction","target":["https:\/\/www.domtechnikpro.com\/index.php\/produkt\/objednat-nyni-baumit-lasur-5-l-10133\/"]}]},{"@type":"ImageObject","inLanguage":"cs","@id":"https:\/\/www.domtechnikpro.com\/index.php\/produkt\/objednat-nyni-baumit-lasur-5-l-10133\/#primaryimage","url":"https:\/\/www.domtechnikpro.com\/wp-content\/uploads\/2026\/SK0001434-CZ20260425-091813-0-1777079894-gall_e87d6345-eb2c-4963-8066-d654728d78a12958-baumit-lasur..webp","contentUrl":"https:\/\/www.domtechnikpro.com\/wp-content\/uploads\/2026\/SK0001434-CZ20260425-091813-0-1777079894-gall_e87d6345-eb2c-4963-8066-d654728d78a12958-baumit-lasur..webp","width":420,"height":377},{"@type":"BreadcrumbList","@id":"https:\/\/www.domtechnikpro.com\/index.php\/produkt\/objednat-nyni-baumit-lasur-5-l-10133\/#breadcrumb","itemListElement":[{"@type":"ListItem","position":1,"name":"Home","item":"https:\/\/www.domtechnikpro.com\/"},{"@type":"ListItem","position":2,"name":"Products","item":"https:\/\/www.domtechnikpro.com\/index.php\/products\/"},{"@type":"ListItem","position":3,"name":"Objednat Nyn\u00ed Baumit Lasur 5 L"}]},{"@type":"WebSite","@id":"https:\/\/www.domtechnikpro.com\/#website","url":"https:\/\/www.domtechnikpro.com\/","name":"","description":"","potentialAction":[{"@type":"SearchAction","target":{"@type":"EntryPoint","urlTemplate":"https:\/\/www.domtechnikpro.com\/?s={search_term_string}"},"query-input":{"@type":"PropertyValueSpecification","valueRequired":true,"valueName":"search_term_string"}}],"inLanguage":"cs"}]}},"_links":{"self":[{"href":"https:\/\/www.domtechnikpro.com\/index.php\/wp-json\/wp\/v2\/product\/10133","targetHints":{"allow":["GET"]}}],"collection":[{"href":"https:\/\/www.domtechnikpro.com\/index.php\/wp-json\/wp\/v2\/product"}],"about":[{"href":"https:\/\/www.domtechnikpro.com\/index.php\/wp-json\/wp\/v2\/types\/product"}],"replies":[{"embeddable":true,"href":"https:\/\/www.domtechnikpro.com\/index.php\/wp-json\/wp\/v2\/comments?post=10133"}],"wp:featuredmedia":[{"embeddable":true,"href":"https:\/\/www.domtechnikpro.com\/index.php\/wp-json\/wp\/v2\/media\/10233"}],"wp:attachment":[{"href":"https:\/\/www.domtechnikpro.com\/index.php\/wp-json\/wp\/v2\/media?parent=10133"}],"wp:term":[{"taxonomy":"product_brand","embeddable":true,"href":"https:\/\/www.domtechnikpro.com\/index.php\/wp-json\/wp\/v2\/product_brand?post=10133"},{"taxonomy":"product_cat","embeddable":true,"href":"https:\/\/www.domtechnikpro.com\/index.php\/wp-json\/wp\/v2\/product_cat?post=10133"},{"taxonomy":"product_tag","embeddable":true,"href":"https:\/\/www.domtechnikpro.com\/index.php\/wp-json\/wp\/v2\/product_tag?post=10133"}],"curies":[{"name":"wp","href":"https:\/\/api.w.org\/{rel}","templated":true}]}}